{"id":8133,"date":"2025-06-25T14:48:49","date_gmt":"2025-06-25T12:48:49","guid":{"rendered":"https:\/\/paiqo.com\/fabcon25\/"},"modified":"2025-09-01T10:28:16","modified_gmt":"2025-09-01T08:28:16","slug":"fabcon25","status":"publish","type":"page","link":"https:\/\/paiqo.com\/ch\/events\/fabcon25\/","title":{"rendered":"paiqo auf der FabCon25 in Wien"},"content":{"rendered":"\t\t<div data-elementor-type=\"wp-page\" data-elementor-id=\"8133\" class=\"elementor elementor-8133 elementor-8087\" data-elementor-post-type=\"page\">\n\t\t\t\t\t\t<section class=\"elementor-section elementor-top-section elementor-element elementor-element-8ff614f elementor-section-full_width elementor-section-height-min-height elementor-section-height-default elementor-section-items-middle\" data-id=\"8ff614f\" data-element_type=\"section\" data-e-type=\"section\" data-settings=\"{&quot;jet_parallax_layout_list&quot;:[],&quot;background_background&quot;:&quot;classic&quot;}\">\n\t\t\t\t\t\t<div class=\"elementor-container elementor-column-gap-default\">\n\t\t\t\t\t<div class=\"elementor-column elementor-col-100 elementor-top-column elementor-element elementor-element-fa71d25\" data-id=\"fa71d25\" data-element_type=\"column\" data-e-type=\"column\">\n\t\t\t<div class=\"elementor-widget-wrap elementor-element-populated\">\n\t\t\t\t\t\t<div class=\"elementor-element elementor-element-fee2191 elementor-widget elementor-widget-spacer\" data-id=\"fee2191\" data-element_type=\"widget\" data-e-type=\"widget\" data-widget_type=\"spacer.default\">\n\t\t\t\t<div class=\"elementor-widget-container\">\n\t\t\t\t\t\t\t<div class=\"elementor-spacer\">\n\t\t\t<div class=\"elementor-spacer-inner\"><\/div>\n\t\t<\/div>\n\t\t\t\t\t\t<\/div>\n\t\t\t\t<\/div>\n\t\t\t\t\t<\/div>\n\t\t<\/div>\n\t\t\t\t\t<\/div>\n\t\t<\/section>\n\t\t\t\t<section class=\"elementor-section elementor-top-section elementor-element elementor-element-d363aec elementor-section-full_width elementor-section-height-default elementor-section-height-default\" data-id=\"d363aec\" data-element_type=\"section\" data-e-type=\"section\" data-settings=\"{&quot;jet_parallax_layout_list&quot;:[]}\">\n\t\t\t\t\t\t<div class=\"elementor-container elementor-column-gap-default\">\n\t\t\t\t\t<div class=\"elementor-column elementor-col-100 elementor-top-column elementor-element elementor-element-33ad683\" data-id=\"33ad683\" data-element_type=\"column\" data-e-type=\"column\">\n\t\t\t<div class=\"elementor-widget-wrap elementor-element-populated\">\n\t\t\t\t\t\t<div class=\"elementor-element elementor-element-89daa48 elementor-widget elementor-widget-text-editor\" data-id=\"89daa48\" data-element_type=\"widget\" data-e-type=\"widget\" data-widget_type=\"text-editor.default\">\n\t\t\t\t<div class=\"elementor-widget-container\">\n\t\t\t\t\t\t\t\t\t<h2>15.\u201318. September 2025 | Wien<\/h2>\n\t\t\t\t\t\t\t\t<\/div>\n\t\t\t\t<\/div>\n\t\t\t\t\t<\/div>\n\t\t<\/div>\n\t\t\t\t\t<\/div>\n\t\t<\/section>\n\t\t\t\t<section class=\"elementor-section elementor-top-section elementor-element elementor-element-35bd8f1 elementor-section-boxed elementor-section-height-default elementor-section-height-default\" data-id=\"35bd8f1\" data-element_type=\"section\" data-e-type=\"section\" data-settings=\"{&quot;jet_parallax_layout_list&quot;:[]}\">\n\t\t\t\t\t\t<div class=\"elementor-container elementor-column-gap-default\">\n\t\t\t\t\t<div class=\"elementor-column elementor-col-100 elementor-top-column elementor-element elementor-element-26b5ace\" data-id=\"26b5ace\" data-element_type=\"column\" data-e-type=\"column\">\n\t\t\t<div class=\"elementor-widget-wrap elementor-element-populated\">\n\t\t\t\t\t\t<div class=\"elementor-element elementor-element-e58590a elementor-widget elementor-widget-text-editor\" data-id=\"e58590a\" data-element_type=\"widget\" data-e-type=\"widget\" data-widget_type=\"text-editor.default\">\n\t\t\t\t<div class=\"elementor-widget-container\">\n\t\t\t\t\t\t\t\t\t<p data-start=\"246\" data-end=\"436\">Besuchen Sie uns auf der <strong data-start=\"271\" data-end=\"332\">European Microsoft Fabric Community Conference (FabCon25)<\/strong> \u2013 dem gr\u00f6ssten europ\u00e4ischen Event rund um <strong data-start=\"374\" data-end=\"394\">Microsoft Fabric<\/strong>, <strong data-start=\"396\" data-end=\"408\">Power BI<\/strong>, <strong data-start=\"410\" data-end=\"424\">Azure\u00a0<\/strong>und <strong data-start=\"429\" data-end=\"435\">AI<\/strong>.<\/p>\n<p data-start=\"438\" data-end=\"711\">Erfahren Sie am paiqo-Stand, wie moderne Datenarchitekturen mit <strong data-start=\"502\" data-end=\"512\">Fabric<\/strong> und <strong data-start=\"530\" data-end=\"557\">KI-gest\u00fctzten Prozessen<\/strong> erfolgreich umgesetzt werden. Wir zeigen praxisnahe L\u00f6sungen, spannende Live-Demos und stehen f\u00fcr individuelle Fragen rund um Ihre Datenstrategie bereit.<\/p>\n<p data-start=\"713\" data-end=\"802\">\ud83d\udccd <strong data-start=\"716\" data-end=\"741\">Austria Center Vienna<\/strong><br data-start=\"741\" data-end=\"744\" \/><strong data-start=\"744\" data-end=\"767\">Halle X5, Stand #47<\/strong><br data-start=\"767\" data-end=\"770\" \/>Bruno-Kreisky-Platz 1, 1220 Wien<\/p>\n<p data-start=\"713\" data-end=\"802\">\ud83d\udc49 <strong data-start=\"719\" data-end=\"744\">Jetzt Ticket sichern:<\/strong><\/p>\n<p data-start=\"716\" data-end=\"884\"><a class=\"\" href=\"https:\/\/www.sharepointeurope.com\/european-microsoft-fabric-community-conference-tickets\/\" target=\"_new\" rel=\"noopener\" data-start=\"747\" data-end=\"884\">Sichern Sie sich Ihren Platz auf der FABCON25<\/a><\/p>\n<p data-start=\"886\" data-end=\"951\" data-is-last-node=\"\" data-is-only-node=\"\"><strong data-start=\"886\" data-end=\"951\" data-is-last-node=\"\">Wir freuen uns auf Ihren Besuch \u2013 bei paiqo auf der FabCon25!<\/strong><\/p>\n\t\t\t\t\t\t\t\t<\/div>\n\t\t\t\t<\/div>\n\t\t\t\t<div class=\"elementor-element elementor-element-de48b6f elementor-widget elementor-widget-html\" data-id=\"de48b6f\" data-element_type=\"widget\" data-e-type=\"widget\" data-widget_type=\"html.default\">\n\t\t\t\t<div class=\"elementor-widget-container\">\n\t\t\t\t\t<div style=\"text-align: center; margin-top: 50px;\">\n    <div style=\"position: relative; display: inline-block;\">\n        <img decoding=\"async\" src=\"https:\/\/paiqo.com\/wp-content\/uploads\/2025\/06\/EMFCC25_Master_SponsorShareGraphic_Aug24_EmailSignature24-scaled.png\" width=\"1000\" alt=\"Event-Bild\">\n        <a href=\"https:\/\/www.sharepointeurope.com\/european-microsoft-fabric-community-conference-tickets\/\" target=\"_blank\" \n           style=\"position: absolute; top: 0; left: 0; width: 100%; height: 100%; display: block; z-index: 1;\"><\/a>\n    <\/div>\n<\/div>\n\t\t\t\t<\/div>\n\t\t\t\t<\/div>\n\t\t\t\t<div class=\"elementor-element elementor-element-8dae7a3 elementor-widget elementor-widget-spacer\" data-id=\"8dae7a3\" data-element_type=\"widget\" data-e-type=\"widget\" data-widget_type=\"spacer.default\">\n\t\t\t\t<div class=\"elementor-widget-container\">\n\t\t\t\t\t\t\t<div class=\"elementor-spacer\">\n\t\t\t<div class=\"elementor-spacer-inner\"><\/div>\n\t\t<\/div>\n\t\t\t\t\t\t<\/div>\n\t\t\t\t<\/div>\n\t\t\t\t\t<\/div>\n\t\t<\/div>\n\t\t\t\t\t<\/div>\n\t\t<\/section>\n\t\t\t\t<\/div>\n\t\t","protected":false},"excerpt":{"rendered":"","protected":false},"author":4,"featured_media":8134,"parent":8186,"menu_order":0,"comment_status":"closed","ping_status":"closed","template":"elementor_header_footer","meta":{"footnotes":"","_wp_rev_ctl_limit":""},"categories":[],"class_list":["post-8133","page","type-page","status-publish","has-post-thumbnail","hentry"],"yoast_head":"<!-- This site is optimized with the Yoast SEO plugin v27.2 - https:\/\/yoast.com\/product\/yoast-seo-wordpress\/ -->\n<title>paiqo auf der FabCon25 in Wien<\/title>\n<meta name=\"description\" content=\"Besuchen Sie uns auf der European Microsoft Fabric Community Conference (FabCon25) \u2013 dem gr\u00f6\u00dften europ\u00e4ischen Event rund um Microsoft Fabric, Power BI, Azure und AI.\" \/>\n<meta name=\"robots\" content=\"index, follow, max-snippet:-1, max-image-preview:large, max-video-preview:-1\" \/>\n<link rel=\"canonical\" href=\"https:\/\/paiqo.com\/ch\/events\/fabcon25\/\" \/>\n<meta property=\"og:locale\" content=\"en_US\" \/>\n<meta property=\"og:type\" content=\"article\" \/>\n<meta property=\"og:title\" content=\"paiqo auf der FabCon25 in Wien\" \/>\n<meta property=\"og:description\" content=\"Besuchen Sie uns auf der European Microsoft Fabric Community Conference (FabCon25) \u2013 dem gr\u00f6\u00dften europ\u00e4ischen Event rund um Microsoft Fabric, Power BI, Azure und AI.\" \/>\n<meta property=\"og:url\" content=\"https:\/\/paiqo.com\/ch\/events\/fabcon25\/\" \/>\n<meta property=\"og:site_name\" content=\"paiqo\" \/>\n<meta property=\"article:modified_time\" content=\"2025-09-01T08:28:16+00:00\" \/>\n<meta property=\"og:image\" content=\"https:\/\/paiqo.com\/wp-content\/uploads\/2024\/03\/night-1-1024x405.png\" \/>\n\t<meta property=\"og:image:width\" content=\"1024\" \/>\n\t<meta property=\"og:image:height\" content=\"405\" \/>\n\t<meta property=\"og:image:type\" content=\"image\/png\" \/>\n<meta name=\"twitter:card\" content=\"summary_large_image\" \/>\n<meta name=\"twitter:label1\" content=\"Est. reading time\" \/>\n\t<meta name=\"twitter:data1\" content=\"1 minute\" \/>\n<script type=\"application\/ld+json\" class=\"yoast-schema-graph\">{\"@context\":\"https:\/\/schema.org\",\"@graph\":[{\"@type\":\"WebPage\",\"@id\":\"https:\/\/paiqo.com\/ch\/events\/fabcon25\/\",\"url\":\"https:\/\/paiqo.com\/ch\/events\/fabcon25\/\",\"name\":\"paiqo auf der FabCon25 in Wien\",\"isPartOf\":{\"@id\":\"https:\/\/paiqo.com\/ch\/#website\"},\"primaryImageOfPage\":{\"@id\":\"https:\/\/paiqo.com\/ch\/events\/fabcon25\/#primaryimage\"},\"image\":{\"@id\":\"https:\/\/paiqo.com\/ch\/events\/fabcon25\/#primaryimage\"},\"thumbnailUrl\":\"https:\/\/paiqo.com\/wp-content\/uploads\/2024\/03\/night-1.png\",\"datePublished\":\"2025-06-25T12:48:49+00:00\",\"dateModified\":\"2025-09-01T08:28:16+00:00\",\"description\":\"Besuchen Sie uns auf der European Microsoft Fabric Community Conference (FabCon25) \u2013 dem gr\u00f6\u00dften europ\u00e4ischen Event rund um Microsoft Fabric, Power BI, Azure und AI.\",\"breadcrumb\":{\"@id\":\"https:\/\/paiqo.com\/ch\/events\/fabcon25\/#breadcrumb\"},\"inLanguage\":\"ch-CH\",\"potentialAction\":[{\"@type\":\"ReadAction\",\"target\":[\"https:\/\/paiqo.com\/ch\/events\/fabcon25\/\"]}]},{\"@type\":\"ImageObject\",\"inLanguage\":\"ch-CH\",\"@id\":\"https:\/\/paiqo.com\/ch\/events\/fabcon25\/#primaryimage\",\"url\":\"https:\/\/paiqo.com\/wp-content\/uploads\/2024\/03\/night-1.png\",\"contentUrl\":\"https:\/\/paiqo.com\/wp-content\/uploads\/2024\/03\/night-1.png\",\"width\":2831,\"height\":1121},{\"@type\":\"BreadcrumbList\",\"@id\":\"https:\/\/paiqo.com\/ch\/events\/fabcon25\/#breadcrumb\",\"itemListElement\":[{\"@type\":\"ListItem\",\"position\":1,\"name\":\"Startseite\",\"item\":\"https:\/\/paiqo.com\/ch\/home\/\"},{\"@type\":\"ListItem\",\"position\":2,\"name\":\"Events\",\"item\":\"https:\/\/paiqo.com\/ch\/events\/\"},{\"@type\":\"ListItem\",\"position\":3,\"name\":\"paiqo auf der FabCon25 in Wien\"}]},{\"@type\":\"WebSite\",\"@id\":\"https:\/\/paiqo.com\/ch\/#website\",\"url\":\"https:\/\/paiqo.com\/ch\/\",\"name\":\"paiqo\",\"description\":\"The Platform &amp; AI Company\",\"publisher\":{\"@id\":\"https:\/\/paiqo.com\/ch\/#organization\"},\"potentialAction\":[{\"@type\":\"SearchAction\",\"target\":{\"@type\":\"EntryPoint\",\"urlTemplate\":\"https:\/\/paiqo.com\/ch\/?s={search_term_string}\"},\"query-input\":{\"@type\":\"PropertyValueSpecification\",\"valueRequired\":true,\"valueName\":\"search_term_string\"}}],\"inLanguage\":\"ch-CH\"},{\"@type\":\"Organization\",\"@id\":\"https:\/\/paiqo.com\/ch\/#organization\",\"name\":\"paiqo - The Platform & AI Company\",\"url\":\"https:\/\/paiqo.com\/ch\/\",\"logo\":{\"@type\":\"ImageObject\",\"inLanguage\":\"ch-CH\",\"@id\":\"https:\/\/paiqo.com\/ch\/#\/schema\/logo\/image\/\",\"url\":\"https:\/\/paiqo.com\/wp-content\/uploads\/2023\/06\/paiqo-logo-beitragsbild.jpg\",\"contentUrl\":\"https:\/\/paiqo.com\/wp-content\/uploads\/2023\/06\/paiqo-logo-beitragsbild.jpg\",\"width\":1200,\"height\":1200,\"caption\":\"paiqo - The Platform & AI Company\"},\"image\":{\"@id\":\"https:\/\/paiqo.com\/ch\/#\/schema\/logo\/image\/\"}}]}<\/script>\n<!-- \/ Yoast SEO plugin. -->","yoast_head_json":{"title":"paiqo auf der FabCon25 in Wien","description":"Besuchen Sie uns auf der European Microsoft Fabric Community Conference (FabCon25) \u2013 dem gr\u00f6\u00dften europ\u00e4ischen Event rund um Microsoft Fabric, Power BI, Azure und AI.","robots":{"index":"index","follow":"follow","max-snippet":"max-snippet:-1","max-image-preview":"max-image-preview:large","max-video-preview":"max-video-preview:-1"},"canonical":"https:\/\/paiqo.com\/ch\/events\/fabcon25\/","og_locale":"en_US","og_type":"article","og_title":"paiqo auf der FabCon25 in Wien","og_description":"Besuchen Sie uns auf der European Microsoft Fabric Community Conference (FabCon25) \u2013 dem gr\u00f6\u00dften europ\u00e4ischen Event rund um Microsoft Fabric, Power BI, Azure und AI.","og_url":"https:\/\/paiqo.com\/ch\/events\/fabcon25\/","og_site_name":"paiqo","article_modified_time":"2025-09-01T08:28:16+00:00","og_image":[{"width":1024,"height":405,"url":"https:\/\/paiqo.com\/wp-content\/uploads\/2024\/03\/night-1-1024x405.png","type":"image\/png"}],"twitter_card":"summary_large_image","twitter_misc":{"Est. reading time":"1 minute"},"schema":{"@context":"https:\/\/schema.org","@graph":[{"@type":"WebPage","@id":"https:\/\/paiqo.com\/ch\/events\/fabcon25\/","url":"https:\/\/paiqo.com\/ch\/events\/fabcon25\/","name":"paiqo auf der FabCon25 in Wien","isPartOf":{"@id":"https:\/\/paiqo.com\/ch\/#website"},"primaryImageOfPage":{"@id":"https:\/\/paiqo.com\/ch\/events\/fabcon25\/#primaryimage"},"image":{"@id":"https:\/\/paiqo.com\/ch\/events\/fabcon25\/#primaryimage"},"thumbnailUrl":"https:\/\/paiqo.com\/wp-content\/uploads\/2024\/03\/night-1.png","datePublished":"2025-06-25T12:48:49+00:00","dateModified":"2025-09-01T08:28:16+00:00","description":"Besuchen Sie uns auf der European Microsoft Fabric Community Conference (FabCon25) \u2013 dem gr\u00f6\u00dften europ\u00e4ischen Event rund um Microsoft Fabric, Power BI, Azure und AI.","breadcrumb":{"@id":"https:\/\/paiqo.com\/ch\/events\/fabcon25\/#breadcrumb"},"inLanguage":"ch-CH","potentialAction":[{"@type":"ReadAction","target":["https:\/\/paiqo.com\/ch\/events\/fabcon25\/"]}]},{"@type":"ImageObject","inLanguage":"ch-CH","@id":"https:\/\/paiqo.com\/ch\/events\/fabcon25\/#primaryimage","url":"https:\/\/paiqo.com\/wp-content\/uploads\/2024\/03\/night-1.png","contentUrl":"https:\/\/paiqo.com\/wp-content\/uploads\/2024\/03\/night-1.png","width":2831,"height":1121},{"@type":"BreadcrumbList","@id":"https:\/\/paiqo.com\/ch\/events\/fabcon25\/#breadcrumb","itemListElement":[{"@type":"ListItem","position":1,"name":"Startseite","item":"https:\/\/paiqo.com\/ch\/home\/"},{"@type":"ListItem","position":2,"name":"Events","item":"https:\/\/paiqo.com\/ch\/events\/"},{"@type":"ListItem","position":3,"name":"paiqo auf der FabCon25 in Wien"}]},{"@type":"WebSite","@id":"https:\/\/paiqo.com\/ch\/#website","url":"https:\/\/paiqo.com\/ch\/","name":"paiqo","description":"The Platform &amp; AI Company","publisher":{"@id":"https:\/\/paiqo.com\/ch\/#organization"},"potentialAction":[{"@type":"SearchAction","target":{"@type":"EntryPoint","urlTemplate":"https:\/\/paiqo.com\/ch\/?s={search_term_string}"},"query-input":{"@type":"PropertyValueSpecification","valueRequired":true,"valueName":"search_term_string"}}],"inLanguage":"ch-CH"},{"@type":"Organization","@id":"https:\/\/paiqo.com\/ch\/#organization","name":"paiqo - The Platform & AI Company","url":"https:\/\/paiqo.com\/ch\/","logo":{"@type":"ImageObject","inLanguage":"ch-CH","@id":"https:\/\/paiqo.com\/ch\/#\/schema\/logo\/image\/","url":"https:\/\/paiqo.com\/wp-content\/uploads\/2023\/06\/paiqo-logo-beitragsbild.jpg","contentUrl":"https:\/\/paiqo.com\/wp-content\/uploads\/2023\/06\/paiqo-logo-beitragsbild.jpg","width":1200,"height":1200,"caption":"paiqo - The Platform & AI Company"},"image":{"@id":"https:\/\/paiqo.com\/ch\/#\/schema\/logo\/image\/"}}]}},"_links":{"self":[{"href":"https:\/\/paiqo.com\/ch\/wp-json\/wp\/v2\/pages\/8133","targetHints":{"allow":["GET"]}}],"collection":[{"href":"https:\/\/paiqo.com\/ch\/wp-json\/wp\/v2\/pages"}],"about":[{"href":"https:\/\/paiqo.com\/ch\/wp-json\/wp\/v2\/types\/page"}],"author":[{"embeddable":true,"href":"https:\/\/paiqo.com\/ch\/wp-json\/wp\/v2\/users\/4"}],"replies":[{"embeddable":true,"href":"https:\/\/paiqo.com\/ch\/wp-json\/wp\/v2\/comments?post=8133"}],"version-history":[{"count":1,"href":"https:\/\/paiqo.com\/ch\/wp-json\/wp\/v2\/pages\/8133\/revisions"}],"predecessor-version":[{"id":8881,"href":"https:\/\/paiqo.com\/ch\/wp-json\/wp\/v2\/pages\/8133\/revisions\/8881"}],"up":[{"embeddable":true,"href":"https:\/\/paiqo.com\/ch\/wp-json\/wp\/v2\/pages\/8186"}],"wp:featuredmedia":[{"embeddable":true,"href":"https:\/\/paiqo.com\/ch\/wp-json\/wp\/v2\/media\/8134"}],"wp:attachment":[{"href":"https:\/\/paiqo.com\/ch\/wp-json\/wp\/v2\/media?parent=8133"}],"wp:term":[{"taxonomy":"category","embeddable":true,"href":"https:\/\/paiqo.com\/ch\/wp-json\/wp\/v2\/categories?post=8133"}],"curies":[{"name":"wp","href":"https:\/\/api.w.org\/{rel}","templated":true}]}}