{"id":8135,"date":"2025-05-19T08:54:28","date_gmt":"2025-05-19T06:54:28","guid":{"rendered":"https:\/\/paiqo.com\/unsubscribe\/"},"modified":"2025-05-19T08:54:28","modified_gmt":"2025-05-19T06:54:28","slug":"unsubscribe","status":"publish","type":"page","link":"https:\/\/paiqo.com\/ch\/unsubscribe\/","title":{"rendered":"Unsubscribe"},"content":{"rendered":"\t\t<div data-elementor-type=\"wp-page\" data-elementor-id=\"8135\" class=\"elementor elementor-8135 elementor-8051\" data-elementor-post-type=\"page\">\n\t\t\t\t\t\t<section class=\"elementor-section elementor-top-section elementor-element elementor-element-8ff614f elementor-section-full_width elementor-section-height-min-height elementor-section-height-default elementor-section-items-middle\" data-id=\"8ff614f\" data-element_type=\"section\" data-e-type=\"section\" data-settings=\"{&quot;jet_parallax_layout_list&quot;:[],&quot;background_background&quot;:&quot;classic&quot;}\">\n\t\t\t\t\t\t<div class=\"elementor-container elementor-column-gap-default\">\n\t\t\t\t\t<div class=\"elementor-column elementor-col-100 elementor-top-column elementor-element elementor-element-fa71d25\" data-id=\"fa71d25\" data-element_type=\"column\" data-e-type=\"column\">\n\t\t\t<div class=\"elementor-widget-wrap elementor-element-populated\">\n\t\t\t\t\t\t<div class=\"elementor-element elementor-element-fee2191 elementor-widget elementor-widget-spacer\" data-id=\"fee2191\" data-element_type=\"widget\" data-e-type=\"widget\" data-widget_type=\"spacer.default\">\n\t\t\t\t<div class=\"elementor-widget-container\">\n\t\t\t\t\t\t\t<div class=\"elementor-spacer\">\n\t\t\t<div class=\"elementor-spacer-inner\"><\/div>\n\t\t<\/div>\n\t\t\t\t\t\t<\/div>\n\t\t\t\t<\/div>\n\t\t\t\t\t<\/div>\n\t\t<\/div>\n\t\t\t\t\t<\/div>\n\t\t<\/section>\n\t\t\t\t<section class=\"elementor-section elementor-top-section elementor-element elementor-element-b2c9114 elementor-section-boxed elementor-section-height-default elementor-section-height-default\" data-id=\"b2c9114\" data-element_type=\"section\" data-e-type=\"section\" data-settings=\"{&quot;jet_parallax_layout_list&quot;:[]}\">\n\t\t\t\t\t\t<div class=\"elementor-container elementor-column-gap-default\">\n\t\t\t\t\t<div class=\"elementor-column elementor-col-100 elementor-top-column elementor-element elementor-element-59375e0\" data-id=\"59375e0\" data-element_type=\"column\" data-e-type=\"column\">\n\t\t\t<div class=\"elementor-widget-wrap elementor-element-populated\">\n\t\t\t\t\t\t<div class=\"elementor-element elementor-element-2e1f224 elementor-widget elementor-widget-spacer\" data-id=\"2e1f224\" data-element_type=\"widget\" data-e-type=\"widget\" data-widget_type=\"spacer.default\">\n\t\t\t\t<div class=\"elementor-widget-container\">\n\t\t\t\t\t\t\t<div class=\"elementor-spacer\">\n\t\t\t<div class=\"elementor-spacer-inner\"><\/div>\n\t\t<\/div>\n\t\t\t\t\t\t<\/div>\n\t\t\t\t<\/div>\n\t\t\t\t\t<\/div>\n\t\t<\/div>\n\t\t\t\t\t<\/div>\n\t\t<\/section>\n\t\t\t\t<section class=\"elementor-section elementor-top-section elementor-element elementor-element-056d37d elementor-section-boxed elementor-section-height-default elementor-section-height-default\" data-id=\"056d37d\" data-element_type=\"section\" data-e-type=\"section\" data-settings=\"{&quot;jet_parallax_layout_list&quot;:[]}\">\n\t\t\t\t\t\t<div class=\"elementor-container elementor-column-gap-default\">\n\t\t\t\t\t<div class=\"elementor-column elementor-col-100 elementor-top-column elementor-element elementor-element-75e9199\" data-id=\"75e9199\" data-element_type=\"column\" data-e-type=\"column\">\n\t\t\t<div class=\"elementor-widget-wrap elementor-element-populated\">\n\t\t\t\t\t\t<div class=\"elementor-element elementor-element-07ae809 elementor-widget__width-initial elementor-widget elementor-widget-text-editor\" data-id=\"07ae809\" data-element_type=\"widget\" data-e-type=\"widget\" data-widget_type=\"text-editor.default\">\n\t\t\t\t<div class=\"elementor-widget-container\">\n\t\t\t\t\t\t\t\t\t<div class=\"elementor-element elementor-element-f46f121 elementor-widget elementor-widget-text-editor\" data-id=\"f46f121\" data-element_type=\"widget\" data-widget_type=\"text-editor.default\"><div class=\"elementor-widget-container\"><p class=\"\" style=\"text-align: center;\" data-start=\"123\" data-end=\"150\"><strong data-start=\"123\" data-end=\"150\">Schade, dass Sie gehen.<\/strong><\/p><p class=\"\" style=\"text-align: center;\" data-start=\"152\" data-end=\"273\">Wenn Sie keine Marketingmitteilungen mehr erhalten m\u00f6chten, tragen Sie bitte Ihre E-Mail-Adresse ein, um sich abzumelden:<\/p><\/div><\/div>\t\t\t\t\t\t\t\t<\/div>\n\t\t\t\t<\/div>\n\t\t\t\t\t<\/div>\n\t\t<\/div>\n\t\t\t\t\t<\/div>\n\t\t<\/section>\n\t\t\t\t<section class=\"elementor-section elementor-top-section elementor-element elementor-element-eaed89c elementor-section-boxed elementor-section-height-default elementor-section-height-default\" data-id=\"eaed89c\" data-element_type=\"section\" data-e-type=\"section\" data-settings=\"{&quot;jet_parallax_layout_list&quot;:[]}\">\n\t\t\t\t\t\t<div class=\"elementor-container elementor-column-gap-default\">\n\t\t\t\t\t<div class=\"elementor-column elementor-col-100 elementor-top-column elementor-element elementor-element-c373939\" data-id=\"c373939\" data-element_type=\"column\" data-e-type=\"column\">\n\t\t\t<div class=\"elementor-widget-wrap elementor-element-populated\">\n\t\t\t\t\t\t<div class=\"elementor-element elementor-element-4c83ef0 elementor-button-align-stretch elementor-widget elementor-widget-form\" data-id=\"4c83ef0\" data-element_type=\"widget\" data-e-type=\"widget\" data-settings=\"{&quot;step_next_label&quot;:&quot;N\\u00e4chster&quot;,&quot;step_previous_label&quot;:&quot;Voriger&quot;,&quot;button_width&quot;:&quot;100&quot;,&quot;step_type&quot;:&quot;number_text&quot;,&quot;step_icon_shape&quot;:&quot;circle&quot;}\" data-widget_type=\"form.default\">\n\t\t\t\t<div class=\"elementor-widget-container\">\n\t\t\t\t\t\t\t<form class=\"elementor-form\" method=\"post\" name=\"Neues Formular\" aria-label=\"Neues Formular\">\n\t\t\t<input type=\"hidden\" name=\"post_id\" value=\"8135\"\/>\n\t\t\t<input type=\"hidden\" name=\"form_id\" value=\"4c83ef0\"\/>\n\t\t\t<input type=\"hidden\" name=\"referer_title\" value=\"Unsubscribe - paiqo\" \/>\n\n\t\t\t\t\t\t\t<input type=\"hidden\" name=\"queried_id\" value=\"8135\"\/>\n\t\t\t\n\t\t\t<div class=\"elementor-form-fields-wrapper elementor-labels-above\">\n\t\t\t\t\t\t\t\t<div class=\"elementor-field-type-email elementor-field-group elementor-column elementor-field-group-email elementor-col-100 elementor-field-required\">\n\t\t\t\t\t\t\t\t\t\t\t\t\t<input size=\"1\" type=\"email\" name=\"form_fields[email]\" id=\"form-field-email\" class=\"elementor-field elementor-size-sm  elementor-field-textual\" placeholder=\"E-Mail\" required=\"required\">\n\t\t\t\t\t\t\t\t\t\t\t<\/div>\n\t\t\t\t\t\t\t\t<div class=\"elementor-field-group elementor-column elementor-field-type-submit elementor-col-100 e-form__buttons\">\n\t\t\t\t\t<button class=\"elementor-button elementor-size-sm\" type=\"submit\">\n\t\t\t\t\t\t<span class=\"elementor-button-content-wrapper\">\n\t\t\t\t\t\t\t\t\t\t\t\t\t\t\t\t\t\t\t\t\t\t<span class=\"elementor-button-text\">Abbestellen<\/span>\n\t\t\t\t\t\t\t\t\t\t\t\t\t<\/span>\n\t\t\t\t\t<\/button>\n\t\t\t\t<\/div>\n\t\t\t<\/div>\n\t\t<\/form>\n\t\t\t\t\t\t<\/div>\n\t\t\t\t<\/div>\n\t\t\t\t\t<\/div>\n\t\t<\/div>\n\t\t\t\t\t<\/div>\n\t\t<\/section>\n\t\t\t\t<\/div>\n\t\t","protected":false},"excerpt":{"rendered":"<p>Ob Messe, Webinar, Meetup oder Workshop, wir freuen uns Sie bei unseren vielf\u00e4ltigen Events begr\u00fcssen zu d\u00fcrfen und zeigen Ihnen die neuesten Trends und Entwicklungen rund um KI, Digitalisierung, Data &amp; Analytics. SICP Stu\u00addents&#8217; Day Das IT-Karriereevent am 06. Mai 2025 von der Universit\u00e4t Paderborn und Unternehmen aus Ostwestfalen-Lippe. Und paiqo ist nat\u00fcrlich auch dabei. [&hellip;]<\/p>\n","protected":false},"author":4,"featured_media":8136,"parent":0,"menu_order":0,"comment_status":"closed","ping_status":"closed","template":"elementor_header_footer","meta":{"footnotes":"","_wp_rev_ctl_limit":""},"categories":[],"class_list":["post-8135","page","type-page","status-publish","has-post-thumbnail","hentry"],"yoast_head":"<!-- This site is optimized with the Yoast SEO plugin v27.4 - https:\/\/yoast.com\/product\/yoast-seo-wordpress\/ -->\n<title>Unsubscribe - paiqo<\/title>\n<meta name=\"robots\" content=\"index, follow, max-snippet:-1, max-image-preview:large, max-video-preview:-1\" \/>\n<link rel=\"canonical\" href=\"https:\/\/paiqo.com\/ch\/unsubscribe\/\" \/>\n<meta property=\"og:locale\" content=\"en_US\" \/>\n<meta property=\"og:type\" content=\"article\" \/>\n<meta property=\"og:title\" content=\"Unsubscribe - paiqo\" \/>\n<meta property=\"og:description\" content=\"Ob Messe, Webinar, Meetup oder Workshop, wir freuen uns Sie bei unseren vielf\u00e4ltigen Events begr\u00fcssen zu d\u00fcrfen und zeigen Ihnen die neuesten Trends und Entwicklungen rund um KI, Digitalisierung, Data &amp; Analytics. SICP Stu\u00addents&#8217; Day Das IT-Karriereevent am 06. Mai 2025 von der Universit\u00e4t Paderborn und Unternehmen aus Ostwestfalen-Lippe. Und paiqo ist nat\u00fcrlich auch dabei. [&hellip;]\" \/>\n<meta property=\"og:url\" content=\"https:\/\/paiqo.com\/ch\/unsubscribe\/\" \/>\n<meta property=\"og:site_name\" content=\"paiqo\" \/>\n<meta property=\"og:image\" content=\"https:\/\/paiqo.com\/wp-content\/uploads\/2025\/04\/X-1024x576.png\" \/>\n<meta name=\"twitter:card\" content=\"summary_large_image\" \/>\n<meta name=\"twitter:label1\" content=\"Est. reading time\" \/>\n\t<meta name=\"twitter:data1\" content=\"2 minutes\" \/>\n<script type=\"application\/ld+json\" class=\"yoast-schema-graph\">{\"@context\":\"https:\\\/\\\/schema.org\",\"@graph\":[{\"@type\":\"WebPage\",\"@id\":\"https:\\\/\\\/paiqo.com\\\/ch\\\/unsubscribe\\\/\",\"url\":\"https:\\\/\\\/paiqo.com\\\/ch\\\/unsubscribe\\\/\",\"name\":\"Unsubscribe - paiqo\",\"isPartOf\":{\"@id\":\"https:\\\/\\\/paiqo.com\\\/ch\\\/#website\"},\"primaryImageOfPage\":{\"@id\":\"https:\\\/\\\/paiqo.com\\\/ch\\\/unsubscribe\\\/#primaryimage\"},\"image\":{\"@id\":\"https:\\\/\\\/paiqo.com\\\/ch\\\/unsubscribe\\\/#primaryimage\"},\"thumbnailUrl\":\"https:\\\/\\\/paiqo.com\\\/wp-content\\\/uploads\\\/2024\\\/03\\\/shutterstock_1597219930-scaled.jpg\",\"datePublished\":\"2025-05-19T06:54:28+00:00\",\"breadcrumb\":{\"@id\":\"https:\\\/\\\/paiqo.com\\\/ch\\\/unsubscribe\\\/#breadcrumb\"},\"inLanguage\":\"ch-CH\",\"potentialAction\":[{\"@type\":\"ReadAction\",\"target\":[\"https:\\\/\\\/paiqo.com\\\/ch\\\/unsubscribe\\\/\"]}]},{\"@type\":\"ImageObject\",\"inLanguage\":\"ch-CH\",\"@id\":\"https:\\\/\\\/paiqo.com\\\/ch\\\/unsubscribe\\\/#primaryimage\",\"url\":\"https:\\\/\\\/paiqo.com\\\/wp-content\\\/uploads\\\/2024\\\/03\\\/shutterstock_1597219930-scaled.jpg\",\"contentUrl\":\"https:\\\/\\\/paiqo.com\\\/wp-content\\\/uploads\\\/2024\\\/03\\\/shutterstock_1597219930-scaled.jpg\",\"width\":2560,\"height\":1152},{\"@type\":\"BreadcrumbList\",\"@id\":\"https:\\\/\\\/paiqo.com\\\/ch\\\/unsubscribe\\\/#breadcrumb\",\"itemListElement\":[{\"@type\":\"ListItem\",\"position\":1,\"name\":\"Startseite\",\"item\":\"https:\\\/\\\/paiqo.com\\\/ch\\\/home\\\/\"},{\"@type\":\"ListItem\",\"position\":2,\"name\":\"Unsubscribe\"}]},{\"@type\":\"WebSite\",\"@id\":\"https:\\\/\\\/paiqo.com\\\/ch\\\/#website\",\"url\":\"https:\\\/\\\/paiqo.com\\\/ch\\\/\",\"name\":\"paiqo\",\"description\":\"The Platform &amp; AI Company\",\"publisher\":{\"@id\":\"https:\\\/\\\/paiqo.com\\\/ch\\\/#organization\"},\"potentialAction\":[{\"@type\":\"SearchAction\",\"target\":{\"@type\":\"EntryPoint\",\"urlTemplate\":\"https:\\\/\\\/paiqo.com\\\/ch\\\/?s={search_term_string}\"},\"query-input\":{\"@type\":\"PropertyValueSpecification\",\"valueRequired\":true,\"valueName\":\"search_term_string\"}}],\"inLanguage\":\"ch-CH\"},{\"@type\":\"Organization\",\"@id\":\"https:\\\/\\\/paiqo.com\\\/ch\\\/#organization\",\"name\":\"paiqo - The Platform & AI Company\",\"url\":\"https:\\\/\\\/paiqo.com\\\/ch\\\/\",\"logo\":{\"@type\":\"ImageObject\",\"inLanguage\":\"ch-CH\",\"@id\":\"https:\\\/\\\/paiqo.com\\\/ch\\\/#\\\/schema\\\/logo\\\/image\\\/\",\"url\":\"https:\\\/\\\/paiqo.com\\\/wp-content\\\/uploads\\\/2023\\\/06\\\/paiqo-logo-beitragsbild.jpg\",\"contentUrl\":\"https:\\\/\\\/paiqo.com\\\/wp-content\\\/uploads\\\/2023\\\/06\\\/paiqo-logo-beitragsbild.jpg\",\"width\":1200,\"height\":1200,\"caption\":\"paiqo - The Platform & AI Company\"},\"image\":{\"@id\":\"https:\\\/\\\/paiqo.com\\\/ch\\\/#\\\/schema\\\/logo\\\/image\\\/\"}}]}<\/script>\n<!-- \/ Yoast SEO plugin. -->","yoast_head_json":{"title":"Unsubscribe - paiqo","robots":{"index":"index","follow":"follow","max-snippet":"max-snippet:-1","max-image-preview":"max-image-preview:large","max-video-preview":"max-video-preview:-1"},"canonical":"https:\/\/paiqo.com\/ch\/unsubscribe\/","og_locale":"en_US","og_type":"article","og_title":"Unsubscribe - paiqo","og_description":"Ob Messe, Webinar, Meetup oder Workshop, wir freuen uns Sie bei unseren vielf\u00e4ltigen Events begr\u00fcssen zu d\u00fcrfen und zeigen Ihnen die neuesten Trends und Entwicklungen rund um KI, Digitalisierung, Data &amp; Analytics. SICP Stu\u00addents&#8217; Day Das IT-Karriereevent am 06. Mai 2025 von der Universit\u00e4t Paderborn und Unternehmen aus Ostwestfalen-Lippe. Und paiqo ist nat\u00fcrlich auch dabei. [&hellip;]","og_url":"https:\/\/paiqo.com\/ch\/unsubscribe\/","og_site_name":"paiqo","og_image":[{"url":"https:\/\/paiqo.com\/wp-content\/uploads\/2025\/04\/X-1024x576.png","type":"","width":"","height":""}],"twitter_card":"summary_large_image","twitter_misc":{"Est. reading time":"2 minutes"},"schema":{"@context":"https:\/\/schema.org","@graph":[{"@type":"WebPage","@id":"https:\/\/paiqo.com\/ch\/unsubscribe\/","url":"https:\/\/paiqo.com\/ch\/unsubscribe\/","name":"Unsubscribe - paiqo","isPartOf":{"@id":"https:\/\/paiqo.com\/ch\/#website"},"primaryImageOfPage":{"@id":"https:\/\/paiqo.com\/ch\/unsubscribe\/#primaryimage"},"image":{"@id":"https:\/\/paiqo.com\/ch\/unsubscribe\/#primaryimage"},"thumbnailUrl":"https:\/\/paiqo.com\/wp-content\/uploads\/2024\/03\/shutterstock_1597219930-scaled.jpg","datePublished":"2025-05-19T06:54:28+00:00","breadcrumb":{"@id":"https:\/\/paiqo.com\/ch\/unsubscribe\/#breadcrumb"},"inLanguage":"ch-CH","potentialAction":[{"@type":"ReadAction","target":["https:\/\/paiqo.com\/ch\/unsubscribe\/"]}]},{"@type":"ImageObject","inLanguage":"ch-CH","@id":"https:\/\/paiqo.com\/ch\/unsubscribe\/#primaryimage","url":"https:\/\/paiqo.com\/wp-content\/uploads\/2024\/03\/shutterstock_1597219930-scaled.jpg","contentUrl":"https:\/\/paiqo.com\/wp-content\/uploads\/2024\/03\/shutterstock_1597219930-scaled.jpg","width":2560,"height":1152},{"@type":"BreadcrumbList","@id":"https:\/\/paiqo.com\/ch\/unsubscribe\/#breadcrumb","itemListElement":[{"@type":"ListItem","position":1,"name":"Startseite","item":"https:\/\/paiqo.com\/ch\/home\/"},{"@type":"ListItem","position":2,"name":"Unsubscribe"}]},{"@type":"WebSite","@id":"https:\/\/paiqo.com\/ch\/#website","url":"https:\/\/paiqo.com\/ch\/","name":"paiqo","description":"The Platform &amp; AI Company","publisher":{"@id":"https:\/\/paiqo.com\/ch\/#organization"},"potentialAction":[{"@type":"SearchAction","target":{"@type":"EntryPoint","urlTemplate":"https:\/\/paiqo.com\/ch\/?s={search_term_string}"},"query-input":{"@type":"PropertyValueSpecification","valueRequired":true,"valueName":"search_term_string"}}],"inLanguage":"ch-CH"},{"@type":"Organization","@id":"https:\/\/paiqo.com\/ch\/#organization","name":"paiqo - The Platform & AI Company","url":"https:\/\/paiqo.com\/ch\/","logo":{"@type":"ImageObject","inLanguage":"ch-CH","@id":"https:\/\/paiqo.com\/ch\/#\/schema\/logo\/image\/","url":"https:\/\/paiqo.com\/wp-content\/uploads\/2023\/06\/paiqo-logo-beitragsbild.jpg","contentUrl":"https:\/\/paiqo.com\/wp-content\/uploads\/2023\/06\/paiqo-logo-beitragsbild.jpg","width":1200,"height":1200,"caption":"paiqo - The Platform & AI Company"},"image":{"@id":"https:\/\/paiqo.com\/ch\/#\/schema\/logo\/image\/"}}]}},"_links":{"self":[{"href":"https:\/\/paiqo.com\/ch\/wp-json\/wp\/v2\/pages\/8135","targetHints":{"allow":["GET"]}}],"collection":[{"href":"https:\/\/paiqo.com\/ch\/wp-json\/wp\/v2\/pages"}],"about":[{"href":"https:\/\/paiqo.com\/ch\/wp-json\/wp\/v2\/types\/page"}],"author":[{"embeddable":true,"href":"https:\/\/paiqo.com\/ch\/wp-json\/wp\/v2\/users\/4"}],"replies":[{"embeddable":true,"href":"https:\/\/paiqo.com\/ch\/wp-json\/wp\/v2\/comments?post=8135"}],"version-history":[{"count":0,"href":"https:\/\/paiqo.com\/ch\/wp-json\/wp\/v2\/pages\/8135\/revisions"}],"wp:featuredmedia":[{"embeddable":true,"href":"https:\/\/paiqo.com\/ch\/wp-json\/wp\/v2\/media\/8136"}],"wp:attachment":[{"href":"https:\/\/paiqo.com\/ch\/wp-json\/wp\/v2\/media?parent=8135"}],"wp:term":[{"taxonomy":"category","embeddable":true,"href":"https:\/\/paiqo.com\/ch\/wp-json\/wp\/v2\/categories?post=8135"}],"curies":[{"name":"wp","href":"https:\/\/api.w.org\/{rel}","templated":true}]}}