{"id":8140,"date":"2025-02-17T16:53:07","date_gmt":"2025-02-17T15:53:07","guid":{"rendered":"https:\/\/paiqo.com\/navigator-festival-2025\/"},"modified":"2025-02-17T16:53:07","modified_gmt":"2025-02-17T15:53:07","slug":"navigator-festival-2025","status":"publish","type":"page","link":"https:\/\/paiqo.com\/ch\/events\/navigator-festival-2025\/","title":{"rendered":"Navigator Festival 2025"},"content":{"rendered":"\t\t<div data-elementor-type=\"wp-page\" data-elementor-id=\"8140\" class=\"elementor elementor-8140 elementor-7732\" data-elementor-post-type=\"page\">\n\t\t\t\t\t\t<section class=\"elementor-section elementor-top-section elementor-element elementor-element-8ff614f elementor-section-full_width elementor-section-height-min-height elementor-section-height-default elementor-section-items-middle\" data-id=\"8ff614f\" data-element_type=\"section\" data-e-type=\"section\" data-settings=\"{&quot;jet_parallax_layout_list&quot;:[],&quot;background_background&quot;:&quot;classic&quot;}\">\n\t\t\t\t\t\t<div class=\"elementor-container elementor-column-gap-default\">\n\t\t\t\t\t<div class=\"elementor-column elementor-col-100 elementor-top-column elementor-element elementor-element-fa71d25\" data-id=\"fa71d25\" data-element_type=\"column\" data-e-type=\"column\">\n\t\t\t<div class=\"elementor-widget-wrap elementor-element-populated\">\n\t\t\t\t\t\t<div class=\"elementor-element elementor-element-fee2191 elementor-widget elementor-widget-spacer\" data-id=\"fee2191\" data-element_type=\"widget\" data-e-type=\"widget\" data-widget_type=\"spacer.default\">\n\t\t\t\t<div class=\"elementor-widget-container\">\n\t\t\t\t\t\t\t<div class=\"elementor-spacer\">\n\t\t\t<div class=\"elementor-spacer-inner\"><\/div>\n\t\t<\/div>\n\t\t\t\t\t\t<\/div>\n\t\t\t\t<\/div>\n\t\t\t\t\t<\/div>\n\t\t<\/div>\n\t\t\t\t\t<\/div>\n\t\t<\/section>\n\t\t\t\t<section class=\"elementor-section elementor-top-section elementor-element elementor-element-d363aec elementor-section-full_width elementor-section-height-default elementor-section-height-default\" data-id=\"d363aec\" data-element_type=\"section\" data-e-type=\"section\" data-settings=\"{&quot;jet_parallax_layout_list&quot;:[]}\">\n\t\t\t\t\t\t<div class=\"elementor-container elementor-column-gap-default\">\n\t\t\t\t\t<div class=\"elementor-column elementor-col-100 elementor-top-column elementor-element elementor-element-33ad683\" data-id=\"33ad683\" data-element_type=\"column\" data-e-type=\"column\">\n\t\t\t<div class=\"elementor-widget-wrap elementor-element-populated\">\n\t\t\t\t\t\t<div class=\"elementor-element elementor-element-89daa48 elementor-widget elementor-widget-text-editor\" data-id=\"89daa48\" data-element_type=\"widget\" data-e-type=\"widget\" data-widget_type=\"text-editor.default\">\n\t\t\t\t<div class=\"elementor-widget-container\">\n\t\t\t\t\t\t\t\t\t<h2>03.-04. April 2025 | D\u00fcsseldorf<\/h2>\n\t\t\t\t\t\t\t\t<\/div>\n\t\t\t\t<\/div>\n\t\t\t\t<div class=\"elementor-element elementor-element-f6c6faf elementor-button-info elementor-align-center elementor-widget elementor-widget-button\" data-id=\"f6c6faf\" data-element_type=\"widget\" data-e-type=\"widget\" data-widget_type=\"button.default\">\n\t\t\t\t<div class=\"elementor-widget-container\">\n\t\t\t\t\t\t\t\t\t<div class=\"elementor-button-wrapper\">\n\t\t\t\t\t<a class=\"elementor-button elementor-button-link elementor-size-sm\" href=\"https:\/\/navigator-festival.de\/frontend\/index.php\" target=\"_blank\">\n\t\t\t\t\t\t<span class=\"elementor-button-content-wrapper\">\n\t\t\t\t\t\t\t\t\t<span class=\"elementor-button-text\">ZUM Navigator Festival anmelden<\/span>\n\t\t\t\t\t<\/span>\n\t\t\t\t\t<\/a>\n\t\t\t\t<\/div>\n\t\t\t\t\t\t\t\t<\/div>\n\t\t\t\t<\/div>\n\t\t\t\t\t<\/div>\n\t\t<\/div>\n\t\t\t\t\t<\/div>\n\t\t<\/section>\n\t\t\t\t<section class=\"elementor-section elementor-top-section elementor-element elementor-element-71340d6 elementor-section-boxed elementor-section-height-default elementor-section-height-default\" data-id=\"71340d6\" data-element_type=\"section\" data-e-type=\"section\" data-settings=\"{&quot;jet_parallax_layout_list&quot;:[]}\">\n\t\t\t\t\t\t<div class=\"elementor-container elementor-column-gap-default\">\n\t\t\t\t\t<div class=\"elementor-column elementor-col-100 elementor-top-column elementor-element elementor-element-3e388e8\" data-id=\"3e388e8\" data-element_type=\"column\" data-e-type=\"column\">\n\t\t\t<div class=\"elementor-widget-wrap elementor-element-populated\">\n\t\t\t\t\t\t<div class=\"elementor-element elementor-element-d3410f9 elementor-widget__width-initial elementor-widget elementor-widget-image\" data-id=\"d3410f9\" data-element_type=\"widget\" data-e-type=\"widget\" data-widget_type=\"image.default\">\n\t\t\t\t<div class=\"elementor-widget-container\">\n\t\t\t\t\t\t\t\t\t\t\t\t\t\t\t<img fetchpriority=\"high\" decoding=\"async\" width=\"3574\" height=\"886\" src=\"https:\/\/paiqo.com\/wp-content\/uploads\/2025\/02\/navigator-festival2.png\" class=\"attachment-full size-full wp-image-7757\" alt=\"\" srcset=\"https:\/\/paiqo.com\/wp-content\/uploads\/2025\/02\/navigator-festival2.png 3574w, https:\/\/paiqo.com\/wp-content\/uploads\/2025\/02\/navigator-festival2-300x74.png 300w, https:\/\/paiqo.com\/wp-content\/uploads\/2025\/02\/navigator-festival2-1024x254.png 1024w, https:\/\/paiqo.com\/wp-content\/uploads\/2025\/02\/navigator-festival2-768x190.png 768w, https:\/\/paiqo.com\/wp-content\/uploads\/2025\/02\/navigator-festival2-1536x381.png 1536w, https:\/\/paiqo.com\/wp-content\/uploads\/2025\/02\/navigator-festival2-2048x508.png 2048w\" sizes=\"(max-width: 3574px) 100vw, 3574px\" \/>\t\t\t\t\t\t\t\t\t\t\t\t\t\t\t<\/div>\n\t\t\t\t<\/div>\n\t\t\t\t\t<\/div>\n\t\t<\/div>\n\t\t\t\t\t<\/div>\n\t\t<\/section>\n\t\t\t\t<section class=\"elementor-section elementor-top-section elementor-element elementor-element-35bd8f1 elementor-section-boxed elementor-section-height-default elementor-section-height-default\" data-id=\"35bd8f1\" data-element_type=\"section\" data-e-type=\"section\" data-settings=\"{&quot;jet_parallax_layout_list&quot;:[]}\">\n\t\t\t\t\t\t<div class=\"elementor-container elementor-column-gap-default\">\n\t\t\t\t\t<div class=\"elementor-column elementor-col-100 elementor-top-column elementor-element elementor-element-26b5ace\" data-id=\"26b5ace\" data-element_type=\"column\" data-e-type=\"column\">\n\t\t\t<div class=\"elementor-widget-wrap elementor-element-populated\">\n\t\t\t\t\t\t<div class=\"elementor-element elementor-element-e58590a elementor-widget elementor-widget-text-editor\" data-id=\"e58590a\" data-element_type=\"widget\" data-e-type=\"widget\" data-widget_type=\"text-editor.default\">\n\t\t\t\t<div class=\"elementor-widget-container\">\n\t\t\t\t\t\t\t\t\t<p data-start=\"0\" data-end=\"56\"><strong data-start=\"0\" data-end=\"54\">Navigator Festival 2025 \u2013 Das KI Business-Festival<\/strong><\/p>\n<p data-start=\"58\" data-end=\"356\">Am 3. und 4. April 2025 dreht sich im CCD Congress Center D\u00fcsseldorf alles um die Zukunft der generativen KI in Unternehmen. Das Navigator Festival bringt Fach- und F\u00fchrungskr\u00e4fte zusammen, um zu diskutieren, wie KI nachhaltig eingesetzt werden kann \u2013 mit dem Menschen im Mittelpunkt.<\/p>\n<p data-start=\"358\" data-end=\"533\">\ud83d\udd39 Vision\u00e4re Keynotes &amp; praxisnahe Masterclasses<br data-start=\"410\" data-end=\"413\" \/>\ud83d\udd39 Interaktiver Playground mit neuesten KI-Technologien<br data-start=\"472\" data-end=\"475\" \/>\ud83d\udd39 Networking mit Expert:innen und Entscheider:innen<\/p>\n<p data-start=\"0\" data-end=\"90\"><strong><br \/>paiqo @ Navigator Festival \u2013 Optimierung der Supply Chain &amp; Vertriebsprozesse mit KI<\/strong><\/p>\n<p data-start=\"92\" data-end=\"273\">Beim Navigator Festival 2025 zeigen wir, wie Unternehmen K\u00fcnstliche Intelligenz gezielt nutzen k\u00f6nnen, um ihre Supply Chain und Vertriebsprozesse effizienter zu gestalten.<\/p>\n<p data-start=\"275\" data-end=\"539\">Wie kann KI die Supply Chain revolutionieren?<br data-start=\"327\" data-end=\"330\" \/>Erfahren Sie, wie pr\u00e4zise Prognosen und OpenAI-Technologien nicht nur die Vertriebssteuerung, den Einkauf und die Lagerbest\u00e4nde optimieren, sondern auch Kosten senken und Prozesse automatisieren.<\/p>\n<p data-start=\"541\" data-end=\"1034\">Von Theorie zur Praxis \u2013 konkrete KI-Anwendungen<br data-start=\"596\" data-end=\"599\" \/>Anhand konkreter Praxisbeispiele zeigt paiqo \u2013 ausgezeichnet mit dem \u201eMicrosoft Partner of the Year Award Austria\u201c \u2013, wie hochentwickelte KI-Algorithmen und pre-trained Models mit minimalem Aufwand in Unternehmen implementiert werden. Ob bedarfsgerechte Vorhersagen, smarte Produktionsplanung oder eine nachhaltige Wertsch\u00f6pfungskette \u2013 wir demonstrieren, wie Unternehmen mit KI effizienter und wettbewerbsf\u00e4higer werden.<\/p>\n<p data-start=\"1140\" data-end=\"1303\" data-is-last-node=\"\">Lassen Sie sich inspirieren und entdecken Sie, wie moderne KI-Technologien Gesch\u00e4ftsprozesse nachhaltig transformieren k\u00f6nnen. Wir freuen uns auf den Austausch!<\/p>\n\t\t\t\t\t\t\t\t<\/div>\n\t\t\t\t<\/div>\n\t\t\t\t<div class=\"elementor-element elementor-element-de48b6f elementor-widget elementor-widget-html\" data-id=\"de48b6f\" data-element_type=\"widget\" data-e-type=\"widget\" data-widget_type=\"html.default\">\n\t\t\t\t<div class=\"elementor-widget-container\">\n\t\t\t\t\t<div style=\"text-align: center; margin-top: 50px;\">\n    <div style=\"position: relative; display: inline-block;\">\n        <img decoding=\"async\" src=\"https:\/\/paiqo.com\/wp-content\/uploads\/2025\/02\/25112024-Navigator-Key-Visual-mit-Partnern-hd-scaled.jpg\" width=\"600\" alt=\"Event-Bild\">\n        <a href=\"https:\/\/navigator-festival.de\/frontend\/index.php\" target=\"_blank\" \n           style=\"position: absolute; top: 0; left: 0; width: 100%; height: 100%; display: block; z-index: 1;\"><\/a>\n    <\/div>\n<\/div>\n\t\t\t\t<\/div>\n\t\t\t\t<\/div>\n\t\t\t\t<div class=\"elementor-element elementor-element-8dae7a3 elementor-widget elementor-widget-spacer\" data-id=\"8dae7a3\" data-element_type=\"widget\" data-e-type=\"widget\" data-widget_type=\"spacer.default\">\n\t\t\t\t<div class=\"elementor-widget-container\">\n\t\t\t\t\t\t\t<div class=\"elementor-spacer\">\n\t\t\t<div class=\"elementor-spacer-inner\"><\/div>\n\t\t<\/div>\n\t\t\t\t\t\t<\/div>\n\t\t\t\t<\/div>\n\t\t\t\t\t<\/div>\n\t\t<\/div>\n\t\t\t\t\t<\/div>\n\t\t<\/section>\n\t\t\t\t<\/div>\n\t\t","protected":false},"excerpt":{"rendered":"<p>ZUM Navigator Festival anmelden<\/p>\n","protected":false},"author":4,"featured_media":8142,"parent":8186,"menu_order":0,"comment_status":"closed","ping_status":"closed","template":"elementor_header_footer","meta":{"footnotes":"","_wp_rev_ctl_limit":""},"categories":[],"class_list":["post-8140","page","type-page","status-publish","has-post-thumbnail","hentry"],"yoast_head":"<!-- This site is optimized with the Yoast SEO plugin v27.2 - https:\/\/yoast.com\/product\/yoast-seo-wordpress\/ -->\n<title>Navigator Festival 2025 - paiqo<\/title>\n<meta name=\"robots\" content=\"index, follow, max-snippet:-1, max-image-preview:large, max-video-preview:-1\" \/>\n<link rel=\"canonical\" href=\"https:\/\/paiqo.com\/ch\/events\/navigator-festival-2025\/\" \/>\n<meta property=\"og:locale\" content=\"en_US\" \/>\n<meta property=\"og:type\" content=\"article\" \/>\n<meta property=\"og:title\" content=\"Navigator Festival 2025 - paiqo\" \/>\n<meta property=\"og:description\" content=\"ZUM Navigator Festival anmelden\" \/>\n<meta property=\"og:url\" content=\"https:\/\/paiqo.com\/ch\/events\/navigator-festival-2025\/\" \/>\n<meta property=\"og:site_name\" content=\"paiqo\" \/>\n<meta property=\"og:image\" content=\"https:\/\/paiqo.com\/wp-content\/uploads\/2025\/02\/navigator-festival2.png\" \/>\n<meta name=\"twitter:card\" content=\"summary_large_image\" \/>\n<script type=\"application\/ld+json\" class=\"yoast-schema-graph\">{\"@context\":\"https:\/\/schema.org\",\"@graph\":[{\"@type\":\"WebPage\",\"@id\":\"https:\/\/paiqo.com\/ch\/events\/navigator-festival-2025\/\",\"url\":\"https:\/\/paiqo.com\/ch\/events\/navigator-festival-2025\/\",\"name\":\"Navigator Festival 2025 - paiqo\",\"isPartOf\":{\"@id\":\"https:\/\/paiqo.com\/ch\/#website\"},\"primaryImageOfPage\":{\"@id\":\"https:\/\/paiqo.com\/ch\/events\/navigator-festival-2025\/#primaryimage\"},\"image\":{\"@id\":\"https:\/\/paiqo.com\/ch\/events\/navigator-festival-2025\/#primaryimage\"},\"thumbnailUrl\":\"https:\/\/paiqo.com\/wp-content\/uploads\/2023\/11\/paiqo-heroscene-p2a-illuminted-earth.jpg\",\"datePublished\":\"2025-02-17T15:53:07+00:00\",\"breadcrumb\":{\"@id\":\"https:\/\/paiqo.com\/ch\/events\/navigator-festival-2025\/#breadcrumb\"},\"inLanguage\":\"ch-CH\",\"potentialAction\":[{\"@type\":\"ReadAction\",\"target\":[\"https:\/\/paiqo.com\/ch\/events\/navigator-festival-2025\/\"]}]},{\"@type\":\"ImageObject\",\"inLanguage\":\"ch-CH\",\"@id\":\"https:\/\/paiqo.com\/ch\/events\/navigator-festival-2025\/#primaryimage\",\"url\":\"https:\/\/paiqo.com\/wp-content\/uploads\/2023\/11\/paiqo-heroscene-p2a-illuminted-earth.jpg\",\"contentUrl\":\"https:\/\/paiqo.com\/wp-content\/uploads\/2023\/11\/paiqo-heroscene-p2a-illuminted-earth.jpg\",\"width\":1920,\"height\":1080},{\"@type\":\"BreadcrumbList\",\"@id\":\"https:\/\/paiqo.com\/ch\/events\/navigator-festival-2025\/#breadcrumb\",\"itemListElement\":[{\"@type\":\"ListItem\",\"position\":1,\"name\":\"Startseite\",\"item\":\"https:\/\/paiqo.com\/ch\/home\/\"},{\"@type\":\"ListItem\",\"position\":2,\"name\":\"Navigator Festival 2025\"}]},{\"@type\":\"WebSite\",\"@id\":\"https:\/\/paiqo.com\/ch\/#website\",\"url\":\"https:\/\/paiqo.com\/ch\/\",\"name\":\"paiqo\",\"description\":\"The Platform &amp; AI Company\",\"publisher\":{\"@id\":\"https:\/\/paiqo.com\/ch\/#organization\"},\"potentialAction\":[{\"@type\":\"SearchAction\",\"target\":{\"@type\":\"EntryPoint\",\"urlTemplate\":\"https:\/\/paiqo.com\/ch\/?s={search_term_string}\"},\"query-input\":{\"@type\":\"PropertyValueSpecification\",\"valueRequired\":true,\"valueName\":\"search_term_string\"}}],\"inLanguage\":\"ch-CH\"},{\"@type\":\"Organization\",\"@id\":\"https:\/\/paiqo.com\/ch\/#organization\",\"name\":\"paiqo - The Platform & AI Company\",\"url\":\"https:\/\/paiqo.com\/ch\/\",\"logo\":{\"@type\":\"ImageObject\",\"inLanguage\":\"ch-CH\",\"@id\":\"https:\/\/paiqo.com\/ch\/#\/schema\/logo\/image\/\",\"url\":\"https:\/\/paiqo.com\/wp-content\/uploads\/2023\/06\/paiqo-logo-beitragsbild.jpg\",\"contentUrl\":\"https:\/\/paiqo.com\/wp-content\/uploads\/2023\/06\/paiqo-logo-beitragsbild.jpg\",\"width\":1200,\"height\":1200,\"caption\":\"paiqo - The Platform & AI Company\"},\"image\":{\"@id\":\"https:\/\/paiqo.com\/ch\/#\/schema\/logo\/image\/\"}}]}<\/script>\n<!-- \/ Yoast SEO plugin. -->","yoast_head_json":{"title":"Navigator Festival 2025 - paiqo","robots":{"index":"index","follow":"follow","max-snippet":"max-snippet:-1","max-image-preview":"max-image-preview:large","max-video-preview":"max-video-preview:-1"},"canonical":"https:\/\/paiqo.com\/ch\/events\/navigator-festival-2025\/","og_locale":"en_US","og_type":"article","og_title":"Navigator Festival 2025 - paiqo","og_description":"ZUM Navigator Festival anmelden","og_url":"https:\/\/paiqo.com\/ch\/events\/navigator-festival-2025\/","og_site_name":"paiqo","og_image":[{"url":"https:\/\/paiqo.com\/wp-content\/uploads\/2025\/02\/navigator-festival2.png","type":"","width":"","height":""}],"twitter_card":"summary_large_image","schema":{"@context":"https:\/\/schema.org","@graph":[{"@type":"WebPage","@id":"https:\/\/paiqo.com\/ch\/events\/navigator-festival-2025\/","url":"https:\/\/paiqo.com\/ch\/events\/navigator-festival-2025\/","name":"Navigator Festival 2025 - paiqo","isPartOf":{"@id":"https:\/\/paiqo.com\/ch\/#website"},"primaryImageOfPage":{"@id":"https:\/\/paiqo.com\/ch\/events\/navigator-festival-2025\/#primaryimage"},"image":{"@id":"https:\/\/paiqo.com\/ch\/events\/navigator-festival-2025\/#primaryimage"},"thumbnailUrl":"https:\/\/paiqo.com\/wp-content\/uploads\/2023\/11\/paiqo-heroscene-p2a-illuminted-earth.jpg","datePublished":"2025-02-17T15:53:07+00:00","breadcrumb":{"@id":"https:\/\/paiqo.com\/ch\/events\/navigator-festival-2025\/#breadcrumb"},"inLanguage":"ch-CH","potentialAction":[{"@type":"ReadAction","target":["https:\/\/paiqo.com\/ch\/events\/navigator-festival-2025\/"]}]},{"@type":"ImageObject","inLanguage":"ch-CH","@id":"https:\/\/paiqo.com\/ch\/events\/navigator-festival-2025\/#primaryimage","url":"https:\/\/paiqo.com\/wp-content\/uploads\/2023\/11\/paiqo-heroscene-p2a-illuminted-earth.jpg","contentUrl":"https:\/\/paiqo.com\/wp-content\/uploads\/2023\/11\/paiqo-heroscene-p2a-illuminted-earth.jpg","width":1920,"height":1080},{"@type":"BreadcrumbList","@id":"https:\/\/paiqo.com\/ch\/events\/navigator-festival-2025\/#breadcrumb","itemListElement":[{"@type":"ListItem","position":1,"name":"Startseite","item":"https:\/\/paiqo.com\/ch\/home\/"},{"@type":"ListItem","position":2,"name":"Navigator Festival 2025"}]},{"@type":"WebSite","@id":"https:\/\/paiqo.com\/ch\/#website","url":"https:\/\/paiqo.com\/ch\/","name":"paiqo","description":"The Platform &amp; AI Company","publisher":{"@id":"https:\/\/paiqo.com\/ch\/#organization"},"potentialAction":[{"@type":"SearchAction","target":{"@type":"EntryPoint","urlTemplate":"https:\/\/paiqo.com\/ch\/?s={search_term_string}"},"query-input":{"@type":"PropertyValueSpecification","valueRequired":true,"valueName":"search_term_string"}}],"inLanguage":"ch-CH"},{"@type":"Organization","@id":"https:\/\/paiqo.com\/ch\/#organization","name":"paiqo - The Platform & AI Company","url":"https:\/\/paiqo.com\/ch\/","logo":{"@type":"ImageObject","inLanguage":"ch-CH","@id":"https:\/\/paiqo.com\/ch\/#\/schema\/logo\/image\/","url":"https:\/\/paiqo.com\/wp-content\/uploads\/2023\/06\/paiqo-logo-beitragsbild.jpg","contentUrl":"https:\/\/paiqo.com\/wp-content\/uploads\/2023\/06\/paiqo-logo-beitragsbild.jpg","width":1200,"height":1200,"caption":"paiqo - The Platform & AI Company"},"image":{"@id":"https:\/\/paiqo.com\/ch\/#\/schema\/logo\/image\/"}}]}},"_links":{"self":[{"href":"https:\/\/paiqo.com\/ch\/wp-json\/wp\/v2\/pages\/8140","targetHints":{"allow":["GET"]}}],"collection":[{"href":"https:\/\/paiqo.com\/ch\/wp-json\/wp\/v2\/pages"}],"about":[{"href":"https:\/\/paiqo.com\/ch\/wp-json\/wp\/v2\/types\/page"}],"author":[{"embeddable":true,"href":"https:\/\/paiqo.com\/ch\/wp-json\/wp\/v2\/users\/4"}],"replies":[{"embeddable":true,"href":"https:\/\/paiqo.com\/ch\/wp-json\/wp\/v2\/comments?post=8140"}],"version-history":[{"count":0,"href":"https:\/\/paiqo.com\/ch\/wp-json\/wp\/v2\/pages\/8140\/revisions"}],"up":[{"embeddable":true,"href":"https:\/\/paiqo.com\/ch\/wp-json\/wp\/v2\/pages\/8186"}],"wp:featuredmedia":[{"embeddable":true,"href":"https:\/\/paiqo.com\/ch\/wp-json\/wp\/v2\/media\/8142"}],"wp:attachment":[{"href":"https:\/\/paiqo.com\/ch\/wp-json\/wp\/v2\/media?parent=8140"}],"wp:term":[{"taxonomy":"category","embeddable":true,"href":"https:\/\/paiqo.com\/ch\/wp-json\/wp\/v2\/categories?post=8140"}],"curies":[{"name":"wp","href":"https:\/\/api.w.org\/{rel}","templated":true}]}}