{"id":8146,"date":"2025-01-14T11:54:55","date_gmt":"2025-01-14T10:54:55","guid":{"rendered":"https:\/\/paiqo.com\/microsoft-ai-tour-vienna-2025\/"},"modified":"2025-01-14T11:54:55","modified_gmt":"2025-01-14T10:54:55","slug":"microsoft-ai-tour-vienna-2025","status":"publish","type":"page","link":"https:\/\/paiqo.com\/ch\/events\/microsoft-ai-tour-vienna-2025\/","title":{"rendered":"Microsoft AI Tour Vienna 2025"},"content":{"rendered":"\t\t<div data-elementor-type=\"wp-page\" data-elementor-id=\"8146\" class=\"elementor elementor-8146 elementor-7567\" data-elementor-post-type=\"page\">\n\t\t\t\t\t\t<section class=\"elementor-section elementor-top-section elementor-element elementor-element-8ff614f elementor-section-full_width elementor-section-height-min-height elementor-section-height-default elementor-section-items-middle\" data-id=\"8ff614f\" data-element_type=\"section\" data-e-type=\"section\" data-settings=\"{&quot;jet_parallax_layout_list&quot;:[],&quot;background_background&quot;:&quot;classic&quot;}\">\n\t\t\t\t\t\t<div class=\"elementor-container elementor-column-gap-default\">\n\t\t\t\t\t<div class=\"elementor-column elementor-col-100 elementor-top-column elementor-element elementor-element-fa71d25\" data-id=\"fa71d25\" data-element_type=\"column\" data-e-type=\"column\">\n\t\t\t<div class=\"elementor-widget-wrap elementor-element-populated\">\n\t\t\t\t\t\t<div class=\"elementor-element elementor-element-fee2191 elementor-widget elementor-widget-spacer\" data-id=\"fee2191\" data-element_type=\"widget\" data-e-type=\"widget\" data-widget_type=\"spacer.default\">\n\t\t\t\t<div class=\"elementor-widget-container\">\n\t\t\t\t\t\t\t<div class=\"elementor-spacer\">\n\t\t\t<div class=\"elementor-spacer-inner\"><\/div>\n\t\t<\/div>\n\t\t\t\t\t\t<\/div>\n\t\t\t\t<\/div>\n\t\t\t\t\t<\/div>\n\t\t<\/div>\n\t\t\t\t\t<\/div>\n\t\t<\/section>\n\t\t\t\t<section class=\"elementor-section elementor-top-section elementor-element elementor-element-d363aec elementor-section-full_width elementor-section-height-default elementor-section-height-default\" data-id=\"d363aec\" data-element_type=\"section\" data-e-type=\"section\" data-settings=\"{&quot;jet_parallax_layout_list&quot;:[]}\">\n\t\t\t\t\t\t<div class=\"elementor-container elementor-column-gap-default\">\n\t\t\t\t\t<div class=\"elementor-column elementor-col-100 elementor-top-column elementor-element elementor-element-33ad683\" data-id=\"33ad683\" data-element_type=\"column\" data-e-type=\"column\">\n\t\t\t<div class=\"elementor-widget-wrap elementor-element-populated\">\n\t\t\t\t\t\t<div class=\"elementor-element elementor-element-89daa48 elementor-widget elementor-widget-text-editor\" data-id=\"89daa48\" data-element_type=\"widget\" data-e-type=\"widget\" data-widget_type=\"text-editor.default\">\n\t\t\t\t<div class=\"elementor-widget-container\">\n\t\t\t\t\t\t\t\t\t<h2>Donnerstag | 06.03.2025 | 08:15 &#8211; 19:00 Uhr | Wien<\/h2>\n\t\t\t\t\t\t\t\t<\/div>\n\t\t\t\t<\/div>\n\t\t\t\t<div class=\"elementor-element elementor-element-f6c6faf elementor-button-info elementor-align-center elementor-widget elementor-widget-button\" data-id=\"f6c6faf\" data-element_type=\"widget\" data-e-type=\"widget\" data-widget_type=\"button.default\">\n\t\t\t\t<div class=\"elementor-widget-container\">\n\t\t\t\t\t\t\t\t\t<div class=\"elementor-button-wrapper\">\n\t\t\t\t\t<a class=\"elementor-button elementor-button-link elementor-size-sm\" href=\"https:\/\/msevents.microsoft.com\/event?id=3385159751\" target=\"_blank\">\n\t\t\t\t\t\t<span class=\"elementor-button-content-wrapper\">\n\t\t\t\t\t\t\t\t\t<span class=\"elementor-button-text\">ZUR Microsoft AI Tour ANMELDEN<\/span>\n\t\t\t\t\t<\/span>\n\t\t\t\t\t<\/a>\n\t\t\t\t<\/div>\n\t\t\t\t\t\t\t\t<\/div>\n\t\t\t\t<\/div>\n\t\t\t\t\t<\/div>\n\t\t<\/div>\n\t\t\t\t\t<\/div>\n\t\t<\/section>\n\t\t\t\t<section class=\"elementor-section elementor-top-section elementor-element elementor-element-35bd8f1 elementor-section-boxed elementor-section-height-default elementor-section-height-default\" data-id=\"35bd8f1\" data-element_type=\"section\" data-e-type=\"section\" data-settings=\"{&quot;jet_parallax_layout_list&quot;:[]}\">\n\t\t\t\t\t\t<div class=\"elementor-container elementor-column-gap-default\">\n\t\t\t\t\t<div class=\"elementor-column elementor-col-100 elementor-top-column elementor-element elementor-element-26b5ace\" data-id=\"26b5ace\" data-element_type=\"column\" data-e-type=\"column\">\n\t\t\t<div class=\"elementor-widget-wrap elementor-element-populated\">\n\t\t\t\t\t\t<div class=\"elementor-element elementor-element-de48b6f elementor-widget elementor-widget-html\" data-id=\"de48b6f\" data-element_type=\"widget\" data-e-type=\"widget\" data-widget_type=\"html.default\">\n\t\t\t\t<div class=\"elementor-widget-container\">\n\t\t\t\t\t<div style=\"position: relative; display: inline-block;\">\n    <video width=\"600\" autoplay muted loop>\n        <source src=\"https:\/\/paiqo.com\/wp-content\/uploads\/2025\/02\/MS-AI-TOur-Vienna.mp4\">\n    <\/video>\n    <a href=\"https:\/\/msevents.microsoft.com\/event?id=3385159751\" target=\"_blank\" style=\"position: absolute; top: 0; left: 0; width: 100%; height: 100%; display: block; z-index: 1;\"><\/a>\n<\/div>\n\t\t\t\t<\/div>\n\t\t\t\t<\/div>\n\t\t\t\t<div class=\"elementor-element elementor-element-e58590a elementor-widget elementor-widget-text-editor\" data-id=\"e58590a\" data-element_type=\"widget\" data-e-type=\"widget\" data-widget_type=\"text-editor.default\">\n\t\t\t\t<div class=\"elementor-widget-container\">\n\t\t\t\t\t\t\t\t\t<p>Die <strong>Microsoft AI Tour<\/strong> macht Halt in <strong>Wien<\/strong>, und <strong>paiqo<\/strong> ist mit dabei! Als Microsoft <strong>Partner of the Year<\/strong> Austria laden wir Sie herzlich ein, uns an unserem <strong>Stand<\/strong> zu besuchen und gemeinsam einen Blick in die <strong>Zukunft der K\u00fcnstlichen Intelligenz<\/strong> zu werfen.<\/p>\n<p>Freuen Sie sich auf innovative Technologien, spannende Einblicke und inspirierende Gespr\u00e4che mit Branchenexperten und Technologie-Enthusiasten. Erleben Sie, wie modernste KI-Tools und Anwendungen neue M\u00f6glichkeiten er\u00f6ffnen und erhalten Sie konkrete Ideen, wie Sie K\u00fcnstliche Intelligenz nachhaltig in Ihrem Unternehmen integrieren k\u00f6nnen. Lassen Sie uns gemeinsam die digitale Transformation vorantreiben und die n\u00e4chste Generation von KI gestalten!<\/p>\n<p>&nbsp;<\/p>\n<hr \/>\n<p>&nbsp;<\/p>\n<p>Gerne laden wir Sie auch zu unserer<strong> Breakout Session<\/strong> zum Thema Microsoft Fabric ein:<\/p>\n<p>&nbsp;<\/p>\n<p><span style=\"font-size: x-large\"><strong>Aufbau einer zentralen Datenplattform mit Microsoft Fabric bei Baumit<br \/>\n<\/strong><\/span><\/p>\n<p><strong>Best Practices f\u00fcr Datenstrategien und Datenplattformen in grossen Organisationen<\/strong><\/p>\n<p>Jakob Weinknecht, Head of CC BI &amp; Data AI, <span data-teams=\"true\">Schmid Industrie Holding, Baumit Beteiligungen GmbH<\/span><\/p>\n<p><span data-teams=\"true\">Gernot Molin, Chief Architect, Co Founder, paiqo GmbH<\/span><\/p>\n<p>&nbsp;<\/p>\n<p>Erleben Sie, wie wir mit Microsoft Fabric eine leistungsstarke, zentrale Datenplattform in einer internationalen und gleichzeitig dezentralen Organisation erfolgreich etabliert haben. Im Mittelpunkt standen die Harmonisierung und Standardisierung eines einheitlichen Business-Modells \u00fcber verschiedene Regionen hinweg. In diesem Vortrag teilen wir unsere Erfahrungen aus erster Hand: Von den gr\u00f6ssten Herausforderungen \u00fcber die entscheidenden Erfolgsfaktoren bis hin zu bew\u00e4hrten Best Practices. Erfahren Sie, wie eine durchdachte Datenstrategie in grossen Organisationen umgesetzt werden kann, und nehmen Sie Inspiration f\u00fcr Ihre eigenen Projekte mit.<\/p>\n<p>&nbsp;<\/p>\n<hr \/>\n<p>&nbsp;<\/p>\n\t\t\t\t\t\t\t\t<\/div>\n\t\t\t\t<\/div>\n\t\t\t\t<div class=\"elementor-element elementor-element-37f34cd elementor-widget elementor-widget-html\" data-id=\"37f34cd\" data-element_type=\"widget\" data-e-type=\"widget\" data-widget_type=\"html.default\">\n\t\t\t\t<div class=\"elementor-widget-container\">\n\t\t\t\t\t<div style=\"position: relative; display: inline-block;\">\n    <video width=\"600\" autoplay muted loop>\n        <source src=\"https:\/\/paiqo.com\/wp-content\/uploads\/2025\/01\/paiqo.mp4\" type=\"video\/mp4\">\n    <\/video>\n    <a href=\"https:\/\/msevents.microsoft.com\/event?id=3385159751\" target=\"_blank\" style=\"position: absolute; top: 0; left: 0; width: 100%; height: 100%; display: block; z-index: 1;\"><\/a>\n<\/div>\n\t\t\t\t<\/div>\n\t\t\t\t<\/div>\n\t\t\t\t<div class=\"elementor-element elementor-element-8dae7a3 elementor-widget elementor-widget-spacer\" data-id=\"8dae7a3\" data-element_type=\"widget\" data-e-type=\"widget\" data-widget_type=\"spacer.default\">\n\t\t\t\t<div class=\"elementor-widget-container\">\n\t\t\t\t\t\t\t<div class=\"elementor-spacer\">\n\t\t\t<div class=\"elementor-spacer-inner\"><\/div>\n\t\t<\/div>\n\t\t\t\t\t\t<\/div>\n\t\t\t\t<\/div>\n\t\t\t\t\t<\/div>\n\t\t<\/div>\n\t\t\t\t\t<\/div>\n\t\t<\/section>\n\t\t\t\t<\/div>\n\t\t","protected":false},"excerpt":{"rendered":"<p>ZUR Microsoft AI Tour ANMELDEN<\/p>\n","protected":false},"author":4,"featured_media":8134,"parent":8186,"menu_order":0,"comment_status":"closed","ping_status":"closed","template":"elementor_header_footer","meta":{"footnotes":"","_wp_rev_ctl_limit":""},"categories":[],"class_list":["post-8146","page","type-page","status-publish","has-post-thumbnail","hentry"],"yoast_head":"<!-- This site is optimized with the Yoast SEO plugin v27.2 - https:\/\/yoast.com\/product\/yoast-seo-wordpress\/ -->\n<title>Microsoft AI Tour Vienna 2025 - paiqo<\/title>\n<meta name=\"robots\" content=\"index, follow, max-snippet:-1, max-image-preview:large, max-video-preview:-1\" \/>\n<link rel=\"canonical\" href=\"https:\/\/paiqo.com\/ch\/events\/microsoft-ai-tour-vienna-2025\/\" \/>\n<meta property=\"og:locale\" content=\"en_US\" \/>\n<meta property=\"og:type\" content=\"article\" \/>\n<meta property=\"og:title\" content=\"Microsoft AI Tour Vienna 2025 - paiqo\" \/>\n<meta property=\"og:description\" content=\"ZUR Microsoft AI Tour ANMELDEN\" \/>\n<meta property=\"og:url\" content=\"https:\/\/paiqo.com\/ch\/events\/microsoft-ai-tour-vienna-2025\/\" \/>\n<meta property=\"og:site_name\" content=\"paiqo\" \/>\n<meta name=\"twitter:card\" content=\"summary_large_image\" \/>\n<script type=\"application\/ld+json\" class=\"yoast-schema-graph\">{\"@context\":\"https:\/\/schema.org\",\"@graph\":[{\"@type\":\"WebPage\",\"@id\":\"https:\/\/paiqo.com\/ch\/events\/microsoft-ai-tour-vienna-2025\/\",\"url\":\"https:\/\/paiqo.com\/ch\/events\/microsoft-ai-tour-vienna-2025\/\",\"name\":\"Microsoft AI Tour Vienna 2025 - paiqo\",\"isPartOf\":{\"@id\":\"https:\/\/paiqo.com\/ch\/#website\"},\"primaryImageOfPage\":{\"@id\":\"https:\/\/paiqo.com\/ch\/events\/microsoft-ai-tour-vienna-2025\/#primaryimage\"},\"image\":{\"@id\":\"https:\/\/paiqo.com\/ch\/events\/microsoft-ai-tour-vienna-2025\/#primaryimage\"},\"thumbnailUrl\":\"https:\/\/paiqo.com\/wp-content\/uploads\/2024\/03\/night-1.png\",\"datePublished\":\"2025-01-14T10:54:55+00:00\",\"breadcrumb\":{\"@id\":\"https:\/\/paiqo.com\/ch\/events\/microsoft-ai-tour-vienna-2025\/#breadcrumb\"},\"inLanguage\":\"ch-CH\",\"potentialAction\":[{\"@type\":\"ReadAction\",\"target\":[\"https:\/\/paiqo.com\/ch\/events\/microsoft-ai-tour-vienna-2025\/\"]}]},{\"@type\":\"ImageObject\",\"inLanguage\":\"ch-CH\",\"@id\":\"https:\/\/paiqo.com\/ch\/events\/microsoft-ai-tour-vienna-2025\/#primaryimage\",\"url\":\"https:\/\/paiqo.com\/wp-content\/uploads\/2024\/03\/night-1.png\",\"contentUrl\":\"https:\/\/paiqo.com\/wp-content\/uploads\/2024\/03\/night-1.png\",\"width\":2831,\"height\":1121},{\"@type\":\"BreadcrumbList\",\"@id\":\"https:\/\/paiqo.com\/ch\/events\/microsoft-ai-tour-vienna-2025\/#breadcrumb\",\"itemListElement\":[{\"@type\":\"ListItem\",\"position\":1,\"name\":\"Startseite\",\"item\":\"https:\/\/paiqo.com\/ch\/home\/\"},{\"@type\":\"ListItem\",\"position\":2,\"name\":\"Microsoft AI Tour Vienna 2025\"}]},{\"@type\":\"WebSite\",\"@id\":\"https:\/\/paiqo.com\/ch\/#website\",\"url\":\"https:\/\/paiqo.com\/ch\/\",\"name\":\"paiqo\",\"description\":\"The Platform &amp; AI Company\",\"publisher\":{\"@id\":\"https:\/\/paiqo.com\/ch\/#organization\"},\"potentialAction\":[{\"@type\":\"SearchAction\",\"target\":{\"@type\":\"EntryPoint\",\"urlTemplate\":\"https:\/\/paiqo.com\/ch\/?s={search_term_string}\"},\"query-input\":{\"@type\":\"PropertyValueSpecification\",\"valueRequired\":true,\"valueName\":\"search_term_string\"}}],\"inLanguage\":\"ch-CH\"},{\"@type\":\"Organization\",\"@id\":\"https:\/\/paiqo.com\/ch\/#organization\",\"name\":\"paiqo - The Platform & AI Company\",\"url\":\"https:\/\/paiqo.com\/ch\/\",\"logo\":{\"@type\":\"ImageObject\",\"inLanguage\":\"ch-CH\",\"@id\":\"https:\/\/paiqo.com\/ch\/#\/schema\/logo\/image\/\",\"url\":\"https:\/\/paiqo.com\/wp-content\/uploads\/2023\/06\/paiqo-logo-beitragsbild.jpg\",\"contentUrl\":\"https:\/\/paiqo.com\/wp-content\/uploads\/2023\/06\/paiqo-logo-beitragsbild.jpg\",\"width\":1200,\"height\":1200,\"caption\":\"paiqo - The Platform & AI Company\"},\"image\":{\"@id\":\"https:\/\/paiqo.com\/ch\/#\/schema\/logo\/image\/\"}}]}<\/script>\n<!-- \/ Yoast SEO plugin. -->","yoast_head_json":{"title":"Microsoft AI Tour Vienna 2025 - paiqo","robots":{"index":"index","follow":"follow","max-snippet":"max-snippet:-1","max-image-preview":"max-image-preview:large","max-video-preview":"max-video-preview:-1"},"canonical":"https:\/\/paiqo.com\/ch\/events\/microsoft-ai-tour-vienna-2025\/","og_locale":"en_US","og_type":"article","og_title":"Microsoft AI Tour Vienna 2025 - paiqo","og_description":"ZUR Microsoft AI Tour ANMELDEN","og_url":"https:\/\/paiqo.com\/ch\/events\/microsoft-ai-tour-vienna-2025\/","og_site_name":"paiqo","twitter_card":"summary_large_image","schema":{"@context":"https:\/\/schema.org","@graph":[{"@type":"WebPage","@id":"https:\/\/paiqo.com\/ch\/events\/microsoft-ai-tour-vienna-2025\/","url":"https:\/\/paiqo.com\/ch\/events\/microsoft-ai-tour-vienna-2025\/","name":"Microsoft AI Tour Vienna 2025 - paiqo","isPartOf":{"@id":"https:\/\/paiqo.com\/ch\/#website"},"primaryImageOfPage":{"@id":"https:\/\/paiqo.com\/ch\/events\/microsoft-ai-tour-vienna-2025\/#primaryimage"},"image":{"@id":"https:\/\/paiqo.com\/ch\/events\/microsoft-ai-tour-vienna-2025\/#primaryimage"},"thumbnailUrl":"https:\/\/paiqo.com\/wp-content\/uploads\/2024\/03\/night-1.png","datePublished":"2025-01-14T10:54:55+00:00","breadcrumb":{"@id":"https:\/\/paiqo.com\/ch\/events\/microsoft-ai-tour-vienna-2025\/#breadcrumb"},"inLanguage":"ch-CH","potentialAction":[{"@type":"ReadAction","target":["https:\/\/paiqo.com\/ch\/events\/microsoft-ai-tour-vienna-2025\/"]}]},{"@type":"ImageObject","inLanguage":"ch-CH","@id":"https:\/\/paiqo.com\/ch\/events\/microsoft-ai-tour-vienna-2025\/#primaryimage","url":"https:\/\/paiqo.com\/wp-content\/uploads\/2024\/03\/night-1.png","contentUrl":"https:\/\/paiqo.com\/wp-content\/uploads\/2024\/03\/night-1.png","width":2831,"height":1121},{"@type":"BreadcrumbList","@id":"https:\/\/paiqo.com\/ch\/events\/microsoft-ai-tour-vienna-2025\/#breadcrumb","itemListElement":[{"@type":"ListItem","position":1,"name":"Startseite","item":"https:\/\/paiqo.com\/ch\/home\/"},{"@type":"ListItem","position":2,"name":"Microsoft AI Tour Vienna 2025"}]},{"@type":"WebSite","@id":"https:\/\/paiqo.com\/ch\/#website","url":"https:\/\/paiqo.com\/ch\/","name":"paiqo","description":"The Platform &amp; AI Company","publisher":{"@id":"https:\/\/paiqo.com\/ch\/#organization"},"potentialAction":[{"@type":"SearchAction","target":{"@type":"EntryPoint","urlTemplate":"https:\/\/paiqo.com\/ch\/?s={search_term_string}"},"query-input":{"@type":"PropertyValueSpecification","valueRequired":true,"valueName":"search_term_string"}}],"inLanguage":"ch-CH"},{"@type":"Organization","@id":"https:\/\/paiqo.com\/ch\/#organization","name":"paiqo - The Platform & AI Company","url":"https:\/\/paiqo.com\/ch\/","logo":{"@type":"ImageObject","inLanguage":"ch-CH","@id":"https:\/\/paiqo.com\/ch\/#\/schema\/logo\/image\/","url":"https:\/\/paiqo.com\/wp-content\/uploads\/2023\/06\/paiqo-logo-beitragsbild.jpg","contentUrl":"https:\/\/paiqo.com\/wp-content\/uploads\/2023\/06\/paiqo-logo-beitragsbild.jpg","width":1200,"height":1200,"caption":"paiqo - The Platform & AI Company"},"image":{"@id":"https:\/\/paiqo.com\/ch\/#\/schema\/logo\/image\/"}}]}},"_links":{"self":[{"href":"https:\/\/paiqo.com\/ch\/wp-json\/wp\/v2\/pages\/8146","targetHints":{"allow":["GET"]}}],"collection":[{"href":"https:\/\/paiqo.com\/ch\/wp-json\/wp\/v2\/pages"}],"about":[{"href":"https:\/\/paiqo.com\/ch\/wp-json\/wp\/v2\/types\/page"}],"author":[{"embeddable":true,"href":"https:\/\/paiqo.com\/ch\/wp-json\/wp\/v2\/users\/4"}],"replies":[{"embeddable":true,"href":"https:\/\/paiqo.com\/ch\/wp-json\/wp\/v2\/comments?post=8146"}],"version-history":[{"count":0,"href":"https:\/\/paiqo.com\/ch\/wp-json\/wp\/v2\/pages\/8146\/revisions"}],"up":[{"embeddable":true,"href":"https:\/\/paiqo.com\/ch\/wp-json\/wp\/v2\/pages\/8186"}],"wp:featuredmedia":[{"embeddable":true,"href":"https:\/\/paiqo.com\/ch\/wp-json\/wp\/v2\/media\/8134"}],"wp:attachment":[{"href":"https:\/\/paiqo.com\/ch\/wp-json\/wp\/v2\/media?parent=8146"}],"wp:term":[{"taxonomy":"category","embeddable":true,"href":"https:\/\/paiqo.com\/ch\/wp-json\/wp\/v2\/categories?post=8146"}],"curies":[{"name":"wp","href":"https:\/\/api.w.org\/{rel}","templated":true}]}}