{"id":8176,"date":"2024-06-11T12:52:58","date_gmt":"2024-06-11T10:52:58","guid":{"rendered":"https:\/\/paiqo.com\/paiqo-auf-der-microsoft-ignite-2024-2\/"},"modified":"2024-06-11T12:52:58","modified_gmt":"2024-06-11T10:52:58","slug":"paiqo-auf-der-microsoft-ignite-2024-2","status":"publish","type":"page","link":"https:\/\/paiqo.com\/ch\/news\/paiqo-auf-der-microsoft-ignite-2024-2\/","title":{"rendered":"paiqo auf der Microsoft Ignite 2024"},"content":{"rendered":"\t\t<div data-elementor-type=\"wp-page\" data-elementor-id=\"8176\" class=\"elementor elementor-8176 elementor-5901\" data-elementor-post-type=\"page\">\n\t\t\t\t\t\t<section class=\"elementor-section elementor-top-section elementor-element elementor-element-8ff614f elementor-section-full_width elementor-section-height-min-height elementor-section-height-default elementor-section-items-middle\" data-id=\"8ff614f\" data-element_type=\"section\" data-e-type=\"section\" data-settings=\"{&quot;jet_parallax_layout_list&quot;:[],&quot;background_background&quot;:&quot;classic&quot;}\">\n\t\t\t\t\t\t<div class=\"elementor-container elementor-column-gap-default\">\n\t\t\t\t\t<div class=\"elementor-column elementor-col-100 elementor-top-column elementor-element elementor-element-fa71d25\" data-id=\"fa71d25\" data-element_type=\"column\" data-e-type=\"column\">\n\t\t\t<div class=\"elementor-widget-wrap elementor-element-populated\">\n\t\t\t\t\t\t<div class=\"elementor-element elementor-element-fee2191 elementor-widget elementor-widget-spacer\" data-id=\"fee2191\" data-element_type=\"widget\" data-e-type=\"widget\" data-widget_type=\"spacer.default\">\n\t\t\t\t<div class=\"elementor-widget-container\">\n\t\t\t\t\t\t\t<div class=\"elementor-spacer\">\n\t\t\t<div class=\"elementor-spacer-inner\"><\/div>\n\t\t<\/div>\n\t\t\t\t\t\t<\/div>\n\t\t\t\t<\/div>\n\t\t\t\t\t<\/div>\n\t\t<\/div>\n\t\t\t\t\t<\/div>\n\t\t<\/section>\n\t\t\t\t<section class=\"elementor-section elementor-top-section elementor-element elementor-element-d363aec elementor-section-full_width elementor-section-height-default elementor-section-height-default\" data-id=\"d363aec\" data-element_type=\"section\" data-e-type=\"section\" data-settings=\"{&quot;jet_parallax_layout_list&quot;:[]}\">\n\t\t\t\t\t\t<div class=\"elementor-container elementor-column-gap-default\">\n\t\t\t\t\t<div class=\"elementor-column elementor-col-100 elementor-top-column elementor-element elementor-element-33ad683\" data-id=\"33ad683\" data-element_type=\"column\" data-e-type=\"column\">\n\t\t\t<div class=\"elementor-widget-wrap elementor-element-populated\">\n\t\t\t\t\t\t<div class=\"elementor-element elementor-element-004c0f1 elementor-widget elementor-widget-text-editor\" data-id=\"004c0f1\" data-element_type=\"widget\" data-e-type=\"widget\" data-widget_type=\"text-editor.default\">\n\t\t\t\t<div class=\"elementor-widget-container\">\n\t\t\t\t\t\t\t\t\t<h4>Die Microsoft Ignite 2024 in Wien zeigte eindrucksvoll, wie zentral K\u00fcnstliche Intelligenz f\u00fcr die Zukunft der Wirtschaft ist. Die Konferenz zog zahlreiche Teilnehmer an und unterstrich das wachsende Interesse an AI-Technologien. Zusammen mit unserern Kunden der Zumtobel Group AG und der BWT Group hielt paiqo die Keynote zum Thema &#8220;Die KI Revolution&#8221;.<\/h4>\t\t\t\t\t\t\t\t<\/div>\n\t\t\t\t<\/div>\n\t\t\t\t\t<\/div>\n\t\t<\/div>\n\t\t\t\t\t<\/div>\n\t\t<\/section>\n\t\t\t\t<section class=\"elementor-section elementor-top-section elementor-element elementor-element-941a7f8 elementor-section-full_width elementor-section-height-default elementor-section-height-default\" data-id=\"941a7f8\" data-element_type=\"section\" data-e-type=\"section\" data-settings=\"{&quot;jet_parallax_layout_list&quot;:[]}\">\n\t\t\t\t\t\t<div class=\"elementor-container elementor-column-gap-default\">\n\t\t\t\t\t<div class=\"elementor-column elementor-col-100 elementor-top-column elementor-element elementor-element-b984c73\" data-id=\"b984c73\" data-element_type=\"column\" data-e-type=\"column\">\n\t\t\t<div class=\"elementor-widget-wrap elementor-element-populated\">\n\t\t\t\t\t\t<div class=\"elementor-element elementor-element-906d3d1 elementor-widget elementor-widget-video\" data-id=\"906d3d1\" data-element_type=\"widget\" data-e-type=\"widget\" data-settings=\"{&quot;video_type&quot;:&quot;hosted&quot;,&quot;mute&quot;:&quot;yes&quot;,&quot;controls&quot;:&quot;yes&quot;}\" data-widget_type=\"video.default\">\n\t\t\t\t<div class=\"elementor-widget-container\">\n\t\t\t\t\t\t\t<div class=\"e-hosted-video elementor-wrapper elementor-open-inline\">\n\t\t\t\t\t<video class=\"elementor-video\" src=\"https:\/\/paiqo.com\/wp-content\/uploads\/2024\/04\/paiqo_partnervideo_deUT_v1.mp4\" controls=\"\" preload=\"metadata\" muted=\"muted\" controlsList=\"nodownload\"><\/video>\n\t\t\t\t<\/div>\n\t\t\t\t\t\t<\/div>\n\t\t\t\t<\/div>\n\t\t\t\t<div class=\"elementor-element elementor-element-5fce66c elementor-widget elementor-widget-spacer\" data-id=\"5fce66c\" data-element_type=\"widget\" data-e-type=\"widget\" data-widget_type=\"spacer.default\">\n\t\t\t\t<div class=\"elementor-widget-container\">\n\t\t\t\t\t\t\t<div class=\"elementor-spacer\">\n\t\t\t<div class=\"elementor-spacer-inner\"><\/div>\n\t\t<\/div>\n\t\t\t\t\t\t<\/div>\n\t\t\t\t<\/div>\n\t\t\t\t<div class=\"elementor-element elementor-element-2229368 elementor-widget elementor-widget-text-editor\" data-id=\"2229368\" data-element_type=\"widget\" data-e-type=\"widget\" data-widget_type=\"text-editor.default\">\n\t\t\t\t<div class=\"elementor-widget-container\">\n\t\t\t\t\t\t\t\t\t<p><span class=\"break-words tvm-parent-container\"><span dir=\"ltr\">Mit der Microsoft Ignite ist eine der gr\u00f6ssten Tech-Konferenzen 2024 nach Wien gekommen, und wir waren live dabei! <\/span><\/span>Wir m\u00f6chten uns bei unserem Partner Microsoft f\u00fcr die rundum gelungene Veranstaltung bedanken und bei allen Teilnehmerinnen und Teilnehmern f\u00fcr die inspirierenden Gespr\u00e4che.<\/p>\n<p>Das Thema &#8220;Limitless Innovation in the Era of AI&#8221; war nicht nur ein Leitmotiv der Konferenz, sondern spiegelte sich auch in den Gespr\u00e4chen an unserem Messestand wider. Das enorme Interesse zeigte, dass K\u00fcnstliche Intelligenz nicht nur angekommen, sondern auch unerl\u00e4sslich f\u00fcr die Zukunft der Wirtschaft geworden ist.<br \/>\nDie Keynote zum Thema \u201eDie AI-Revolution\u201c, pr\u00e4sentiert von Gernot Molin, Co-Founder der paiqo, Dr. Bernard Motzko, COO der Zumtobel Group AG und Christoph Auer, Head of Group IT der BWT Group, verdeutlichte die Bedeutung von KI anhand praxisnaher Beispiele wie OpenAI, Demand Forecasting und Microsoft Fabric. Die vielen Teilnehmerinnen und Teilnehmer zeigten, dass das Bewusstsein f\u00fcr den Mehrwert von KI in der Wirtschaft rasant w\u00e4chst.<\/p>\n<p>Wir sind begeistert von der grossen Resonanz und freuen uns darauf, beim n\u00e4chsten Mal wieder dabei zu sein. Entdecken Sie unten weitere Impressionen des Events und sprechen Sie uns jederzeit gerne bei Fragen an.<\/p>\n\t\t\t\t\t\t\t\t<\/div>\n\t\t\t\t<\/div>\n\t\t\t\t<div class=\"elementor-element elementor-element-8d255ab elementor-widget__width-inherit elementor-widget elementor-widget-gallery\" data-id=\"8d255ab\" data-element_type=\"widget\" data-e-type=\"widget\" data-settings=\"{&quot;gallery_layout&quot;:&quot;justified&quot;,&quot;ideal_row_height&quot;:{&quot;unit&quot;:&quot;px&quot;,&quot;size&quot;:174,&quot;sizes&quot;:[]},&quot;lazyload&quot;:&quot;yes&quot;,&quot;ideal_row_height_tablet&quot;:{&quot;unit&quot;:&quot;px&quot;,&quot;size&quot;:150,&quot;sizes&quot;:[]},&quot;ideal_row_height_mobile&quot;:{&quot;unit&quot;:&quot;px&quot;,&quot;size&quot;:150,&quot;sizes&quot;:[]},&quot;gap&quot;:{&quot;unit&quot;:&quot;px&quot;,&quot;size&quot;:10,&quot;sizes&quot;:[]},&quot;gap_tablet&quot;:{&quot;unit&quot;:&quot;px&quot;,&quot;size&quot;:10,&quot;sizes&quot;:[]},&quot;gap_mobile&quot;:{&quot;unit&quot;:&quot;px&quot;,&quot;size&quot;:10,&quot;sizes&quot;:[]},&quot;link_to&quot;:&quot;file&quot;,&quot;overlay_background&quot;:&quot;yes&quot;,&quot;content_hover_animation&quot;:&quot;fade-in&quot;}\" data-widget_type=\"gallery.default\">\n\t\t\t\t<div class=\"elementor-widget-container\">\n\t\t\t\t\t\t\t<div class=\"elementor-gallery__container\">\n\t\t\t\t\t\t\t<a class=\"e-gallery-item elementor-gallery-item elementor-animated-content\" href=\"https:\/\/paiqo.com\/wp-content\/uploads\/2024\/06\/1711121016254.jpg\" data-elementor-open-lightbox=\"yes\" data-elementor-lightbox-slideshow=\"8d255ab\" data-elementor-lightbox-title=\"Microsoft Ignite 2024\" data-e-action-hash=\"#elementor-action%3Aaction%3Dlightbox%26settings%3DeyJpZCI6ODE4MSwidXJsIjoiaHR0cHM6XC9cL3BhaXFvLmNvbVwvd3AtY29udGVudFwvdXBsb2Fkc1wvMjAyNFwvMDZcLzE3MTExMjEwMTYyNTQuanBnIiwic2xpZGVzaG93IjoiOGQyNTVhYiJ9\">\n\t\t\t\t\t<div class=\"e-gallery-image elementor-gallery-item__image\" data-thumbnail=\"https:\/\/paiqo.com\/wp-content\/uploads\/2024\/06\/1711121016254-300x224.jpg\" data-width=\"300\" data-height=\"224\" aria-label=\"\" role=\"img\" ><\/div>\n\t\t\t\t\t\t\t\t\t\t\t<div class=\"elementor-gallery-item__overlay\"><\/div>\n\t\t\t\t\t\t\t\t\t\t\t\t\t\t<\/a>\n\t\t\t\t\t\t\t<a class=\"e-gallery-item elementor-gallery-item elementor-animated-content\" href=\"https:\/\/paiqo.com\/wp-content\/uploads\/2024\/06\/Microsoft-Ignite-2024-72.jpg\" data-elementor-open-lightbox=\"yes\" data-elementor-lightbox-slideshow=\"8d255ab\" data-elementor-lightbox-title=\"Microsoft Ignite 2024\" data-e-action-hash=\"#elementor-action%3Aaction%3Dlightbox%26settings%3DeyJpZCI6NTkxMCwidXJsIjoiaHR0cHM6XC9cL3BhaXFvLmNvbVwvd3AtY29udGVudFwvdXBsb2Fkc1wvMjAyNFwvMDZcL01pY3Jvc29mdC1JZ25pdGUtMjAyNC03Mi5qcGciLCJzbGlkZXNob3ciOiI4ZDI1NWFiIn0%3D\">\n\t\t\t\t\t<div class=\"e-gallery-image elementor-gallery-item__image\" data-thumbnail=\"https:\/\/paiqo.com\/wp-content\/uploads\/2024\/06\/Microsoft-Ignite-2024-72-200x300.jpg\" data-width=\"200\" data-height=\"300\" aria-label=\"\" role=\"img\" ><\/div>\n\t\t\t\t\t\t\t\t\t\t\t<div class=\"elementor-gallery-item__overlay\"><\/div>\n\t\t\t\t\t\t\t\t\t\t\t\t\t\t<\/a>\n\t\t\t\t\t\t\t<a class=\"e-gallery-item elementor-gallery-item elementor-animated-content\" href=\"https:\/\/paiqo.com\/wp-content\/uploads\/2024\/06\/20240321_093840-scaled.jpg\" data-elementor-open-lightbox=\"yes\" data-elementor-lightbox-slideshow=\"8d255ab\" data-elementor-lightbox-title=\"Microsoft Ignite 2024\" data-e-action-hash=\"#elementor-action%3Aaction%3Dlightbox%26settings%3DeyJpZCI6NTkwOSwidXJsIjoiaHR0cHM6XC9cL3BhaXFvLmNvbVwvd3AtY29udGVudFwvdXBsb2Fkc1wvMjAyNFwvMDZcLzIwMjQwMzIxXzA5Mzg0MC1zY2FsZWQuanBnIiwic2xpZGVzaG93IjoiOGQyNTVhYiJ9\">\n\t\t\t\t\t<div class=\"e-gallery-image elementor-gallery-item__image\" data-thumbnail=\"https:\/\/paiqo.com\/wp-content\/uploads\/2024\/06\/20240321_093840-300x225.jpg\" data-width=\"300\" data-height=\"225\" aria-label=\"\" role=\"img\" ><\/div>\n\t\t\t\t\t\t\t\t\t\t\t<div class=\"elementor-gallery-item__overlay\"><\/div>\n\t\t\t\t\t\t\t\t\t\t\t\t\t\t<\/a>\n\t\t\t\t\t\t\t<a class=\"e-gallery-item elementor-gallery-item elementor-animated-content\" href=\"https:\/\/paiqo.com\/wp-content\/uploads\/2024\/06\/Microsoft-Ignite-2024-73.jpg\" data-elementor-open-lightbox=\"yes\" data-elementor-lightbox-slideshow=\"8d255ab\" data-elementor-lightbox-title=\"Microsoft Ignite 2024\" data-e-action-hash=\"#elementor-action%3Aaction%3Dlightbox%26settings%3DeyJpZCI6NTkwOCwidXJsIjoiaHR0cHM6XC9cL3BhaXFvLmNvbVwvd3AtY29udGVudFwvdXBsb2Fkc1wvMjAyNFwvMDZcL01pY3Jvc29mdC1JZ25pdGUtMjAyNC03My5qcGciLCJzbGlkZXNob3ciOiI4ZDI1NWFiIn0%3D\">\n\t\t\t\t\t<div class=\"e-gallery-image elementor-gallery-item__image\" data-thumbnail=\"https:\/\/paiqo.com\/wp-content\/uploads\/2024\/06\/Microsoft-Ignite-2024-73-300x200.jpg\" data-width=\"300\" data-height=\"200\" aria-label=\"\" role=\"img\" ><\/div>\n\t\t\t\t\t\t\t\t\t\t\t<div class=\"elementor-gallery-item__overlay\"><\/div>\n\t\t\t\t\t\t\t\t\t\t\t\t\t\t<\/a>\n\t\t\t\t\t\t\t<a class=\"e-gallery-item elementor-gallery-item elementor-animated-content\" href=\"https:\/\/paiqo.com\/wp-content\/uploads\/2024\/06\/Microsoft-Ignite-2024-37.jpg\" data-elementor-open-lightbox=\"yes\" data-elementor-lightbox-slideshow=\"8d255ab\" data-elementor-lightbox-title=\"Microsoft Ignite 2024\" data-e-action-hash=\"#elementor-action%3Aaction%3Dlightbox%26settings%3DeyJpZCI6NTkwNywidXJsIjoiaHR0cHM6XC9cL3BhaXFvLmNvbVwvd3AtY29udGVudFwvdXBsb2Fkc1wvMjAyNFwvMDZcL01pY3Jvc29mdC1JZ25pdGUtMjAyNC0zNy5qcGciLCJzbGlkZXNob3ciOiI4ZDI1NWFiIn0%3D\">\n\t\t\t\t\t<div class=\"e-gallery-image elementor-gallery-item__image\" data-thumbnail=\"https:\/\/paiqo.com\/wp-content\/uploads\/2024\/06\/Microsoft-Ignite-2024-37-300x200.jpg\" data-width=\"300\" data-height=\"200\" aria-label=\"\" role=\"img\" ><\/div>\n\t\t\t\t\t\t\t\t\t\t\t<div class=\"elementor-gallery-item__overlay\"><\/div>\n\t\t\t\t\t\t\t\t\t\t\t\t\t\t<\/a>\n\t\t\t\t\t\t\t<a class=\"e-gallery-item elementor-gallery-item elementor-animated-content\" href=\"https:\/\/paiqo.com\/wp-content\/uploads\/2024\/06\/20240321_080502-scaled.jpg\" data-elementor-open-lightbox=\"yes\" data-elementor-lightbox-slideshow=\"8d255ab\" data-elementor-lightbox-title=\"Microsoft Ignite 2024\" data-e-action-hash=\"#elementor-action%3Aaction%3Dlightbox%26settings%3DeyJpZCI6NTkwNiwidXJsIjoiaHR0cHM6XC9cL3BhaXFvLmNvbVwvd3AtY29udGVudFwvdXBsb2Fkc1wvMjAyNFwvMDZcLzIwMjQwMzIxXzA4MDUwMi1zY2FsZWQuanBnIiwic2xpZGVzaG93IjoiOGQyNTVhYiJ9\">\n\t\t\t\t\t<div class=\"e-gallery-image elementor-gallery-item__image\" data-thumbnail=\"https:\/\/paiqo.com\/wp-content\/uploads\/2024\/06\/20240321_080502-300x225.jpg\" data-width=\"300\" data-height=\"225\" aria-label=\"\" role=\"img\" ><\/div>\n\t\t\t\t\t\t\t\t\t\t\t<div class=\"elementor-gallery-item__overlay\"><\/div>\n\t\t\t\t\t\t\t\t\t\t\t\t\t\t<\/a>\n\t\t\t\t\t\t\t<a class=\"e-gallery-item elementor-gallery-item elementor-animated-content\" href=\"https:\/\/paiqo.com\/wp-content\/uploads\/2024\/06\/20240321_101005-scaled.jpg\" data-elementor-open-lightbox=\"yes\" data-elementor-lightbox-slideshow=\"8d255ab\" data-elementor-lightbox-title=\"Microsoft Ignite 2024\" data-e-action-hash=\"#elementor-action%3Aaction%3Dlightbox%26settings%3DeyJpZCI6NTkwNSwidXJsIjoiaHR0cHM6XC9cL3BhaXFvLmNvbVwvd3AtY29udGVudFwvdXBsb2Fkc1wvMjAyNFwvMDZcLzIwMjQwMzIxXzEwMTAwNS1zY2FsZWQuanBnIiwic2xpZGVzaG93IjoiOGQyNTVhYiJ9\">\n\t\t\t\t\t<div class=\"e-gallery-image elementor-gallery-item__image\" data-thumbnail=\"https:\/\/paiqo.com\/wp-content\/uploads\/2024\/06\/20240321_101005-300x225.jpg\" data-width=\"300\" data-height=\"225\" aria-label=\"\" role=\"img\" ><\/div>\n\t\t\t\t\t\t\t\t\t\t\t<div class=\"elementor-gallery-item__overlay\"><\/div>\n\t\t\t\t\t\t\t\t\t\t\t\t\t\t<\/a>\n\t\t\t\t\t<\/div>\n\t\t\t\t\t<\/div>\n\t\t\t\t<\/div>\n\t\t\t\t<div class=\"elementor-element elementor-element-ddbea2b elementor-widget elementor-widget-video\" data-id=\"ddbea2b\" data-element_type=\"widget\" data-e-type=\"widget\" data-settings=\"{&quot;video_type&quot;:&quot;hosted&quot;,&quot;controls&quot;:&quot;yes&quot;}\" data-widget_type=\"video.default\">\n\t\t\t\t<div class=\"elementor-widget-container\">\n\t\t\t\t\t\t\t<div class=\"e-hosted-video elementor-wrapper elementor-open-inline\">\n\t\t\t\t\t<video class=\"elementor-video\" src=\"https:\/\/paiqo.com\/wp-content\/uploads\/2024\/04\/Ignite-paiqo-Keynote-mit-Webinar-720p.mp4\" controls=\"\" preload=\"metadata\" controlsList=\"nodownload\"><\/video>\n\t\t\t\t<\/div>\n\t\t\t\t\t\t<\/div>\n\t\t\t\t<\/div>\n\t\t\t\t\t<\/div>\n\t\t<\/div>\n\t\t\t\t\t<\/div>\n\t\t<\/section>\n\t\t\t\t<\/div>\n\t\t","protected":false},"excerpt":{"rendered":"<p>Die Microsoft Ignite 2024 in Wien zeigte eindrucksvoll, wie zentral K\u00fcnstliche Intelligenz f\u00fcr die Zukunft der Wirtschaft ist. Die Konferenz zog zahlreiche Teilnehmer an und unterstrich das wachsende Interesse an AI-Technologien. Zusammen mit unserern Kunden der Zumtobel Group AG und der BWT Group hielt paiqo die Keynote zum Thema &#8220;Die KI Revolution&#8221;. https:\/\/paiqo.com\/wp-content\/uploads\/2024\/04\/paiqo_partnervideo_deUT_v1.mp4 https:\/\/paiqo.com\/wp-content\/uploads\/2024\/04\/Ignite-paiqo-Keynote-mit-Webinar-720p.mp4<\/p>\n","protected":false},"author":4,"featured_media":8134,"parent":8180,"menu_order":0,"comment_status":"closed","ping_status":"closed","template":"elementor_header_footer","meta":{"footnotes":"","_wp_rev_ctl_limit":""},"categories":[],"class_list":["post-8176","page","type-page","status-publish","has-post-thumbnail","hentry"],"yoast_head":"<!-- This site is optimized with the Yoast SEO plugin v27.2 - https:\/\/yoast.com\/product\/yoast-seo-wordpress\/ -->\n<title>paiqo auf der Microsoft Ignite 2024 - paiqo<\/title>\n<meta name=\"robots\" content=\"index, follow, max-snippet:-1, max-image-preview:large, max-video-preview:-1\" \/>\n<link rel=\"canonical\" href=\"https:\/\/paiqo.com\/ch\/news\/paiqo-auf-der-microsoft-ignite-2024-2\/\" \/>\n<meta property=\"og:locale\" content=\"en_US\" \/>\n<meta property=\"og:type\" content=\"article\" \/>\n<meta property=\"og:title\" content=\"paiqo auf der Microsoft Ignite 2024 - paiqo\" \/>\n<meta property=\"og:description\" content=\"Die Microsoft Ignite 2024 in Wien zeigte eindrucksvoll, wie zentral K\u00fcnstliche Intelligenz f\u00fcr die Zukunft der Wirtschaft ist. Die Konferenz zog zahlreiche Teilnehmer an und unterstrich das wachsende Interesse an AI-Technologien. Zusammen mit unserern Kunden der Zumtobel Group AG und der BWT Group hielt paiqo die Keynote zum Thema &#8220;Die KI Revolution&#8221;. https:\/\/paiqo.com\/wp-content\/uploads\/2024\/04\/paiqo_partnervideo_deUT_v1.mp4 https:\/\/paiqo.com\/wp-content\/uploads\/2024\/04\/Ignite-paiqo-Keynote-mit-Webinar-720p.mp4\" \/>\n<meta property=\"og:url\" content=\"https:\/\/paiqo.com\/ch\/news\/paiqo-auf-der-microsoft-ignite-2024-2\/\" \/>\n<meta property=\"og:site_name\" content=\"paiqo\" \/>\n<meta name=\"twitter:card\" content=\"summary_large_image\" \/>\n<script type=\"application\/ld+json\" class=\"yoast-schema-graph\">{\"@context\":\"https:\/\/schema.org\",\"@graph\":[{\"@type\":\"WebPage\",\"@id\":\"https:\/\/paiqo.com\/ch\/news\/paiqo-auf-der-microsoft-ignite-2024-2\/\",\"url\":\"https:\/\/paiqo.com\/ch\/news\/paiqo-auf-der-microsoft-ignite-2024-2\/\",\"name\":\"paiqo auf der Microsoft Ignite 2024 - paiqo\",\"isPartOf\":{\"@id\":\"https:\/\/paiqo.com\/ch\/#website\"},\"primaryImageOfPage\":{\"@id\":\"https:\/\/paiqo.com\/ch\/news\/paiqo-auf-der-microsoft-ignite-2024-2\/#primaryimage\"},\"image\":{\"@id\":\"https:\/\/paiqo.com\/ch\/news\/paiqo-auf-der-microsoft-ignite-2024-2\/#primaryimage\"},\"thumbnailUrl\":\"https:\/\/paiqo.com\/wp-content\/uploads\/2024\/03\/night-1.png\",\"datePublished\":\"2024-06-11T10:52:58+00:00\",\"breadcrumb\":{\"@id\":\"https:\/\/paiqo.com\/ch\/news\/paiqo-auf-der-microsoft-ignite-2024-2\/#breadcrumb\"},\"inLanguage\":\"ch-CH\",\"potentialAction\":[{\"@type\":\"ReadAction\",\"target\":[\"https:\/\/paiqo.com\/ch\/news\/paiqo-auf-der-microsoft-ignite-2024-2\/\"]}]},{\"@type\":\"ImageObject\",\"inLanguage\":\"ch-CH\",\"@id\":\"https:\/\/paiqo.com\/ch\/news\/paiqo-auf-der-microsoft-ignite-2024-2\/#primaryimage\",\"url\":\"https:\/\/paiqo.com\/wp-content\/uploads\/2024\/03\/night-1.png\",\"contentUrl\":\"https:\/\/paiqo.com\/wp-content\/uploads\/2024\/03\/night-1.png\",\"width\":2831,\"height\":1121},{\"@type\":\"BreadcrumbList\",\"@id\":\"https:\/\/paiqo.com\/ch\/news\/paiqo-auf-der-microsoft-ignite-2024-2\/#breadcrumb\",\"itemListElement\":[{\"@type\":\"ListItem\",\"position\":1,\"name\":\"Startseite\",\"item\":\"https:\/\/paiqo.com\/ch\/home\/\"},{\"@type\":\"ListItem\",\"position\":2,\"name\":\"paiqo auf der Microsoft Ignite 2024\"}]},{\"@type\":\"WebSite\",\"@id\":\"https:\/\/paiqo.com\/ch\/#website\",\"url\":\"https:\/\/paiqo.com\/ch\/\",\"name\":\"paiqo\",\"description\":\"The Platform &amp; AI Company\",\"publisher\":{\"@id\":\"https:\/\/paiqo.com\/ch\/#organization\"},\"potentialAction\":[{\"@type\":\"SearchAction\",\"target\":{\"@type\":\"EntryPoint\",\"urlTemplate\":\"https:\/\/paiqo.com\/ch\/?s={search_term_string}\"},\"query-input\":{\"@type\":\"PropertyValueSpecification\",\"valueRequired\":true,\"valueName\":\"search_term_string\"}}],\"inLanguage\":\"ch-CH\"},{\"@type\":\"Organization\",\"@id\":\"https:\/\/paiqo.com\/ch\/#organization\",\"name\":\"paiqo - The Platform & AI Company\",\"url\":\"https:\/\/paiqo.com\/ch\/\",\"logo\":{\"@type\":\"ImageObject\",\"inLanguage\":\"ch-CH\",\"@id\":\"https:\/\/paiqo.com\/ch\/#\/schema\/logo\/image\/\",\"url\":\"https:\/\/paiqo.com\/wp-content\/uploads\/2023\/06\/paiqo-logo-beitragsbild.jpg\",\"contentUrl\":\"https:\/\/paiqo.com\/wp-content\/uploads\/2023\/06\/paiqo-logo-beitragsbild.jpg\",\"width\":1200,\"height\":1200,\"caption\":\"paiqo - The Platform & AI Company\"},\"image\":{\"@id\":\"https:\/\/paiqo.com\/ch\/#\/schema\/logo\/image\/\"}}]}<\/script>\n<!-- \/ Yoast SEO plugin. -->","yoast_head_json":{"title":"paiqo auf der Microsoft Ignite 2024 - paiqo","robots":{"index":"index","follow":"follow","max-snippet":"max-snippet:-1","max-image-preview":"max-image-preview:large","max-video-preview":"max-video-preview:-1"},"canonical":"https:\/\/paiqo.com\/ch\/news\/paiqo-auf-der-microsoft-ignite-2024-2\/","og_locale":"en_US","og_type":"article","og_title":"paiqo auf der Microsoft Ignite 2024 - paiqo","og_description":"Die Microsoft Ignite 2024 in Wien zeigte eindrucksvoll, wie zentral K\u00fcnstliche Intelligenz f\u00fcr die Zukunft der Wirtschaft ist. Die Konferenz zog zahlreiche Teilnehmer an und unterstrich das wachsende Interesse an AI-Technologien. Zusammen mit unserern Kunden der Zumtobel Group AG und der BWT Group hielt paiqo die Keynote zum Thema &#8220;Die KI Revolution&#8221;. https:\/\/paiqo.com\/wp-content\/uploads\/2024\/04\/paiqo_partnervideo_deUT_v1.mp4 https:\/\/paiqo.com\/wp-content\/uploads\/2024\/04\/Ignite-paiqo-Keynote-mit-Webinar-720p.mp4","og_url":"https:\/\/paiqo.com\/ch\/news\/paiqo-auf-der-microsoft-ignite-2024-2\/","og_site_name":"paiqo","twitter_card":"summary_large_image","schema":{"@context":"https:\/\/schema.org","@graph":[{"@type":"WebPage","@id":"https:\/\/paiqo.com\/ch\/news\/paiqo-auf-der-microsoft-ignite-2024-2\/","url":"https:\/\/paiqo.com\/ch\/news\/paiqo-auf-der-microsoft-ignite-2024-2\/","name":"paiqo auf der Microsoft Ignite 2024 - paiqo","isPartOf":{"@id":"https:\/\/paiqo.com\/ch\/#website"},"primaryImageOfPage":{"@id":"https:\/\/paiqo.com\/ch\/news\/paiqo-auf-der-microsoft-ignite-2024-2\/#primaryimage"},"image":{"@id":"https:\/\/paiqo.com\/ch\/news\/paiqo-auf-der-microsoft-ignite-2024-2\/#primaryimage"},"thumbnailUrl":"https:\/\/paiqo.com\/wp-content\/uploads\/2024\/03\/night-1.png","datePublished":"2024-06-11T10:52:58+00:00","breadcrumb":{"@id":"https:\/\/paiqo.com\/ch\/news\/paiqo-auf-der-microsoft-ignite-2024-2\/#breadcrumb"},"inLanguage":"ch-CH","potentialAction":[{"@type":"ReadAction","target":["https:\/\/paiqo.com\/ch\/news\/paiqo-auf-der-microsoft-ignite-2024-2\/"]}]},{"@type":"ImageObject","inLanguage":"ch-CH","@id":"https:\/\/paiqo.com\/ch\/news\/paiqo-auf-der-microsoft-ignite-2024-2\/#primaryimage","url":"https:\/\/paiqo.com\/wp-content\/uploads\/2024\/03\/night-1.png","contentUrl":"https:\/\/paiqo.com\/wp-content\/uploads\/2024\/03\/night-1.png","width":2831,"height":1121},{"@type":"BreadcrumbList","@id":"https:\/\/paiqo.com\/ch\/news\/paiqo-auf-der-microsoft-ignite-2024-2\/#breadcrumb","itemListElement":[{"@type":"ListItem","position":1,"name":"Startseite","item":"https:\/\/paiqo.com\/ch\/home\/"},{"@type":"ListItem","position":2,"name":"paiqo auf der Microsoft Ignite 2024"}]},{"@type":"WebSite","@id":"https:\/\/paiqo.com\/ch\/#website","url":"https:\/\/paiqo.com\/ch\/","name":"paiqo","description":"The Platform &amp; AI Company","publisher":{"@id":"https:\/\/paiqo.com\/ch\/#organization"},"potentialAction":[{"@type":"SearchAction","target":{"@type":"EntryPoint","urlTemplate":"https:\/\/paiqo.com\/ch\/?s={search_term_string}"},"query-input":{"@type":"PropertyValueSpecification","valueRequired":true,"valueName":"search_term_string"}}],"inLanguage":"ch-CH"},{"@type":"Organization","@id":"https:\/\/paiqo.com\/ch\/#organization","name":"paiqo - The Platform & AI Company","url":"https:\/\/paiqo.com\/ch\/","logo":{"@type":"ImageObject","inLanguage":"ch-CH","@id":"https:\/\/paiqo.com\/ch\/#\/schema\/logo\/image\/","url":"https:\/\/paiqo.com\/wp-content\/uploads\/2023\/06\/paiqo-logo-beitragsbild.jpg","contentUrl":"https:\/\/paiqo.com\/wp-content\/uploads\/2023\/06\/paiqo-logo-beitragsbild.jpg","width":1200,"height":1200,"caption":"paiqo - The Platform & AI Company"},"image":{"@id":"https:\/\/paiqo.com\/ch\/#\/schema\/logo\/image\/"}}]}},"_links":{"self":[{"href":"https:\/\/paiqo.com\/ch\/wp-json\/wp\/v2\/pages\/8176","targetHints":{"allow":["GET"]}}],"collection":[{"href":"https:\/\/paiqo.com\/ch\/wp-json\/wp\/v2\/pages"}],"about":[{"href":"https:\/\/paiqo.com\/ch\/wp-json\/wp\/v2\/types\/page"}],"author":[{"embeddable":true,"href":"https:\/\/paiqo.com\/ch\/wp-json\/wp\/v2\/users\/4"}],"replies":[{"embeddable":true,"href":"https:\/\/paiqo.com\/ch\/wp-json\/wp\/v2\/comments?post=8176"}],"version-history":[{"count":0,"href":"https:\/\/paiqo.com\/ch\/wp-json\/wp\/v2\/pages\/8176\/revisions"}],"up":[{"embeddable":true,"href":"https:\/\/paiqo.com\/ch\/wp-json\/wp\/v2\/pages\/8180"}],"wp:featuredmedia":[{"embeddable":true,"href":"https:\/\/paiqo.com\/ch\/wp-json\/wp\/v2\/media\/8134"}],"wp:attachment":[{"href":"https:\/\/paiqo.com\/ch\/wp-json\/wp\/v2\/media?parent=8176"}],"wp:term":[{"taxonomy":"category","embeddable":true,"href":"https:\/\/paiqo.com\/ch\/wp-json\/wp\/v2\/categories?post=8176"}],"curies":[{"name":"wp","href":"https:\/\/api.w.org\/{rel}","templated":true}]}}