{"id":8190,"date":"2023-12-06T11:39:32","date_gmt":"2023-12-06T10:39:32","guid":{"rendered":"https:\/\/paiqo.com\/microsoft\/"},"modified":"2023-12-06T11:39:32","modified_gmt":"2023-12-06T10:39:32","slug":"microsoft","status":"publish","type":"page","link":"https:\/\/paiqo.com\/ch\/unsere-partner\/microsoft\/","title":{"rendered":"Microsoft"},"content":{"rendered":"\t\t<div data-elementor-type=\"wp-page\" data-elementor-id=\"8190\" class=\"elementor elementor-8190 elementor-4743\" data-elementor-post-type=\"page\">\n\t\t\t\t\t\t<section class=\"elementor-section elementor-top-section elementor-element elementor-element-f1ee69d elementor-section-full_width elementor-section-height-default elementor-section-height-default\" data-id=\"f1ee69d\" data-element_type=\"section\" data-e-type=\"section\" data-settings=\"{&quot;jet_parallax_layout_list&quot;:[]}\">\n\t\t\t\t\t\t<div class=\"elementor-container elementor-column-gap-default\">\n\t\t\t\t\t<div class=\"elementor-column elementor-col-100 elementor-top-column elementor-element elementor-element-91b468a\" data-id=\"91b468a\" data-element_type=\"column\" data-e-type=\"column\">\n\t\t\t<div class=\"elementor-widget-wrap elementor-element-populated\">\n\t\t\t\t\t\t<div class=\"elementor-element elementor-element-2c1cf7a elementor-widget elementor-widget-heading\" data-id=\"2c1cf7a\" data-element_type=\"widget\" data-e-type=\"widget\" data-widget_type=\"heading.default\">\n\t\t\t\t<div class=\"elementor-widget-container\">\n\t\t\t\t\t<h3 class=\"elementor-heading-title elementor-size-default\">Unsere Erfolgsgeschichten<\/h3>\t\t\t\t<\/div>\n\t\t\t\t<\/div>\n\t\t\t\t<section class=\"elementor-section elementor-inner-section elementor-element elementor-element-a654c77 elementor-section-full_width elementor-section-content-space-between elementor-section-height-default elementor-section-height-default\" data-id=\"a654c77\" data-element_type=\"section\" data-e-type=\"section\" data-settings=\"{&quot;jet_parallax_layout_list&quot;:[]}\">\n\t\t\t\t\t\t<div class=\"elementor-container elementor-column-gap-default\">\n\t\t\t\t\t<div class=\"elementor-column elementor-col-25 elementor-inner-column elementor-element elementor-element-71ab746\" data-id=\"71ab746\" data-element_type=\"column\" data-e-type=\"column\" data-settings=\"{&quot;background_background&quot;:&quot;classic&quot;}\">\n\t\t\t<div class=\"elementor-widget-wrap elementor-element-populated\">\n\t\t\t\t\t\t<div class=\"elementor-element elementor-element-151575c elementor-widget elementor-widget-heading\" data-id=\"151575c\" data-element_type=\"widget\" data-e-type=\"widget\" data-widget_type=\"heading.default\">\n\t\t\t\t<div class=\"elementor-widget-container\">\n\t\t\t\t\t<h4 class=\"elementor-heading-title elementor-size-default\">Frische Ware dank intelligenter Lieferkette<\/h4>\t\t\t\t<\/div>\n\t\t\t\t<\/div>\n\t\t\t\t<div class=\"elementor-element elementor-element-0a99fba elementor-widget elementor-widget-text-editor\" data-id=\"0a99fba\" data-element_type=\"widget\" data-e-type=\"widget\" data-widget_type=\"text-editor.default\">\n\t\t\t\t<div class=\"elementor-widget-container\">\n\t\t\t\t\t\t\t\t\tSPAR f\u00f6rdert Nachhaltigkeit und minimiert Lebensmittel&shy;verschwendung im Handel mittels KI in der Microsoft Azure Cloud\t\t\t\t\t\t\t\t<\/div>\n\t\t\t\t<\/div>\n\t\t\t\t<div class=\"elementor-element elementor-element-ff3a0a4 elementor-widget elementor-widget-button\" data-id=\"ff3a0a4\" data-element_type=\"widget\" data-e-type=\"widget\" data-widget_type=\"button.default\">\n\t\t\t\t<div class=\"elementor-widget-container\">\n\t\t\t\t\t\t\t\t\t<div class=\"elementor-button-wrapper\">\n\t\t\t\t\t<a class=\"elementor-button elementor-button-link elementor-size-sm\" href=\"https:\/\/news.microsoft.com\/de-at\/features\/frische-ware-dank-intelligenter-lieferkette-spar-fordert-nachhaltigkeit-und-minimiert-lebensmittelverschwendung-im-handel-mittels-ki-in-der-microsoft-azure-cloud\/\" target=\"_blank\">\n\t\t\t\t\t\t<span class=\"elementor-button-content-wrapper\">\n\t\t\t\t\t\t\t\t\t<span class=\"elementor-button-text\">Mehr lesen<\/span>\n\t\t\t\t\t<\/span>\n\t\t\t\t\t<\/a>\n\t\t\t\t<\/div>\n\t\t\t\t\t\t\t\t<\/div>\n\t\t\t\t<\/div>\n\t\t\t\t\t<\/div>\n\t\t<\/div>\n\t\t\t\t<div class=\"elementor-column elementor-col-25 elementor-inner-column elementor-element elementor-element-da9f9e6\" data-id=\"da9f9e6\" data-element_type=\"column\" data-e-type=\"column\" data-settings=\"{&quot;background_background&quot;:&quot;classic&quot;}\">\n\t\t\t<div class=\"elementor-widget-wrap elementor-element-populated\">\n\t\t\t\t\t\t<div class=\"elementor-element elementor-element-e085105 elementor-widget elementor-widget-heading\" data-id=\"e085105\" data-element_type=\"widget\" data-e-type=\"widget\" data-widget_type=\"heading.default\">\n\t\t\t\t<div class=\"elementor-widget-container\">\n\t\t\t\t\t<h4 class=\"elementor-heading-title elementor-size-default\">adidas Runtastic<\/h4>\t\t\t\t<\/div>\n\t\t\t\t<\/div>\n\t\t\t\t<div class=\"elementor-element elementor-element-c162e5f elementor-widget elementor-widget-text-editor\" data-id=\"c162e5f\" data-element_type=\"widget\" data-e-type=\"widget\" data-widget_type=\"text-editor.default\">\n\t\t\t\t<div class=\"elementor-widget-container\">\n\t\t\t\t\t\t\t\t\t<p>adidas Runtastic personalisiert seine User Experience mit Azure<\/p>\t\t\t\t\t\t\t\t<\/div>\n\t\t\t\t<\/div>\n\t\t\t\t<div class=\"elementor-element elementor-element-2061de0 elementor-widget elementor-widget-button\" data-id=\"2061de0\" data-element_type=\"widget\" data-e-type=\"widget\" data-widget_type=\"button.default\">\n\t\t\t\t<div class=\"elementor-widget-container\">\n\t\t\t\t\t\t\t\t\t<div class=\"elementor-button-wrapper\">\n\t\t\t\t\t<a class=\"elementor-button elementor-button-link elementor-size-sm\" href=\"https:\/\/www.microsoft.com\/de-de\/industry\/blog\/retail\/2021\/08\/25\/adidas-runtastic-personalisiert-seine-user-experience-mit-azure\/\" target=\"_blank\">\n\t\t\t\t\t\t<span class=\"elementor-button-content-wrapper\">\n\t\t\t\t\t\t\t\t\t<span class=\"elementor-button-text\">Mehr lesen<\/span>\n\t\t\t\t\t<\/span>\n\t\t\t\t\t<\/a>\n\t\t\t\t<\/div>\n\t\t\t\t\t\t\t\t<\/div>\n\t\t\t\t<\/div>\n\t\t\t\t\t<\/div>\n\t\t<\/div>\n\t\t\t\t<div class=\"elementor-column elementor-col-25 elementor-inner-column elementor-element elementor-element-f94bda3\" data-id=\"f94bda3\" data-element_type=\"column\" data-e-type=\"column\" data-settings=\"{&quot;background_background&quot;:&quot;classic&quot;}\">\n\t\t\t<div class=\"elementor-widget-wrap elementor-element-populated\">\n\t\t\t\t\t\t<div class=\"elementor-element elementor-element-c93a135 elementor-widget elementor-widget-heading\" data-id=\"c93a135\" data-element_type=\"widget\" data-e-type=\"widget\" data-widget_type=\"heading.default\">\n\t\t\t\t<div class=\"elementor-widget-container\">\n\t\t\t\t\t<h4 class=\"elementor-heading-title elementor-size-default\">Ein Code f\u00fcr alle F\u00e4lle:<\/h4>\t\t\t\t<\/div>\n\t\t\t\t<\/div>\n\t\t\t\t<div class=\"elementor-element elementor-element-1793884 elementor-widget elementor-widget-text-editor\" data-id=\"1793884\" data-element_type=\"widget\" data-e-type=\"widget\" data-widget_type=\"text-editor.default\">\n\t\t\t\t<div class=\"elementor-widget-container\">\n\t\t\t\t\t\t\t\t\t<p>Automobilzulieferer Plock betreibt Qualit\u00e4tssicherung f\u00fcr Kleinstteile auf 2&#215;2 Millimetern auf Basis von Microsoft Azure<\/p>\t\t\t\t\t\t\t\t<\/div>\n\t\t\t\t<\/div>\n\t\t\t\t<div class=\"elementor-element elementor-element-f18d3c5 elementor-widget elementor-widget-button\" data-id=\"f18d3c5\" data-element_type=\"widget\" data-e-type=\"widget\" data-widget_type=\"button.default\">\n\t\t\t\t<div class=\"elementor-widget-container\">\n\t\t\t\t\t\t\t\t\t<div class=\"elementor-button-wrapper\">\n\t\t\t\t\t<a class=\"elementor-button elementor-button-link elementor-size-sm\" href=\"https:\/\/customers.microsoft.com\/de-de\/story\/1498610230685796493-plock-paiqo-azure-de\" target=\"_blank\">\n\t\t\t\t\t\t<span class=\"elementor-button-content-wrapper\">\n\t\t\t\t\t\t\t\t\t<span class=\"elementor-button-text\">Mehr lesen<\/span>\n\t\t\t\t\t<\/span>\n\t\t\t\t\t<\/a>\n\t\t\t\t<\/div>\n\t\t\t\t\t\t\t\t<\/div>\n\t\t\t\t<\/div>\n\t\t\t\t\t<\/div>\n\t\t<\/div>\n\t\t\t\t<div class=\"elementor-column elementor-col-25 elementor-inner-column elementor-element elementor-element-506c443\" data-id=\"506c443\" data-element_type=\"column\" data-e-type=\"column\" data-settings=\"{&quot;background_background&quot;:&quot;classic&quot;}\">\n\t\t\t<div class=\"elementor-widget-wrap elementor-element-populated\">\n\t\t\t\t\t\t<div class=\"elementor-element elementor-element-99b7339 elementor-widget elementor-widget-heading\" data-id=\"99b7339\" data-element_type=\"widget\" data-e-type=\"widget\" data-widget_type=\"heading.default\">\n\t\t\t\t<div class=\"elementor-widget-container\">\n\t\t\t\t\t<h4 class=\"elementor-heading-title elementor-size-default\">Cloud-basierte Data Analytics Architektur<\/h4>\t\t\t\t<\/div>\n\t\t\t\t<\/div>\n\t\t\t\t<div class=\"elementor-element elementor-element-27ac3bd elementor-widget elementor-widget-text-editor\" data-id=\"27ac3bd\" data-element_type=\"widget\" data-e-type=\"widget\" data-widget_type=\"text-editor.default\">\n\t\t\t\t<div class=\"elementor-widget-container\">\n\t\t\t\t\t\t\t\t\t<p>Der nachhaltige Weg der Burgenland Energie zur Cloud-basierten Data Analytics Architektur<\/p>\t\t\t\t\t\t\t\t<\/div>\n\t\t\t\t<\/div>\n\t\t\t\t<div class=\"elementor-element elementor-element-53d7e7d elementor-widget elementor-widget-button\" data-id=\"53d7e7d\" data-element_type=\"widget\" data-e-type=\"widget\" data-widget_type=\"button.default\">\n\t\t\t\t<div class=\"elementor-widget-container\">\n\t\t\t\t\t\t\t\t\t<div class=\"elementor-button-wrapper\">\n\t\t\t\t\t<a class=\"elementor-button elementor-button-link elementor-size-sm\" href=\"https:\/\/news.microsoft.com\/de-at\/features\/der-nachhaltige-weg-der-burgenland-energie-zur-cloud-basierten-data-analytics-architektur\/\" target=\"_blank\">\n\t\t\t\t\t\t<span class=\"elementor-button-content-wrapper\">\n\t\t\t\t\t\t\t\t\t<span class=\"elementor-button-text\">Mehr lesen<\/span>\n\t\t\t\t\t<\/span>\n\t\t\t\t\t<\/a>\n\t\t\t\t<\/div>\n\t\t\t\t\t\t\t\t<\/div>\n\t\t\t\t<\/div>\n\t\t\t\t\t<\/div>\n\t\t<\/div>\n\t\t\t\t\t<\/div>\n\t\t<\/section>\n\t\t\t\t\t<\/div>\n\t\t<\/div>\n\t\t\t\t\t<\/div>\n\t\t<\/section>\n\t\t\t\t<\/div>\n\t\t","protected":false},"excerpt":{"rendered":"<p>Unsere Erfolgsgeschichten Frische Ware dank intelligenter Lieferkette SPAR f\u00f6rdert Nachhaltigkeit und minimiert Lebensmittel\u00adverschwendung im Handel mittels KI in der Microsoft Azure Cloud Mehr lesen adidas Runtastic adidas Runtastic personalisiert seine User Experience mit Azure Mehr lesen Ein Code f\u00fcr alle F\u00e4lle: Automobilzulieferer Plock betreibt Qualit\u00e4tssicherung f\u00fcr Kleinstteile auf 2&#215;2 Millimetern auf Basis von Microsoft Azure [&hellip;]<\/p>\n","protected":false},"author":1,"featured_media":8191,"parent":8194,"menu_order":0,"comment_status":"closed","ping_status":"closed","template":"","meta":{"footnotes":"","_wp_rev_ctl_limit":""},"categories":[54],"class_list":["post-8190","page","type-page","status-publish","has-post-thumbnail","hentry","category-partner-ch"],"yoast_head":"<!-- This site is optimized with the Yoast SEO plugin v27.4 - https:\/\/yoast.com\/product\/yoast-seo-wordpress\/ -->\n<title>Microsoft - paiqo<\/title>\n<meta name=\"robots\" content=\"index, follow, max-snippet:-1, max-image-preview:large, max-video-preview:-1\" \/>\n<link rel=\"canonical\" href=\"https:\/\/paiqo.com\/ch\/unsere-partner\/microsoft\/\" \/>\n<meta property=\"og:locale\" content=\"en_US\" \/>\n<meta property=\"og:type\" content=\"article\" \/>\n<meta property=\"og:title\" content=\"Microsoft - paiqo\" \/>\n<meta property=\"og:description\" content=\"Unsere Erfolgsgeschichten Frische Ware dank intelligenter Lieferkette SPAR f\u00f6rdert Nachhaltigkeit und minimiert Lebensmittel\u00adverschwendung im Handel mittels KI in der Microsoft Azure Cloud Mehr lesen adidas Runtastic adidas Runtastic personalisiert seine User Experience mit Azure Mehr lesen Ein Code f\u00fcr alle F\u00e4lle: Automobilzulieferer Plock betreibt Qualit\u00e4tssicherung f\u00fcr Kleinstteile auf 2&#215;2 Millimetern auf Basis von Microsoft Azure [&hellip;]\" \/>\n<meta property=\"og:url\" content=\"https:\/\/paiqo.com\/ch\/unsere-partner\/microsoft\/\" \/>\n<meta property=\"og:site_name\" content=\"paiqo\" \/>\n<meta name=\"twitter:card\" content=\"summary_large_image\" \/>\n<script type=\"application\/ld+json\" class=\"yoast-schema-graph\">{\"@context\":\"https:\\\/\\\/schema.org\",\"@graph\":[{\"@type\":\"WebPage\",\"@id\":\"https:\\\/\\\/paiqo.com\\\/ch\\\/unsere-partner\\\/microsoft\\\/\",\"url\":\"https:\\\/\\\/paiqo.com\\\/ch\\\/unsere-partner\\\/microsoft\\\/\",\"name\":\"Microsoft - paiqo\",\"isPartOf\":{\"@id\":\"https:\\\/\\\/paiqo.com\\\/ch\\\/#website\"},\"primaryImageOfPage\":{\"@id\":\"https:\\\/\\\/paiqo.com\\\/ch\\\/unsere-partner\\\/microsoft\\\/#primaryimage\"},\"image\":{\"@id\":\"https:\\\/\\\/paiqo.com\\\/ch\\\/unsere-partner\\\/microsoft\\\/#primaryimage\"},\"thumbnailUrl\":\"https:\\\/\\\/paiqo.com\\\/wp-content\\\/uploads\\\/2023\\\/07\\\/paiqo-leistungen-uebersicht-data-science-analytics-platform-automobile-production.jpg\",\"datePublished\":\"2023-12-06T10:39:32+00:00\",\"breadcrumb\":{\"@id\":\"https:\\\/\\\/paiqo.com\\\/ch\\\/unsere-partner\\\/microsoft\\\/#breadcrumb\"},\"inLanguage\":\"ch-CH\",\"potentialAction\":[{\"@type\":\"ReadAction\",\"target\":[\"https:\\\/\\\/paiqo.com\\\/ch\\\/unsere-partner\\\/microsoft\\\/\"]}]},{\"@type\":\"ImageObject\",\"inLanguage\":\"ch-CH\",\"@id\":\"https:\\\/\\\/paiqo.com\\\/ch\\\/unsere-partner\\\/microsoft\\\/#primaryimage\",\"url\":\"https:\\\/\\\/paiqo.com\\\/wp-content\\\/uploads\\\/2023\\\/07\\\/paiqo-leistungen-uebersicht-data-science-analytics-platform-automobile-production.jpg\",\"contentUrl\":\"https:\\\/\\\/paiqo.com\\\/wp-content\\\/uploads\\\/2023\\\/07\\\/paiqo-leistungen-uebersicht-data-science-analytics-platform-automobile-production.jpg\",\"width\":1920,\"height\":1080},{\"@type\":\"BreadcrumbList\",\"@id\":\"https:\\\/\\\/paiqo.com\\\/ch\\\/unsere-partner\\\/microsoft\\\/#breadcrumb\",\"itemListElement\":[{\"@type\":\"ListItem\",\"position\":1,\"name\":\"Startseite\",\"item\":\"https:\\\/\\\/paiqo.com\\\/ch\\\/home\\\/\"},{\"@type\":\"ListItem\",\"position\":2,\"name\":\"Microsoft\"}]},{\"@type\":\"WebSite\",\"@id\":\"https:\\\/\\\/paiqo.com\\\/ch\\\/#website\",\"url\":\"https:\\\/\\\/paiqo.com\\\/ch\\\/\",\"name\":\"paiqo\",\"description\":\"The Platform &amp; AI Company\",\"publisher\":{\"@id\":\"https:\\\/\\\/paiqo.com\\\/ch\\\/#organization\"},\"potentialAction\":[{\"@type\":\"SearchAction\",\"target\":{\"@type\":\"EntryPoint\",\"urlTemplate\":\"https:\\\/\\\/paiqo.com\\\/ch\\\/?s={search_term_string}\"},\"query-input\":{\"@type\":\"PropertyValueSpecification\",\"valueRequired\":true,\"valueName\":\"search_term_string\"}}],\"inLanguage\":\"ch-CH\"},{\"@type\":\"Organization\",\"@id\":\"https:\\\/\\\/paiqo.com\\\/ch\\\/#organization\",\"name\":\"paiqo - The Platform & AI Company\",\"url\":\"https:\\\/\\\/paiqo.com\\\/ch\\\/\",\"logo\":{\"@type\":\"ImageObject\",\"inLanguage\":\"ch-CH\",\"@id\":\"https:\\\/\\\/paiqo.com\\\/ch\\\/#\\\/schema\\\/logo\\\/image\\\/\",\"url\":\"https:\\\/\\\/paiqo.com\\\/wp-content\\\/uploads\\\/2023\\\/06\\\/paiqo-logo-beitragsbild.jpg\",\"contentUrl\":\"https:\\\/\\\/paiqo.com\\\/wp-content\\\/uploads\\\/2023\\\/06\\\/paiqo-logo-beitragsbild.jpg\",\"width\":1200,\"height\":1200,\"caption\":\"paiqo - The Platform & AI Company\"},\"image\":{\"@id\":\"https:\\\/\\\/paiqo.com\\\/ch\\\/#\\\/schema\\\/logo\\\/image\\\/\"}}]}<\/script>\n<!-- \/ Yoast SEO plugin. -->","yoast_head_json":{"title":"Microsoft - paiqo","robots":{"index":"index","follow":"follow","max-snippet":"max-snippet:-1","max-image-preview":"max-image-preview:large","max-video-preview":"max-video-preview:-1"},"canonical":"https:\/\/paiqo.com\/ch\/unsere-partner\/microsoft\/","og_locale":"en_US","og_type":"article","og_title":"Microsoft - paiqo","og_description":"Unsere Erfolgsgeschichten Frische Ware dank intelligenter Lieferkette SPAR f\u00f6rdert Nachhaltigkeit und minimiert Lebensmittel\u00adverschwendung im Handel mittels KI in der Microsoft Azure Cloud Mehr lesen adidas Runtastic adidas Runtastic personalisiert seine User Experience mit Azure Mehr lesen Ein Code f\u00fcr alle F\u00e4lle: Automobilzulieferer Plock betreibt Qualit\u00e4tssicherung f\u00fcr Kleinstteile auf 2&#215;2 Millimetern auf Basis von Microsoft Azure [&hellip;]","og_url":"https:\/\/paiqo.com\/ch\/unsere-partner\/microsoft\/","og_site_name":"paiqo","twitter_card":"summary_large_image","schema":{"@context":"https:\/\/schema.org","@graph":[{"@type":"WebPage","@id":"https:\/\/paiqo.com\/ch\/unsere-partner\/microsoft\/","url":"https:\/\/paiqo.com\/ch\/unsere-partner\/microsoft\/","name":"Microsoft - paiqo","isPartOf":{"@id":"https:\/\/paiqo.com\/ch\/#website"},"primaryImageOfPage":{"@id":"https:\/\/paiqo.com\/ch\/unsere-partner\/microsoft\/#primaryimage"},"image":{"@id":"https:\/\/paiqo.com\/ch\/unsere-partner\/microsoft\/#primaryimage"},"thumbnailUrl":"https:\/\/paiqo.com\/wp-content\/uploads\/2023\/07\/paiqo-leistungen-uebersicht-data-science-analytics-platform-automobile-production.jpg","datePublished":"2023-12-06T10:39:32+00:00","breadcrumb":{"@id":"https:\/\/paiqo.com\/ch\/unsere-partner\/microsoft\/#breadcrumb"},"inLanguage":"ch-CH","potentialAction":[{"@type":"ReadAction","target":["https:\/\/paiqo.com\/ch\/unsere-partner\/microsoft\/"]}]},{"@type":"ImageObject","inLanguage":"ch-CH","@id":"https:\/\/paiqo.com\/ch\/unsere-partner\/microsoft\/#primaryimage","url":"https:\/\/paiqo.com\/wp-content\/uploads\/2023\/07\/paiqo-leistungen-uebersicht-data-science-analytics-platform-automobile-production.jpg","contentUrl":"https:\/\/paiqo.com\/wp-content\/uploads\/2023\/07\/paiqo-leistungen-uebersicht-data-science-analytics-platform-automobile-production.jpg","width":1920,"height":1080},{"@type":"BreadcrumbList","@id":"https:\/\/paiqo.com\/ch\/unsere-partner\/microsoft\/#breadcrumb","itemListElement":[{"@type":"ListItem","position":1,"name":"Startseite","item":"https:\/\/paiqo.com\/ch\/home\/"},{"@type":"ListItem","position":2,"name":"Microsoft"}]},{"@type":"WebSite","@id":"https:\/\/paiqo.com\/ch\/#website","url":"https:\/\/paiqo.com\/ch\/","name":"paiqo","description":"The Platform &amp; AI Company","publisher":{"@id":"https:\/\/paiqo.com\/ch\/#organization"},"potentialAction":[{"@type":"SearchAction","target":{"@type":"EntryPoint","urlTemplate":"https:\/\/paiqo.com\/ch\/?s={search_term_string}"},"query-input":{"@type":"PropertyValueSpecification","valueRequired":true,"valueName":"search_term_string"}}],"inLanguage":"ch-CH"},{"@type":"Organization","@id":"https:\/\/paiqo.com\/ch\/#organization","name":"paiqo - The Platform & AI Company","url":"https:\/\/paiqo.com\/ch\/","logo":{"@type":"ImageObject","inLanguage":"ch-CH","@id":"https:\/\/paiqo.com\/ch\/#\/schema\/logo\/image\/","url":"https:\/\/paiqo.com\/wp-content\/uploads\/2023\/06\/paiqo-logo-beitragsbild.jpg","contentUrl":"https:\/\/paiqo.com\/wp-content\/uploads\/2023\/06\/paiqo-logo-beitragsbild.jpg","width":1200,"height":1200,"caption":"paiqo - The Platform & AI Company"},"image":{"@id":"https:\/\/paiqo.com\/ch\/#\/schema\/logo\/image\/"}}]}},"_links":{"self":[{"href":"https:\/\/paiqo.com\/ch\/wp-json\/wp\/v2\/pages\/8190","targetHints":{"allow":["GET"]}}],"collection":[{"href":"https:\/\/paiqo.com\/ch\/wp-json\/wp\/v2\/pages"}],"about":[{"href":"https:\/\/paiqo.com\/ch\/wp-json\/wp\/v2\/types\/page"}],"author":[{"embeddable":true,"href":"https:\/\/paiqo.com\/ch\/wp-json\/wp\/v2\/users\/1"}],"replies":[{"embeddable":true,"href":"https:\/\/paiqo.com\/ch\/wp-json\/wp\/v2\/comments?post=8190"}],"version-history":[{"count":0,"href":"https:\/\/paiqo.com\/ch\/wp-json\/wp\/v2\/pages\/8190\/revisions"}],"up":[{"embeddable":true,"href":"https:\/\/paiqo.com\/ch\/wp-json\/wp\/v2\/pages\/8194"}],"wp:featuredmedia":[{"embeddable":true,"href":"https:\/\/paiqo.com\/ch\/wp-json\/wp\/v2\/media\/8191"}],"wp:attachment":[{"href":"https:\/\/paiqo.com\/ch\/wp-json\/wp\/v2\/media?parent=8190"}],"wp:term":[{"taxonomy":"category","embeddable":true,"href":"https:\/\/paiqo.com\/ch\/wp-json\/wp\/v2\/categories?post=8190"}],"curies":[{"name":"wp","href":"https:\/\/api.w.org\/{rel}","templated":true}]}}