{"id":8198,"date":"2023-11-09T13:22:05","date_gmt":"2023-11-09T12:22:05","guid":{"rendered":"https:\/\/paiqo.com\/impressum\/"},"modified":"2023-11-09T13:22:05","modified_gmt":"2023-11-09T12:22:05","slug":"impressum","status":"publish","type":"page","link":"https:\/\/paiqo.com\/ch\/impressum\/","title":{"rendered":"Impressum"},"content":{"rendered":"\t\t<div data-elementor-type=\"wp-page\" data-elementor-id=\"8198\" class=\"elementor elementor-8198 elementor-3021\" data-elementor-post-type=\"page\">\n\t\t\t\t\t\t<section class=\"elementor-section elementor-top-section elementor-element elementor-element-3228d18 elementor-section-full_width elementor-section-height-default elementor-section-height-default\" data-id=\"3228d18\" data-element_type=\"section\" data-e-type=\"section\" data-settings=\"{&quot;jet_parallax_layout_list&quot;:[]}\">\n\t\t\t\t\t\t<div class=\"elementor-container elementor-column-gap-default\">\n\t\t\t\t\t<div class=\"elementor-column elementor-col-100 elementor-top-column elementor-element elementor-element-9285810\" data-id=\"9285810\" data-element_type=\"column\" data-e-type=\"column\">\n\t\t\t<div class=\"elementor-widget-wrap elementor-element-populated\">\n\t\t\t\t\t\t<div class=\"elementor-element elementor-element-933d952 elementor-widget elementor-widget-heading\" data-id=\"933d952\" data-element_type=\"widget\" data-e-type=\"widget\" data-widget_type=\"heading.default\">\n\t\t\t\t<div class=\"elementor-widget-container\">\n\t\t\t\t\t<h1 class=\"elementor-heading-title elementor-size-default\">Impressum<\/h1>\t\t\t\t<\/div>\n\t\t\t\t<\/div>\n\t\t\t\t<div class=\"elementor-element elementor-element-f669f1e elementor-widget elementor-widget-text-editor\" data-id=\"f669f1e\" data-element_type=\"widget\" data-e-type=\"widget\" data-widget_type=\"text-editor.default\">\n\t\t\t\t<div class=\"elementor-widget-container\">\n\t\t\t\t\t\t\t\t\t<h2>Angaben gem\u00e4ss \u00a7 5 DDG<\/h2><p><strong>paiqo GmbH<\/strong><br \/>Technologiepark 32<br \/>D-33100 Paderborn<\/p><p>Handelsregister: HRB 14209<br \/>Registergericht: Paderborn<\/p><h4>Vertreten durch:<\/h4><p>Dr. Michael Baumann<br \/>Clemens M\u00fcller<br \/>Markus Nemeth<\/p><h4>Kontakt<\/h4><p>E-Mail:\u00a0<a class=\"mail-link\" data-enc-email=\"pbagnpg[at]cnvdb.pbz\" data-wpel-link=\"ignore\"><span id=\"eeb-569405-962941\">contact[at]paiqo.com<\/span><\/a><\/p><h3>Postadressen<\/h3><h4>Deutsche Postanschrift:<\/h4><p>paiqo GmbH<br \/>Technologiepark 32<br \/>D-33100 Paderborn<\/p><h4>\u00d6sterreichische Postanschrift:<\/h4><p>paiqo GmbH<br \/>Ungargasse 37<br \/>AT-1030 Wien<\/p><h4>Schweizer Postanschrift:<\/h4><p>paiqo GmbH<br \/>Sulzstrasse 20<br \/>9403 Goldach, SG<\/p><h2>Umsatzsteuer-ID<\/h2><p>Umsatzsteuer-Identifikationsnummer gem\u00e4ss \u00a7 27 a Umsatzsteuergesetz:<br \/>DE326839156<\/p><h2>Verbraucher\u00adstreit\u00adbeilegung\/Universal\u00adschlichtungs\u00adstelle<\/h2><p>Wir sind nicht bereit oder verpflichtet, an Streitbeilegungsverfahren vor einer Verbraucherschlichtungsstelle teilzunehmen.<\/p><h2>Haftung f\u00fcr Inhalte<\/h2><p>Als Diensteanbieter sind wir gem\u00e4ss \u00a7 7 Abs.1 DDG f\u00fcr eigene Inhalte auf diesen Seiten nach den allgemeinen Gesetzen verantwortlich. Nach \u00a7\u00a7 8 bis 10 DDG sind wir als Diensteanbieter jedoch nicht verpflichtet, \u00fcbermittelte oder gespeicherte fremde Informationen zu \u00fcberwachen oder nach Umst\u00e4nden zu forschen, die auf eine rechtswidrige T\u00e4tigkeit hinweisen.<\/p><p>Verpflichtungen zur Entfernung oder Sperrung der Nutzung von Informationen nach den allgemeinen Gesetzen bleiben hiervon unber\u00fchrt. Eine diesbez\u00fcgliche Haftung ist jedoch erst ab dem Zeitpunkt der Kenntnis einer konkreten Rechtsverletzung m\u00f6glich. Bei Bekanntwerden von entsprechenden Rechtsverletzungen werden wir diese Inhalte umgehend entfernen.<\/p><h2>Haftung f\u00fcr Links<\/h2><p>Unser Angebot enth\u00e4lt Links zu externen Websites Dritter, auf deren Inhalte wir keinen Einfluss haben. Deshalb k\u00f6nnen wir f\u00fcr diese fremden Inhalte auch keine Gew\u00e4hr \u00fcbernehmen. F\u00fcr die Inhalte der verlinkten Seiten ist stets der jeweilige Anbieter oder Betreiber der Seiten verantwortlich. Die verlinkten Seiten wurden zum Zeitpunkt der Verlinkung auf m\u00f6gliche Rechtsverst\u00f6sse \u00fcberpr\u00fcft. Rechtswidrige Inhalte waren zum Zeitpunkt der Verlinkung nicht erkennbar.<\/p><p>Eine permanente inhaltliche Kontrolle der verlinkten Seiten ist jedoch ohne konkrete Anhaltspunkte einer Rechtsverletzung nicht zumutbar. Bei Bekanntwerden von Rechtsverletzungen werden wir derartige Links umgehend entfernen.<\/p><h2>Urheberrecht<\/h2><p>Die durch die Seitenbetreiber erstellten Inhalte und Werke auf diesen Seiten unterliegen dem deutschen Urheberrecht. Die Vervielf\u00e4ltigung, Bearbeitung, Verbreitung und jede Art der Verwertung ausserhalb der Grenzen des Urheberrechtes bed\u00fcrfen der schriftlichen Zustimmung des jeweiligen Autors bzw. Erstellers. Downloads und Kopien dieser Seite sind nur f\u00fcr den privaten, nicht kommerziellen Gebrauch gestattet.<\/p><p>Soweit die Inhalte auf dieser Seite nicht vom Betreiber erstellt wurden, werden die Urheberrechte Dritter beachtet. Insbesondere werden Inhalte Dritter als solche gekennzeichnet. Sollten Sie trotzdem auf eine Urheberrechtsverletzung aufmerksam werden, bitten wir um einen entsprechenden Hinweis. Bei Bekanntwerden von Rechtsverletzungen werden wir derartige Inhalte umgehend entfernen.<\/p><h2>Bildquellennachweise<\/h2><p>\u2013 \u00a9 Shutterstock \u2013 <a href=\"https:\/\/www.shutterstock.com\/\" target=\"_blank\" rel=\"noopener\">https:\/\/www.shutterstock.com\/<\/a><br \/>\u2013 \u00a9 Canva \u2013 <a href=\"https:\/\/www.canva.com\/\" target=\"_blank\" rel=\"noopener\">https:\/\/www.canva.com\/<\/a><br \/>\u2013\u00a0\u00a9 shutterstock_125875094<br \/>\u2013 \u00a9 shutterstock_125875127<br \/>\u2013 \u00a9 shutterstock_163448702<br \/>\u2013 \u00a9 shutterstock_334088054<br \/>\u2013 \u00a9 shutterstock_512252821<br \/>\u2013 \u00a9 shutterstock_526804828<br \/>\u2013 \u00a9 shutterstock_587205803<br \/>\u2013 \u00a9 shutterstock_702014722<br \/>\u2013 \u00a9 shutterstock_757832083<br \/>\u2013 \u00a9 shutterstock_1980805013<br \/>\u2013 \u00a9 shutterstock_2064581651<br \/>\u2013 \u00a9 shutterstock_2148164273<br \/>\u2013 \u00a9 shutterstock_2229913173<\/p><p>\u2013 \u00a9 shutterstock_30761548<br \/>\u2013 \u00a9 shutterstock_1015805119<br \/>\u2013 \u00a9 shutterstock_1021901068<br \/>\u2013 \u00a9 shutterstock_1030047401<br \/>\u2013 \u00a9 shutterstock_1057603801<br \/>\u2013 \u00a9 shutterstock_1060479115<br \/>\u2013 \u00a9 shutterstock_1061018233<br \/>\u2013 \u00a9 shutterstock_1064799127<br \/>\u2013 \u00a9 shutterstock_1065464998<br \/>\u2013 \u00a9 shutterstock_1072294157<br \/>\u2013 \u00a9 shutterstock_1076237495<br \/>\u2013 \u00a9 shutterstock_1079039945<br \/>\u2013 \u00a9 shutterstock_1083194923<br \/>\u2013 \u00a9 shutterstock_1102122723<\/p><h2>Umsetzung &amp; Webdesign<\/h2><p>netfellows GmbH \u2013\u00a0<a href=\"https:\/\/netfellows.de\/\" target=\"_blank\" rel=\"noopener noreferrer\">www.netfellows.de<\/a><\/p><p><img decoding=\"async\" class=\"alignnone size-medium wp-image-3041\" src=\"https:\/\/paiqo.com\/wp-content\/uploads\/2023\/11\/netfellows_final-xs-300x76.png\" alt=\"\" width=\"300\" height=\"76\" srcset=\"https:\/\/paiqo.com\/wp-content\/uploads\/2023\/11\/netfellows_final-xs-300x76.png 300w, https:\/\/paiqo.com\/wp-content\/uploads\/2023\/11\/netfellows_final-xs.png 500w\" sizes=\"(max-width: 300px) 100vw, 300px\" \/><\/p>\t\t\t\t\t\t\t\t<\/div>\n\t\t\t\t<\/div>\n\t\t\t\t\t<\/div>\n\t\t<\/div>\n\t\t\t\t\t<\/div>\n\t\t<\/section>\n\t\t\t\t<\/div>\n\t\t","protected":false},"excerpt":{"rendered":"<p>Impressum Angaben gem\u00e4ss \u00a7 5 DDG paiqo GmbHTechnologiepark 32D-33100 Paderborn Handelsregister: HRB 14209Registergericht: Paderborn Vertreten durch: Dr. Michael BaumannClemens M\u00fcllerMarkus Nemeth Kontakt E-Mail:\u00a0contact[at]paiqo.com Postadressen Deutsche Postanschrift: paiqo GmbHTechnologiepark 32D-33100 Paderborn \u00d6sterreichische Postanschrift: paiqo GmbHUngargasse 37AT-1030 Wien Schweizer Postanschrift: paiqo GmbHSulzstrasse 209403 Goldach, SG Umsatzsteuer-ID Umsatzsteuer-Identifikationsnummer gem\u00e4ss \u00a7 27 a Umsatzsteuergesetz:DE326839156 Verbraucher\u00adstreit\u00adbeilegung\/Universal\u00adschlichtungs\u00adstelle Wir sind nicht bereit [&hellip;]<\/p>\n","protected":false},"author":1,"featured_media":8196,"parent":0,"menu_order":0,"comment_status":"closed","ping_status":"closed","template":"elementor_header_footer","meta":{"footnotes":"","_wp_rev_ctl_limit":""},"categories":[],"class_list":["post-8198","page","type-page","status-publish","has-post-thumbnail","hentry"],"yoast_head":"<!-- This site is optimized with the Yoast SEO plugin v27.2 - https:\/\/yoast.com\/product\/yoast-seo-wordpress\/ -->\n<title>Impressum - paiqo<\/title>\n<meta name=\"robots\" content=\"index, follow, max-snippet:-1, max-image-preview:large, max-video-preview:-1\" \/>\n<link rel=\"canonical\" href=\"https:\/\/paiqo.com\/ch\/impressum\/\" \/>\n<meta property=\"og:locale\" content=\"en_US\" \/>\n<meta property=\"og:type\" content=\"article\" \/>\n<meta property=\"og:title\" content=\"Impressum - paiqo\" \/>\n<meta property=\"og:description\" content=\"Impressum Angaben gem\u00e4ss \u00a7 5 DDG paiqo GmbHTechnologiepark 32D-33100 Paderborn Handelsregister: HRB 14209Registergericht: Paderborn Vertreten durch: Dr. Michael BaumannClemens M\u00fcllerMarkus Nemeth Kontakt E-Mail:\u00a0contact[at]paiqo.com Postadressen Deutsche Postanschrift: paiqo GmbHTechnologiepark 32D-33100 Paderborn \u00d6sterreichische Postanschrift: paiqo GmbHUngargasse 37AT-1030 Wien Schweizer Postanschrift: paiqo GmbHSulzstrasse 209403 Goldach, SG Umsatzsteuer-ID Umsatzsteuer-Identifikationsnummer gem\u00e4ss \u00a7 27 a Umsatzsteuergesetz:DE326839156 Verbraucher\u00adstreit\u00adbeilegung\/Universal\u00adschlichtungs\u00adstelle Wir sind nicht bereit [&hellip;]\" \/>\n<meta property=\"og:url\" content=\"https:\/\/paiqo.com\/ch\/impressum\/\" \/>\n<meta property=\"og:site_name\" content=\"paiqo\" \/>\n<meta property=\"og:image\" content=\"https:\/\/paiqo.com\/wp-content\/uploads\/2023\/11\/netfellows_final-xs-300x76.png\" \/>\n<meta name=\"twitter:card\" content=\"summary_large_image\" \/>\n<meta name=\"twitter:label1\" content=\"Est. reading time\" \/>\n\t<meta name=\"twitter:data1\" content=\"2 minutes\" \/>\n<script type=\"application\/ld+json\" class=\"yoast-schema-graph\">{\"@context\":\"https:\/\/schema.org\",\"@graph\":[{\"@type\":\"WebPage\",\"@id\":\"https:\/\/paiqo.com\/ch\/impressum\/\",\"url\":\"https:\/\/paiqo.com\/ch\/impressum\/\",\"name\":\"Impressum - paiqo\",\"isPartOf\":{\"@id\":\"https:\/\/paiqo.com\/ch\/#website\"},\"primaryImageOfPage\":{\"@id\":\"https:\/\/paiqo.com\/ch\/impressum\/#primaryimage\"},\"image\":{\"@id\":\"https:\/\/paiqo.com\/ch\/impressum\/#primaryimage\"},\"thumbnailUrl\":\"https:\/\/paiqo.com\/wp-content\/uploads\/2023\/06\/paiqo-logo-beitragsbild.jpg\",\"datePublished\":\"2023-11-09T12:22:05+00:00\",\"breadcrumb\":{\"@id\":\"https:\/\/paiqo.com\/ch\/impressum\/#breadcrumb\"},\"inLanguage\":\"ch-CH\",\"potentialAction\":[{\"@type\":\"ReadAction\",\"target\":[\"https:\/\/paiqo.com\/ch\/impressum\/\"]}]},{\"@type\":\"ImageObject\",\"inLanguage\":\"ch-CH\",\"@id\":\"https:\/\/paiqo.com\/ch\/impressum\/#primaryimage\",\"url\":\"https:\/\/paiqo.com\/wp-content\/uploads\/2023\/06\/paiqo-logo-beitragsbild.jpg\",\"contentUrl\":\"https:\/\/paiqo.com\/wp-content\/uploads\/2023\/06\/paiqo-logo-beitragsbild.jpg\",\"width\":1200,\"height\":1200},{\"@type\":\"BreadcrumbList\",\"@id\":\"https:\/\/paiqo.com\/ch\/impressum\/#breadcrumb\",\"itemListElement\":[{\"@type\":\"ListItem\",\"position\":1,\"name\":\"Startseite\",\"item\":\"https:\/\/paiqo.com\/ch\/home\/\"},{\"@type\":\"ListItem\",\"position\":2,\"name\":\"Impressum\"}]},{\"@type\":\"WebSite\",\"@id\":\"https:\/\/paiqo.com\/ch\/#website\",\"url\":\"https:\/\/paiqo.com\/ch\/\",\"name\":\"paiqo\",\"description\":\"The Platform &amp; AI Company\",\"publisher\":{\"@id\":\"https:\/\/paiqo.com\/ch\/#organization\"},\"potentialAction\":[{\"@type\":\"SearchAction\",\"target\":{\"@type\":\"EntryPoint\",\"urlTemplate\":\"https:\/\/paiqo.com\/ch\/?s={search_term_string}\"},\"query-input\":{\"@type\":\"PropertyValueSpecification\",\"valueRequired\":true,\"valueName\":\"search_term_string\"}}],\"inLanguage\":\"ch-CH\"},{\"@type\":\"Organization\",\"@id\":\"https:\/\/paiqo.com\/ch\/#organization\",\"name\":\"paiqo - The Platform & AI Company\",\"url\":\"https:\/\/paiqo.com\/ch\/\",\"logo\":{\"@type\":\"ImageObject\",\"inLanguage\":\"ch-CH\",\"@id\":\"https:\/\/paiqo.com\/ch\/#\/schema\/logo\/image\/\",\"url\":\"https:\/\/paiqo.com\/wp-content\/uploads\/2023\/06\/paiqo-logo-beitragsbild.jpg\",\"contentUrl\":\"https:\/\/paiqo.com\/wp-content\/uploads\/2023\/06\/paiqo-logo-beitragsbild.jpg\",\"width\":1200,\"height\":1200,\"caption\":\"paiqo - The Platform & AI Company\"},\"image\":{\"@id\":\"https:\/\/paiqo.com\/ch\/#\/schema\/logo\/image\/\"}}]}<\/script>\n<!-- \/ Yoast SEO plugin. -->","yoast_head_json":{"title":"Impressum - paiqo","robots":{"index":"index","follow":"follow","max-snippet":"max-snippet:-1","max-image-preview":"max-image-preview:large","max-video-preview":"max-video-preview:-1"},"canonical":"https:\/\/paiqo.com\/ch\/impressum\/","og_locale":"en_US","og_type":"article","og_title":"Impressum - paiqo","og_description":"Impressum Angaben gem\u00e4ss \u00a7 5 DDG paiqo GmbHTechnologiepark 32D-33100 Paderborn Handelsregister: HRB 14209Registergericht: Paderborn Vertreten durch: Dr. Michael BaumannClemens M\u00fcllerMarkus Nemeth Kontakt E-Mail:\u00a0contact[at]paiqo.com Postadressen Deutsche Postanschrift: paiqo GmbHTechnologiepark 32D-33100 Paderborn \u00d6sterreichische Postanschrift: paiqo GmbHUngargasse 37AT-1030 Wien Schweizer Postanschrift: paiqo GmbHSulzstrasse 209403 Goldach, SG Umsatzsteuer-ID Umsatzsteuer-Identifikationsnummer gem\u00e4ss \u00a7 27 a Umsatzsteuergesetz:DE326839156 Verbraucher\u00adstreit\u00adbeilegung\/Universal\u00adschlichtungs\u00adstelle Wir sind nicht bereit [&hellip;]","og_url":"https:\/\/paiqo.com\/ch\/impressum\/","og_site_name":"paiqo","og_image":[{"url":"https:\/\/paiqo.com\/wp-content\/uploads\/2023\/11\/netfellows_final-xs-300x76.png","type":"","width":"","height":""}],"twitter_card":"summary_large_image","twitter_misc":{"Est. reading time":"2 minutes"},"schema":{"@context":"https:\/\/schema.org","@graph":[{"@type":"WebPage","@id":"https:\/\/paiqo.com\/ch\/impressum\/","url":"https:\/\/paiqo.com\/ch\/impressum\/","name":"Impressum - paiqo","isPartOf":{"@id":"https:\/\/paiqo.com\/ch\/#website"},"primaryImageOfPage":{"@id":"https:\/\/paiqo.com\/ch\/impressum\/#primaryimage"},"image":{"@id":"https:\/\/paiqo.com\/ch\/impressum\/#primaryimage"},"thumbnailUrl":"https:\/\/paiqo.com\/wp-content\/uploads\/2023\/06\/paiqo-logo-beitragsbild.jpg","datePublished":"2023-11-09T12:22:05+00:00","breadcrumb":{"@id":"https:\/\/paiqo.com\/ch\/impressum\/#breadcrumb"},"inLanguage":"ch-CH","potentialAction":[{"@type":"ReadAction","target":["https:\/\/paiqo.com\/ch\/impressum\/"]}]},{"@type":"ImageObject","inLanguage":"ch-CH","@id":"https:\/\/paiqo.com\/ch\/impressum\/#primaryimage","url":"https:\/\/paiqo.com\/wp-content\/uploads\/2023\/06\/paiqo-logo-beitragsbild.jpg","contentUrl":"https:\/\/paiqo.com\/wp-content\/uploads\/2023\/06\/paiqo-logo-beitragsbild.jpg","width":1200,"height":1200},{"@type":"BreadcrumbList","@id":"https:\/\/paiqo.com\/ch\/impressum\/#breadcrumb","itemListElement":[{"@type":"ListItem","position":1,"name":"Startseite","item":"https:\/\/paiqo.com\/ch\/home\/"},{"@type":"ListItem","position":2,"name":"Impressum"}]},{"@type":"WebSite","@id":"https:\/\/paiqo.com\/ch\/#website","url":"https:\/\/paiqo.com\/ch\/","name":"paiqo","description":"The Platform &amp; AI Company","publisher":{"@id":"https:\/\/paiqo.com\/ch\/#organization"},"potentialAction":[{"@type":"SearchAction","target":{"@type":"EntryPoint","urlTemplate":"https:\/\/paiqo.com\/ch\/?s={search_term_string}"},"query-input":{"@type":"PropertyValueSpecification","valueRequired":true,"valueName":"search_term_string"}}],"inLanguage":"ch-CH"},{"@type":"Organization","@id":"https:\/\/paiqo.com\/ch\/#organization","name":"paiqo - The Platform & AI Company","url":"https:\/\/paiqo.com\/ch\/","logo":{"@type":"ImageObject","inLanguage":"ch-CH","@id":"https:\/\/paiqo.com\/ch\/#\/schema\/logo\/image\/","url":"https:\/\/paiqo.com\/wp-content\/uploads\/2023\/06\/paiqo-logo-beitragsbild.jpg","contentUrl":"https:\/\/paiqo.com\/wp-content\/uploads\/2023\/06\/paiqo-logo-beitragsbild.jpg","width":1200,"height":1200,"caption":"paiqo - The Platform & AI Company"},"image":{"@id":"https:\/\/paiqo.com\/ch\/#\/schema\/logo\/image\/"}}]}},"_links":{"self":[{"href":"https:\/\/paiqo.com\/ch\/wp-json\/wp\/v2\/pages\/8198","targetHints":{"allow":["GET"]}}],"collection":[{"href":"https:\/\/paiqo.com\/ch\/wp-json\/wp\/v2\/pages"}],"about":[{"href":"https:\/\/paiqo.com\/ch\/wp-json\/wp\/v2\/types\/page"}],"author":[{"embeddable":true,"href":"https:\/\/paiqo.com\/ch\/wp-json\/wp\/v2\/users\/1"}],"replies":[{"embeddable":true,"href":"https:\/\/paiqo.com\/ch\/wp-json\/wp\/v2\/comments?post=8198"}],"version-history":[{"count":0,"href":"https:\/\/paiqo.com\/ch\/wp-json\/wp\/v2\/pages\/8198\/revisions"}],"wp:featuredmedia":[{"embeddable":true,"href":"https:\/\/paiqo.com\/ch\/wp-json\/wp\/v2\/media\/8196"}],"wp:attachment":[{"href":"https:\/\/paiqo.com\/ch\/wp-json\/wp\/v2\/media?parent=8198"}],"wp:term":[{"taxonomy":"category","embeddable":true,"href":"https:\/\/paiqo.com\/ch\/wp-json\/wp\/v2\/categories?post=8198"}],"curies":[{"name":"wp","href":"https:\/\/api.w.org\/{rel}","templated":true}]}}