{"id":8240,"date":"2023-07-20T12:06:13","date_gmt":"2023-07-20T10:06:13","guid":{"rendered":"https:\/\/paiqo.com\/data-strategy\/"},"modified":"2023-07-20T12:06:13","modified_gmt":"2023-07-20T10:06:13","slug":"data-strategy","status":"publish","type":"page","link":"https:\/\/paiqo.com\/ch\/leistungen\/custom-solutions\/data-strategy\/","title":{"rendered":"Data Strategy f\u00fcr Unternehmen"},"content":{"rendered":"\t\t<div data-elementor-type=\"wp-page\" data-elementor-id=\"8240\" class=\"elementor elementor-8240 elementor-1159\" data-elementor-post-type=\"page\">\n\t\t\t\t\t\t<section class=\"elementor-section elementor-top-section elementor-element elementor-element-069981d elementor-section-full_width elementor-section-height-default elementor-section-height-default\" data-id=\"069981d\" data-element_type=\"section\" data-e-type=\"section\" data-settings=\"{&quot;jet_parallax_layout_list&quot;:[]}\">\n\t\t\t\t\t\t<div class=\"elementor-container elementor-column-gap-default\">\n\t\t\t\t\t<div class=\"elementor-column elementor-col-100 elementor-top-column elementor-element elementor-element-8ade49c\" data-id=\"8ade49c\" data-element_type=\"column\" data-e-type=\"column\">\n\t\t\t<div class=\"elementor-widget-wrap elementor-element-populated\">\n\t\t\t\t\t\t<div class=\"elementor-element elementor-element-796381e elementor-widget elementor-widget-heading\" data-id=\"796381e\" data-element_type=\"widget\" data-e-type=\"widget\" data-widget_type=\"heading.default\">\n\t\t\t\t<div class=\"elementor-widget-container\">\n\t\t\t\t\t<h3 class=\"elementor-heading-title elementor-size-default\">Datenstrategie, Digitalisierungsstrategie, Erfolgsstrategie<\/h3>\t\t\t\t<\/div>\n\t\t\t\t<\/div>\n\t\t\t\t<div class=\"elementor-element elementor-element-d6849e4 elementor-widget elementor-widget-text-editor\" data-id=\"d6849e4\" data-element_type=\"widget\" data-e-type=\"widget\" data-widget_type=\"text-editor.default\">\n\t\t\t\t<div class=\"elementor-widget-container\">\n\t\t\t\t\t\t\t\t\t<p>Daten zu gewinnen ist das Eine. Daten im Unternehmen strategisch zu nutzen, ist das Wichtigere. Wir identifizieren Use Cases und entwickeln die Roadmap zur Implementierung individueller datengetriebener L\u00f6sungen. \u00dcber die technische Analyse von Automatisierung bis zu KI-Systemen hinaus beraten wir Sie ausserdem zur Verbesserung des digitalen Reifegrads Ihres Unternehmens und zur erwartbaren Steigerung Ihres Business Value. So k\u00f6nnen Sie den Mehrwert der Investition in Ihre KI-L\u00f6sungen bereits fr\u00fchzeitig und zuverl\u00e4ssig einsch\u00e4tzen.\u00a0<\/p><p>Sch\u00f6pfen Sie einerseits einen hohen zus\u00e4tzlichen Wert aus den vorhandenen Datenressourcen und realisieren Sie andererseits bedeutende Sparpotenziale. Auf dem Weg von der Datenstrategie zu skalierbaren Erfolgsergebnissen brauchen Sie nur noch die richtigen Begleiter. Die verl\u00e4sslichen Weggef\u00e4hrten von paiqo sind nur einen Anruf entfernt!<\/p>\t\t\t\t\t\t\t\t<\/div>\n\t\t\t\t<\/div>\n\t\t\t\t<div class=\"elementor-element elementor-element-1d7cd65 elementor-widget elementor-widget-button\" data-id=\"1d7cd65\" data-element_type=\"widget\" data-e-type=\"widget\" data-widget_type=\"button.default\">\n\t\t\t\t<div class=\"elementor-widget-container\">\n\t\t\t\t\t\t\t\t\t<div class=\"elementor-button-wrapper\">\n\t\t\t\t\t<a class=\"elementor-button elementor-button-link elementor-size-sm\" href=\"#nochmehr\">\n\t\t\t\t\t\t<span class=\"elementor-button-content-wrapper\">\n\t\t\t\t\t\t\t\t\t<span class=\"elementor-button-text\">Mehr erfahren<\/span>\n\t\t\t\t\t<\/span>\n\t\t\t\t\t<\/a>\n\t\t\t\t<\/div>\n\t\t\t\t\t\t\t\t<\/div>\n\t\t\t\t<\/div>\n\t\t\t\t\t<\/div>\n\t\t<\/div>\n\t\t\t\t\t<\/div>\n\t\t<\/section>\n\t\t\t\t<section class=\"elementor-section elementor-top-section elementor-element elementor-element-cb469a5 elementor-section-full_width elementor-section-height-default elementor-section-height-default\" data-id=\"cb469a5\" data-element_type=\"section\" data-e-type=\"section\" data-settings=\"{&quot;jet_parallax_layout_list&quot;:[]}\">\n\t\t\t\t\t\t<div class=\"elementor-container elementor-column-gap-default\">\n\t\t\t\t\t<div class=\"elementor-column elementor-col-100 elementor-top-column elementor-element elementor-element-c33ab0e\" data-id=\"c33ab0e\" data-element_type=\"column\" data-e-type=\"column\">\n\t\t\t<div class=\"elementor-widget-wrap elementor-element-populated\">\n\t\t\t\t\t\t<div class=\"elementor-element elementor-element-b896ab6 elementor-widget elementor-widget-template\" data-id=\"b896ab6\" data-element_type=\"widget\" data-e-type=\"widget\" data-widget_type=\"template.default\">\n\t\t\t\t<div class=\"elementor-widget-container\">\n\t\t\t\t\t\t\t<div class=\"elementor-template\">\n\t\t\t\t\t<div data-elementor-type=\"section\" data-elementor-id=\"8483\" class=\"elementor elementor-8483 elementor-199 elementor-199\" data-elementor-post-type=\"elementor_library\">\n\t\t\t\t\t<section class=\"elementor-section elementor-top-section elementor-element elementor-element-2001d0b elementor-section-full_width elementor-section-height-default elementor-section-height-default\" data-id=\"2001d0b\" data-element_type=\"section\" data-e-type=\"section\" data-settings=\"{&quot;jet_parallax_layout_list&quot;:[],&quot;background_background&quot;:&quot;classic&quot;}\">\n\t\t\t\t\t\t<div class=\"elementor-container elementor-column-gap-default\">\n\t\t\t\t\t<div class=\"elementor-column elementor-col-100 elementor-top-column elementor-element elementor-element-07f4ce0\" data-id=\"07f4ce0\" data-element_type=\"column\" data-e-type=\"column\">\n\t\t\t<div class=\"elementor-widget-wrap elementor-element-populated\">\n\t\t\t\t\t\t<div class=\"elementor-element elementor-element-cb94077 elementor-widget elementor-widget-heading\" data-id=\"cb94077\" data-element_type=\"widget\" data-e-type=\"widget\" data-widget_type=\"heading.default\">\n\t\t\t\t<div class=\"elementor-widget-container\">\n\t\t\t\t\t<h2 class=\"elementor-heading-title elementor-size-default\">Mit uns sind Daten Mehrwert!<\/h2>\t\t\t\t<\/div>\n\t\t\t\t<\/div>\n\t\t\t\t<div class=\"elementor-element elementor-element-ab42d7b elementor-widget elementor-widget-heading\" data-id=\"ab42d7b\" data-element_type=\"widget\" data-e-type=\"widget\" data-widget_type=\"heading.default\">\n\t\t\t\t<div class=\"elementor-widget-container\">\n\t\t\t\t\t<p class=\"elementor-heading-title elementor-size-default\">Lassen Sie sich jetzt unverbindlich beraten:<\/p>\t\t\t\t<\/div>\n\t\t\t\t<\/div>\n\t\t\t\t<div class=\"elementor-element elementor-element-a05d432 elementor-align-center elementor-widget elementor-widget-button\" data-id=\"a05d432\" data-element_type=\"widget\" data-e-type=\"widget\" data-widget_type=\"button.default\">\n\t\t\t\t<div class=\"elementor-widget-container\">\n\t\t\t\t\t\t\t\t\t<div class=\"elementor-button-wrapper\">\n\t\t\t\t\t<a class=\"elementor-button elementor-button-link elementor-size-sm\" href=\"#kontakt\">\n\t\t\t\t\t\t<span class=\"elementor-button-content-wrapper\">\n\t\t\t\t\t\t\t\t\t<span class=\"elementor-button-text\">Kontakt<\/span>\n\t\t\t\t\t<\/span>\n\t\t\t\t\t<\/a>\n\t\t\t\t<\/div>\n\t\t\t\t\t\t\t\t<\/div>\n\t\t\t\t<\/div>\n\t\t\t\t\t<\/div>\n\t\t<\/div>\n\t\t\t\t\t<\/div>\n\t\t<\/section>\n\t\t\t\t<\/div>\n\t\t\t\t<\/div>\n\t\t\t\t\t\t<\/div>\n\t\t\t\t<\/div>\n\t\t\t\t\t<\/div>\n\t\t<\/div>\n\t\t\t\t\t<\/div>\n\t\t<\/section>\n\t\t\t\t<section class=\"elementor-section elementor-top-section elementor-element elementor-element-605dfaa elementor-section-full_width elementor-section-height-default elementor-section-height-default\" data-id=\"605dfaa\" data-element_type=\"section\" data-e-type=\"section\" id=\"nochmehr\" data-settings=\"{&quot;jet_parallax_layout_list&quot;:[]}\">\n\t\t\t\t\t\t<div class=\"elementor-container elementor-column-gap-default\">\n\t\t\t\t\t<div class=\"elementor-column elementor-col-100 elementor-top-column elementor-element elementor-element-abe3eb9\" data-id=\"abe3eb9\" data-element_type=\"column\" data-e-type=\"column\">\n\t\t\t<div class=\"elementor-widget-wrap elementor-element-populated\">\n\t\t\t\t\t\t<div class=\"elementor-element elementor-element-a85302c elementor-widget elementor-widget-heading\" data-id=\"a85302c\" data-element_type=\"widget\" data-e-type=\"widget\" data-widget_type=\"heading.default\">\n\t\t\t\t<div class=\"elementor-widget-container\">\n\t\t\t\t\t<h3 class=\"elementor-heading-title elementor-size-default\">Gr\u00fcndlich und strategisch \u2013 die Umsetzung und Weiterentwicklung<\/h3>\t\t\t\t<\/div>\n\t\t\t\t<\/div>\n\t\t\t\t<div class=\"elementor-element elementor-element-f213fbe elementor-widget elementor-widget-text-editor\" data-id=\"f213fbe\" data-element_type=\"widget\" data-e-type=\"widget\" data-widget_type=\"text-editor.default\">\n\t\t\t\t<div class=\"elementor-widget-container\">\n\t\t\t\t\t\t\t\t\t<p>Haben Sie sich zur Umsetzung einer Datenstrategie in Ihrem Unternehmen entschlossen, beginnen wir mit der Analyse der Gesch\u00e4ftsziele und der aktuellen Datenlandschaft. Auf dieser Grundlage entwickeln unsere Spezialisten eine massgeschneiderte Data Strategy, die die Identifizierung von Datenquellen, die Konzeption von Dateninfrastrukturen und die Etablierung von Data Governance Richtlinien umfasst. Nach der Entwicklung der Data Strategy werden alle die Prozesse und Technologien implementiert, um nach der festgelegten Strategie Daten effektiv zu sammeln, zu speichern, zu verarbeiten und zu analysieren. Nur so ist sp\u00e4ter auch die kontinuierliche \u00dcberwachung und Anpassung der Data Strategy m\u00f6glich, um Ihre Business Intelligence langfristig zu steigern und durchgehenden Erfolg sicherzustellen. Die Strategieentwicklung und -weiterentwicklung ist dabei grunds\u00e4tzlich ein kontinuierlicher, zyklischer Prozess, der aufgrund der langfristigen Ausrichtung \u00fcber Jahre wirkt.<\/p><p>Die Wirksamkeit einer sorgf\u00e4ltig erstellten Strategie bleibt dabei in keinem Unternehmensbereich aus. Vertrieb, Marketing, Finanzen, Einkauf, Logistik und Produktion \u2013 jeder Fachbereich kann in kurzer Zeit einen grundlegend positiven Wandel durchlaufen. Dabei wird durch die Analyse aller relevanten, akut zur Verf\u00fcgung stehenden Daten nicht allein die Bewertung der je gegenw\u00e4rtigen Abl\u00e4ufe m\u00f6glich. Sie werden ebenfalls in die Lage versetzt, bessere Vorhersagen der k\u00fcnftigen Nachfrage zu treffen, das K\u00e4uferverhalten zuverl\u00e4ssig zu prognostizieren und auf dieser Basis wiederum Ihre Lieferketten und die Kundenbindung nachhaltig zu optimieren.<\/p><p>Die Ausarbeitung einer Datenstrategie durch unser Team verschafft Ihnen in der weiteren Ausrichtung Ihrer Businessstrategien einen entscheidenden Wettbewerbsvorteil. Und zwar dauerhaft!<\/p>\t\t\t\t\t\t\t\t<\/div>\n\t\t\t\t<\/div>\n\t\t\t\t\t<\/div>\n\t\t<\/div>\n\t\t\t\t\t<\/div>\n\t\t<\/section>\n\t\t\t\t<section class=\"elementor-section elementor-top-section elementor-element elementor-element-85b699f elementor-section-full_width elementor-section-height-default elementor-section-height-default\" data-id=\"85b699f\" data-element_type=\"section\" data-e-type=\"section\" data-settings=\"{&quot;jet_parallax_layout_list&quot;:[]}\">\n\t\t\t\t\t\t<div class=\"elementor-container elementor-column-gap-default\">\n\t\t\t\t\t<div class=\"elementor-column elementor-col-100 elementor-top-column elementor-element elementor-element-2b19f2b\" data-id=\"2b19f2b\" data-element_type=\"column\" data-e-type=\"column\">\n\t\t\t<div class=\"elementor-widget-wrap elementor-element-populated\">\n\t\t\t\t\t\t<div class=\"elementor-element elementor-element-6e51dd8 elementor-widget elementor-widget-heading\" data-id=\"6e51dd8\" data-element_type=\"widget\" data-e-type=\"widget\" data-widget_type=\"heading.default\">\n\t\t\t\t<div class=\"elementor-widget-container\">\n\t\t\t\t\t<h3 class=\"elementor-heading-title elementor-size-default\">paiqo \u2013 KI und Analytics mit Konzept<\/h3>\t\t\t\t<\/div>\n\t\t\t\t<\/div>\n\t\t\t\t<div class=\"elementor-element elementor-element-445e9e0 elementor-widget elementor-widget-text-editor\" data-id=\"445e9e0\" data-element_type=\"widget\" data-e-type=\"widget\" data-widget_type=\"text-editor.default\">\n\t\t\t\t<div class=\"elementor-widget-container\">\n\t\t\t\t\t\t\t\t\t<p>Unsere Spezialisten bei paiqo entwickeln f\u00fcr Sie einen stufenweisen Massnahmenplan und ein ausdifferenziertes Projektportfolio f\u00fcr die sukzessive Umsetzung Ihres Data Strategy Konzepts. Eine solche Roadmap geh\u00f6rt zu den unerl\u00e4sslichen Voraussetzungen, damit die Implementierung einer Data Strategy im Unternehmen gelingt. Und wenn es dann an die Umsetzung geht, bieten wir Ihnen die komplette \u00dcberwachung aller Projektschritte und \u00fcber den weiteren Prozess der Nutzung an. Mit paiqo profitieren Sie von Consulting, Konzeption und der Einbettung Ihrer L\u00f6sungen in die Unternehmensstrukturen aus einer Hand. Diese Verbindung einer sauberen Methodik mit einer pragmatisch ausgerichteten Hands-on-Mentalit\u00e4t macht uns bei paiqo einzigartig \u2013 und zum bald schon entscheidenden Erfolgs- und Transformationsfaktor f\u00fcr Ihr Unternehmen!<\/p>\t\t\t\t\t\t\t\t<\/div>\n\t\t\t\t<\/div>\n\t\t\t\t\t<\/div>\n\t\t<\/div>\n\t\t\t\t\t<\/div>\n\t\t<\/section>\n\t\t\t\t<\/div>\n\t\t","protected":false},"excerpt":{"rendered":"<p>Datenstrategie, Digitalisierungsstrategie, Erfolgsstrategie Daten zu gewinnen ist das Eine. Daten im Unternehmen strategisch zu nutzen, ist das Wichtigere. Wir identifizieren Use Cases und entwickeln die Roadmap zur Implementierung individueller datengetriebener L\u00f6sungen. \u00dcber die technische Analyse von Automatisierung bis zu KI-Systemen hinaus beraten wir Sie ausserdem zur Verbesserung des digitalen Reifegrads Ihres Unternehmens und zur erwartbaren [&hellip;]<\/p>\n","protected":false},"author":1,"featured_media":8242,"parent":8279,"menu_order":0,"comment_status":"closed","ping_status":"closed","template":"","meta":{"footnotes":"","_wp_rev_ctl_limit":""},"categories":[55],"class_list":["post-8240","page","type-page","status-publish","has-post-thumbnail","hentry","category-leistungen-ch"],"yoast_head":"<!-- This site is optimized with the Yoast SEO plugin v27.2 - https:\/\/yoast.com\/product\/yoast-seo-wordpress\/ -->\n<title>Data Strategy f\u00fcr Unternehmen - paiqo<\/title>\n<meta name=\"robots\" content=\"index, follow, max-snippet:-1, max-image-preview:large, max-video-preview:-1\" \/>\n<link rel=\"canonical\" href=\"https:\/\/paiqo.com\/ch\/leistungen\/custom-solutions\/data-strategy\/\" \/>\n<meta property=\"og:locale\" content=\"en_US\" \/>\n<meta property=\"og:type\" content=\"article\" \/>\n<meta property=\"og:title\" content=\"Data Strategy f\u00fcr Unternehmen - paiqo\" \/>\n<meta property=\"og:description\" content=\"Datenstrategie, Digitalisierungsstrategie, Erfolgsstrategie Daten zu gewinnen ist das Eine. Daten im Unternehmen strategisch zu nutzen, ist das Wichtigere. Wir identifizieren Use Cases und entwickeln die Roadmap zur Implementierung individueller datengetriebener L\u00f6sungen. \u00dcber die technische Analyse von Automatisierung bis zu KI-Systemen hinaus beraten wir Sie ausserdem zur Verbesserung des digitalen Reifegrads Ihres Unternehmens und zur erwartbaren [&hellip;]\" \/>\n<meta property=\"og:url\" content=\"https:\/\/paiqo.com\/ch\/leistungen\/custom-solutions\/data-strategy\/\" \/>\n<meta property=\"og:site_name\" content=\"paiqo\" \/>\n<meta name=\"twitter:card\" content=\"summary_large_image\" \/>\n<meta name=\"twitter:label1\" content=\"Est. reading time\" \/>\n\t<meta name=\"twitter:data1\" content=\"2 minutes\" \/>\n<script type=\"application\/ld+json\" class=\"yoast-schema-graph\">{\"@context\":\"https:\/\/schema.org\",\"@graph\":[{\"@type\":\"WebPage\",\"@id\":\"https:\/\/paiqo.com\/ch\/leistungen\/custom-solutions\/data-strategy\/\",\"url\":\"https:\/\/paiqo.com\/ch\/leistungen\/custom-solutions\/data-strategy\/\",\"name\":\"Data Strategy f\u00fcr Unternehmen - paiqo\",\"isPartOf\":{\"@id\":\"https:\/\/paiqo.com\/ch\/#website\"},\"primaryImageOfPage\":{\"@id\":\"https:\/\/paiqo.com\/ch\/leistungen\/custom-solutions\/data-strategy\/#primaryimage\"},\"image\":{\"@id\":\"https:\/\/paiqo.com\/ch\/leistungen\/custom-solutions\/data-strategy\/#primaryimage\"},\"thumbnailUrl\":\"https:\/\/paiqo.com\/wp-content\/uploads\/2023\/08\/paiqo-leistungen-data-strategy-screenshot-lagerhalle.jpg\",\"datePublished\":\"2023-07-20T10:06:13+00:00\",\"breadcrumb\":{\"@id\":\"https:\/\/paiqo.com\/ch\/leistungen\/custom-solutions\/data-strategy\/#breadcrumb\"},\"inLanguage\":\"ch-CH\",\"potentialAction\":[{\"@type\":\"ReadAction\",\"target\":[\"https:\/\/paiqo.com\/ch\/leistungen\/custom-solutions\/data-strategy\/\"]}]},{\"@type\":\"ImageObject\",\"inLanguage\":\"ch-CH\",\"@id\":\"https:\/\/paiqo.com\/ch\/leistungen\/custom-solutions\/data-strategy\/#primaryimage\",\"url\":\"https:\/\/paiqo.com\/wp-content\/uploads\/2023\/08\/paiqo-leistungen-data-strategy-screenshot-lagerhalle.jpg\",\"contentUrl\":\"https:\/\/paiqo.com\/wp-content\/uploads\/2023\/08\/paiqo-leistungen-data-strategy-screenshot-lagerhalle.jpg\",\"width\":1920,\"height\":1080},{\"@type\":\"BreadcrumbList\",\"@id\":\"https:\/\/paiqo.com\/ch\/leistungen\/custom-solutions\/data-strategy\/#breadcrumb\",\"itemListElement\":[{\"@type\":\"ListItem\",\"position\":1,\"name\":\"Startseite\",\"item\":\"https:\/\/paiqo.com\/ch\/home\/\"},{\"@type\":\"ListItem\",\"position\":2,\"name\":\"Data Strategy f\u00fcr Unternehmen\"}]},{\"@type\":\"WebSite\",\"@id\":\"https:\/\/paiqo.com\/ch\/#website\",\"url\":\"https:\/\/paiqo.com\/ch\/\",\"name\":\"paiqo\",\"description\":\"The Platform &amp; AI Company\",\"publisher\":{\"@id\":\"https:\/\/paiqo.com\/ch\/#organization\"},\"potentialAction\":[{\"@type\":\"SearchAction\",\"target\":{\"@type\":\"EntryPoint\",\"urlTemplate\":\"https:\/\/paiqo.com\/ch\/?s={search_term_string}\"},\"query-input\":{\"@type\":\"PropertyValueSpecification\",\"valueRequired\":true,\"valueName\":\"search_term_string\"}}],\"inLanguage\":\"ch-CH\"},{\"@type\":\"Organization\",\"@id\":\"https:\/\/paiqo.com\/ch\/#organization\",\"name\":\"paiqo - The Platform & AI Company\",\"url\":\"https:\/\/paiqo.com\/ch\/\",\"logo\":{\"@type\":\"ImageObject\",\"inLanguage\":\"ch-CH\",\"@id\":\"https:\/\/paiqo.com\/ch\/#\/schema\/logo\/image\/\",\"url\":\"https:\/\/paiqo.com\/wp-content\/uploads\/2023\/06\/paiqo-logo-beitragsbild.jpg\",\"contentUrl\":\"https:\/\/paiqo.com\/wp-content\/uploads\/2023\/06\/paiqo-logo-beitragsbild.jpg\",\"width\":1200,\"height\":1200,\"caption\":\"paiqo - The Platform & AI Company\"},\"image\":{\"@id\":\"https:\/\/paiqo.com\/ch\/#\/schema\/logo\/image\/\"}}]}<\/script>\n<!-- \/ Yoast SEO plugin. -->","yoast_head_json":{"title":"Data Strategy f\u00fcr Unternehmen - paiqo","robots":{"index":"index","follow":"follow","max-snippet":"max-snippet:-1","max-image-preview":"max-image-preview:large","max-video-preview":"max-video-preview:-1"},"canonical":"https:\/\/paiqo.com\/ch\/leistungen\/custom-solutions\/data-strategy\/","og_locale":"en_US","og_type":"article","og_title":"Data Strategy f\u00fcr Unternehmen - paiqo","og_description":"Datenstrategie, Digitalisierungsstrategie, Erfolgsstrategie Daten zu gewinnen ist das Eine. Daten im Unternehmen strategisch zu nutzen, ist das Wichtigere. Wir identifizieren Use Cases und entwickeln die Roadmap zur Implementierung individueller datengetriebener L\u00f6sungen. \u00dcber die technische Analyse von Automatisierung bis zu KI-Systemen hinaus beraten wir Sie ausserdem zur Verbesserung des digitalen Reifegrads Ihres Unternehmens und zur erwartbaren [&hellip;]","og_url":"https:\/\/paiqo.com\/ch\/leistungen\/custom-solutions\/data-strategy\/","og_site_name":"paiqo","twitter_card":"summary_large_image","twitter_misc":{"Est. reading time":"2 minutes"},"schema":{"@context":"https:\/\/schema.org","@graph":[{"@type":"WebPage","@id":"https:\/\/paiqo.com\/ch\/leistungen\/custom-solutions\/data-strategy\/","url":"https:\/\/paiqo.com\/ch\/leistungen\/custom-solutions\/data-strategy\/","name":"Data Strategy f\u00fcr Unternehmen - paiqo","isPartOf":{"@id":"https:\/\/paiqo.com\/ch\/#website"},"primaryImageOfPage":{"@id":"https:\/\/paiqo.com\/ch\/leistungen\/custom-solutions\/data-strategy\/#primaryimage"},"image":{"@id":"https:\/\/paiqo.com\/ch\/leistungen\/custom-solutions\/data-strategy\/#primaryimage"},"thumbnailUrl":"https:\/\/paiqo.com\/wp-content\/uploads\/2023\/08\/paiqo-leistungen-data-strategy-screenshot-lagerhalle.jpg","datePublished":"2023-07-20T10:06:13+00:00","breadcrumb":{"@id":"https:\/\/paiqo.com\/ch\/leistungen\/custom-solutions\/data-strategy\/#breadcrumb"},"inLanguage":"ch-CH","potentialAction":[{"@type":"ReadAction","target":["https:\/\/paiqo.com\/ch\/leistungen\/custom-solutions\/data-strategy\/"]}]},{"@type":"ImageObject","inLanguage":"ch-CH","@id":"https:\/\/paiqo.com\/ch\/leistungen\/custom-solutions\/data-strategy\/#primaryimage","url":"https:\/\/paiqo.com\/wp-content\/uploads\/2023\/08\/paiqo-leistungen-data-strategy-screenshot-lagerhalle.jpg","contentUrl":"https:\/\/paiqo.com\/wp-content\/uploads\/2023\/08\/paiqo-leistungen-data-strategy-screenshot-lagerhalle.jpg","width":1920,"height":1080},{"@type":"BreadcrumbList","@id":"https:\/\/paiqo.com\/ch\/leistungen\/custom-solutions\/data-strategy\/#breadcrumb","itemListElement":[{"@type":"ListItem","position":1,"name":"Startseite","item":"https:\/\/paiqo.com\/ch\/home\/"},{"@type":"ListItem","position":2,"name":"Data Strategy f\u00fcr Unternehmen"}]},{"@type":"WebSite","@id":"https:\/\/paiqo.com\/ch\/#website","url":"https:\/\/paiqo.com\/ch\/","name":"paiqo","description":"The Platform &amp; AI Company","publisher":{"@id":"https:\/\/paiqo.com\/ch\/#organization"},"potentialAction":[{"@type":"SearchAction","target":{"@type":"EntryPoint","urlTemplate":"https:\/\/paiqo.com\/ch\/?s={search_term_string}"},"query-input":{"@type":"PropertyValueSpecification","valueRequired":true,"valueName":"search_term_string"}}],"inLanguage":"ch-CH"},{"@type":"Organization","@id":"https:\/\/paiqo.com\/ch\/#organization","name":"paiqo - The Platform & AI Company","url":"https:\/\/paiqo.com\/ch\/","logo":{"@type":"ImageObject","inLanguage":"ch-CH","@id":"https:\/\/paiqo.com\/ch\/#\/schema\/logo\/image\/","url":"https:\/\/paiqo.com\/wp-content\/uploads\/2023\/06\/paiqo-logo-beitragsbild.jpg","contentUrl":"https:\/\/paiqo.com\/wp-content\/uploads\/2023\/06\/paiqo-logo-beitragsbild.jpg","width":1200,"height":1200,"caption":"paiqo - The Platform & AI Company"},"image":{"@id":"https:\/\/paiqo.com\/ch\/#\/schema\/logo\/image\/"}}]}},"_links":{"self":[{"href":"https:\/\/paiqo.com\/ch\/wp-json\/wp\/v2\/pages\/8240","targetHints":{"allow":["GET"]}}],"collection":[{"href":"https:\/\/paiqo.com\/ch\/wp-json\/wp\/v2\/pages"}],"about":[{"href":"https:\/\/paiqo.com\/ch\/wp-json\/wp\/v2\/types\/page"}],"author":[{"embeddable":true,"href":"https:\/\/paiqo.com\/ch\/wp-json\/wp\/v2\/users\/1"}],"replies":[{"embeddable":true,"href":"https:\/\/paiqo.com\/ch\/wp-json\/wp\/v2\/comments?post=8240"}],"version-history":[{"count":0,"href":"https:\/\/paiqo.com\/ch\/wp-json\/wp\/v2\/pages\/8240\/revisions"}],"up":[{"embeddable":true,"href":"https:\/\/paiqo.com\/ch\/wp-json\/wp\/v2\/pages\/8279"}],"wp:featuredmedia":[{"embeddable":true,"href":"https:\/\/paiqo.com\/ch\/wp-json\/wp\/v2\/media\/8242"}],"wp:attachment":[{"href":"https:\/\/paiqo.com\/ch\/wp-json\/wp\/v2\/media?parent=8240"}],"wp:term":[{"taxonomy":"category","embeddable":true,"href":"https:\/\/paiqo.com\/ch\/wp-json\/wp\/v2\/categories?post=8240"}],"curies":[{"name":"wp","href":"https:\/\/api.w.org\/{rel}","templated":true}]}}