{"id":8245,"date":"2023-07-19T17:30:09","date_gmt":"2023-07-19T15:30:09","guid":{"rendered":"https:\/\/paiqo.com\/predictive-customer-lifetime-value\/"},"modified":"2023-07-19T17:30:09","modified_gmt":"2023-07-19T15:30:09","slug":"predictive-customer-lifetime-value","status":"publish","type":"page","link":"https:\/\/paiqo.com\/ch\/themen\/customer-journey-optimierung\/predictive-customer-lifetime-value\/","title":{"rendered":"Predictive Customer Lifetime Value"},"content":{"rendered":"\t\t<div data-elementor-type=\"wp-page\" data-elementor-id=\"8245\" class=\"elementor elementor-8245 elementor-1136\" data-elementor-post-type=\"page\">\n\t\t\t\t\t\t<section class=\"elementor-section elementor-top-section elementor-element elementor-element-c1fe5b3 elementor-section-boxed elementor-section-height-default elementor-section-height-default\" data-id=\"c1fe5b3\" data-element_type=\"section\" data-e-type=\"section\" data-settings=\"{&quot;jet_parallax_layout_list&quot;:[]}\">\n\t\t\t\t\t\t<div class=\"elementor-container elementor-column-gap-default\">\n\t\t\t\t\t<div class=\"elementor-column elementor-col-100 elementor-top-column elementor-element elementor-element-d70c981\" data-id=\"d70c981\" data-element_type=\"column\" data-e-type=\"column\">\n\t\t\t<div class=\"elementor-widget-wrap elementor-element-populated\">\n\t\t\t\t\t\t<div class=\"elementor-element elementor-element-cb5e316 elementor-widget elementor-widget-text-editor\" data-id=\"cb5e316\" data-element_type=\"widget\" data-e-type=\"widget\" data-widget_type=\"text-editor.default\">\n\t\t\t\t<div class=\"elementor-widget-container\">\n\t\t\t\t\t\t\t\t\t<h2>Demo Customer Lifetime Value<\/h2>\t\t\t\t\t\t\t\t<\/div>\n\t\t\t\t<\/div>\n\t\t\t\t\t<\/div>\n\t\t<\/div>\n\t\t\t\t\t<\/div>\n\t\t<\/section>\n\t\t\t\t<section class=\"elementor-section elementor-top-section elementor-element elementor-element-03f6549 elementor-section-full_width elementor-section-height-min-height elementor-section-content-middle elementor-hidden-mobile elementor-section-height-default elementor-section-items-middle\" data-id=\"03f6549\" data-element_type=\"section\" data-e-type=\"section\" data-settings=\"{&quot;jet_parallax_layout_list&quot;:[],&quot;background_background&quot;:&quot;classic&quot;}\">\n\t\t\t\t\t\t<div class=\"elementor-container elementor-column-gap-default\">\n\t\t\t\t\t<div class=\"elementor-column elementor-col-100 elementor-top-column elementor-element elementor-element-e42f5b5\" data-id=\"e42f5b5\" data-element_type=\"column\" data-e-type=\"column\">\n\t\t\t<div class=\"elementor-widget-wrap elementor-element-populated\">\n\t\t\t\t\t\t<div class=\"elementor-element elementor-element-d23126e elementor-widget__width-initial elementor-widget elementor-widget-html\" data-id=\"d23126e\" data-element_type=\"widget\" data-e-type=\"widget\" data-widget_type=\"html.default\">\n\t\t\t\t<div class=\"elementor-widget-container\">\n\t\t\t\t\t<iframe title=\"Predictive Customer Value v3\" width=\"600\" height=\"620\" src=https:\/\/app.powerbi.com\/view?r=eyJrIjoiYWIwOGEzMmEtNjAzMi00MTdmLTgzMWYtNWQ4YTRlNGNlMDEyIiwidCI6IjE3MTNmN2MyLTIxZDMtNGY3MC1iMjBkLTU1N2EyMzQ4MjZmYiIsImMiOjl9\r\nframeborder=\"0\" allowFullScreen=\"true\"><\/iframe>\r\n\t\t\t\t<\/div>\n\t\t\t\t<\/div>\n\t\t\t\t\t<\/div>\n\t\t<\/div>\n\t\t\t\t\t<\/div>\n\t\t<\/section>\n\t\t\t\t<section class=\"elementor-section elementor-top-section elementor-element elementor-element-c546a31 elementor-section-full_width elementor-hidden-tablet elementor-hidden-mobile elementor-section-height-default elementor-section-height-default\" data-id=\"c546a31\" data-element_type=\"section\" data-e-type=\"section\" data-settings=\"{&quot;jet_parallax_layout_list&quot;:[]}\">\n\t\t\t\t\t\t<div class=\"elementor-container elementor-column-gap-default\">\n\t\t\t\t\t<div class=\"elementor-column elementor-col-100 elementor-top-column elementor-element elementor-element-53ab6cb\" data-id=\"53ab6cb\" data-element_type=\"column\" data-e-type=\"column\">\n\t\t\t<div class=\"elementor-widget-wrap elementor-element-populated\">\n\t\t\t\t\t\t<div class=\"elementor-element elementor-element-ab6e628 elementor-widget__width-initial elementor-widget elementor-widget-text-editor\" data-id=\"ab6e628\" data-element_type=\"widget\" data-e-type=\"widget\" data-widget_type=\"text-editor.default\">\n\t\t\t\t<div class=\"elementor-widget-container\">\n\t\t\t\t\t\t\t\t\t<div class=\"flex flex-grow flex-col max-w-full\"><div class=\"min-h-[20px] text-message flex flex-col items-start gap-3 whitespace-pre-wrap break-words [.text-message+&amp;]:mt-5 overflow-x-auto\" data-message-author-role=\"assistant\" data-message-id=\"5a257fa2-33d5-47fa-a7fe-6e0247db9c81\"><div class=\"markdown prose w-full break-words dark:prose-invert light\"><p>Das Beispiel zeigt, wie Predictive Customer Value (PCV) genutzt werden kann, um den zuk\u00fcnftigen monet\u00e4ren Wert jedes Kunden vorherzusagen. Zus\u00e4tzlich kann die Abwanderungswahrscheinlichkeit (Churn) prognostiziert werden. Die Vorhersage-Ergebnisse k\u00f6nnen in Berichte wie Power BI eingebettet werden, um Kunden mit hoher Abwanderungsgefahr zu identifizieren und Upselling-M\u00f6glichkeiten zu erkennen.<\/p><\/div><\/div><\/div>\t\t\t\t\t\t\t\t<\/div>\n\t\t\t\t<\/div>\n\t\t\t\t\t<\/div>\n\t\t<\/div>\n\t\t\t\t\t<\/div>\n\t\t<\/section>\n\t\t\t\t<\/div>\n\t\t","protected":false},"excerpt":{"rendered":"<p>Demo Customer Lifetime Value Das Beispiel zeigt, wie Predictive Customer Value (PCV) genutzt werden kann, um den zuk\u00fcnftigen monet\u00e4ren Wert jedes Kunden vorherzusagen. Zus\u00e4tzlich kann die Abwanderungswahrscheinlichkeit (Churn) prognostiziert werden. Die Vorhersage-Ergebnisse k\u00f6nnen in Berichte wie Power BI eingebettet werden, um Kunden mit hoher Abwanderungsgefahr zu identifizieren und Upselling-M\u00f6glichkeiten zu erkennen.<\/p>\n","protected":false},"author":1,"featured_media":8211,"parent":8270,"menu_order":0,"comment_status":"closed","ping_status":"closed","template":"","meta":{"footnotes":"","_wp_rev_ctl_limit":""},"categories":[58],"class_list":["post-8245","page","type-page","status-publish","has-post-thumbnail","hentry","category-marketing-sales-ch"],"yoast_head":"<!-- This site is optimized with the Yoast SEO plugin v27.4 - https:\/\/yoast.com\/product\/yoast-seo-wordpress\/ -->\n<title>Predictive Customer Lifetime Value - paiqo<\/title>\n<meta name=\"robots\" content=\"index, follow, max-snippet:-1, max-image-preview:large, max-video-preview:-1\" \/>\n<link rel=\"canonical\" href=\"https:\/\/paiqo.com\/ch\/themen\/customer-journey-optimierung\/predictive-customer-lifetime-value\/\" \/>\n<meta property=\"og:locale\" content=\"en_US\" \/>\n<meta property=\"og:type\" content=\"article\" \/>\n<meta property=\"og:title\" content=\"Predictive Customer Lifetime Value - paiqo\" \/>\n<meta property=\"og:description\" content=\"Demo Customer Lifetime Value Das Beispiel zeigt, wie Predictive Customer Value (PCV) genutzt werden kann, um den zuk\u00fcnftigen monet\u00e4ren Wert jedes Kunden vorherzusagen. Zus\u00e4tzlich kann die Abwanderungswahrscheinlichkeit (Churn) prognostiziert werden. Die Vorhersage-Ergebnisse k\u00f6nnen in Berichte wie Power BI eingebettet werden, um Kunden mit hoher Abwanderungsgefahr zu identifizieren und Upselling-M\u00f6glichkeiten zu erkennen.\" \/>\n<meta property=\"og:url\" content=\"https:\/\/paiqo.com\/ch\/themen\/customer-journey-optimierung\/predictive-customer-lifetime-value\/\" \/>\n<meta property=\"og:site_name\" content=\"paiqo\" \/>\n<meta name=\"twitter:card\" content=\"summary_large_image\" \/>\n<script type=\"application\/ld+json\" class=\"yoast-schema-graph\">{\"@context\":\"https:\\\/\\\/schema.org\",\"@graph\":[{\"@type\":\"WebPage\",\"@id\":\"https:\\\/\\\/paiqo.com\\\/ch\\\/themen\\\/customer-journey-optimierung\\\/predictive-customer-lifetime-value\\\/\",\"url\":\"https:\\\/\\\/paiqo.com\\\/ch\\\/themen\\\/customer-journey-optimierung\\\/predictive-customer-lifetime-value\\\/\",\"name\":\"Predictive Customer Lifetime Value - paiqo\",\"isPartOf\":{\"@id\":\"https:\\\/\\\/paiqo.com\\\/ch\\\/#website\"},\"primaryImageOfPage\":{\"@id\":\"https:\\\/\\\/paiqo.com\\\/ch\\\/themen\\\/customer-journey-optimierung\\\/predictive-customer-lifetime-value\\\/#primaryimage\"},\"image\":{\"@id\":\"https:\\\/\\\/paiqo.com\\\/ch\\\/themen\\\/customer-journey-optimierung\\\/predictive-customer-lifetime-value\\\/#primaryimage\"},\"thumbnailUrl\":\"https:\\\/\\\/paiqo.com\\\/wp-content\\\/uploads\\\/2023\\\/07\\\/paiqo-ueber-uns-stoerer-karriere-frau-am-tablet.jpg\",\"datePublished\":\"2023-07-19T15:30:09+00:00\",\"breadcrumb\":{\"@id\":\"https:\\\/\\\/paiqo.com\\\/ch\\\/themen\\\/customer-journey-optimierung\\\/predictive-customer-lifetime-value\\\/#breadcrumb\"},\"inLanguage\":\"ch-CH\",\"potentialAction\":[{\"@type\":\"ReadAction\",\"target\":[\"https:\\\/\\\/paiqo.com\\\/ch\\\/themen\\\/customer-journey-optimierung\\\/predictive-customer-lifetime-value\\\/\"]}]},{\"@type\":\"ImageObject\",\"inLanguage\":\"ch-CH\",\"@id\":\"https:\\\/\\\/paiqo.com\\\/ch\\\/themen\\\/customer-journey-optimierung\\\/predictive-customer-lifetime-value\\\/#primaryimage\",\"url\":\"https:\\\/\\\/paiqo.com\\\/wp-content\\\/uploads\\\/2023\\\/07\\\/paiqo-ueber-uns-stoerer-karriere-frau-am-tablet.jpg\",\"contentUrl\":\"https:\\\/\\\/paiqo.com\\\/wp-content\\\/uploads\\\/2023\\\/07\\\/paiqo-ueber-uns-stoerer-karriere-frau-am-tablet.jpg\",\"width\":1920,\"height\":1280},{\"@type\":\"BreadcrumbList\",\"@id\":\"https:\\\/\\\/paiqo.com\\\/ch\\\/themen\\\/customer-journey-optimierung\\\/predictive-customer-lifetime-value\\\/#breadcrumb\",\"itemListElement\":[{\"@type\":\"ListItem\",\"position\":1,\"name\":\"Startseite\",\"item\":\"https:\\\/\\\/paiqo.com\\\/ch\\\/home\\\/\"},{\"@type\":\"ListItem\",\"position\":2,\"name\":\"Predictive Customer Lifetime Value\"}]},{\"@type\":\"WebSite\",\"@id\":\"https:\\\/\\\/paiqo.com\\\/ch\\\/#website\",\"url\":\"https:\\\/\\\/paiqo.com\\\/ch\\\/\",\"name\":\"paiqo\",\"description\":\"The Platform &amp; AI Company\",\"publisher\":{\"@id\":\"https:\\\/\\\/paiqo.com\\\/ch\\\/#organization\"},\"potentialAction\":[{\"@type\":\"SearchAction\",\"target\":{\"@type\":\"EntryPoint\",\"urlTemplate\":\"https:\\\/\\\/paiqo.com\\\/ch\\\/?s={search_term_string}\"},\"query-input\":{\"@type\":\"PropertyValueSpecification\",\"valueRequired\":true,\"valueName\":\"search_term_string\"}}],\"inLanguage\":\"ch-CH\"},{\"@type\":\"Organization\",\"@id\":\"https:\\\/\\\/paiqo.com\\\/ch\\\/#organization\",\"name\":\"paiqo - The Platform & AI Company\",\"url\":\"https:\\\/\\\/paiqo.com\\\/ch\\\/\",\"logo\":{\"@type\":\"ImageObject\",\"inLanguage\":\"ch-CH\",\"@id\":\"https:\\\/\\\/paiqo.com\\\/ch\\\/#\\\/schema\\\/logo\\\/image\\\/\",\"url\":\"https:\\\/\\\/paiqo.com\\\/wp-content\\\/uploads\\\/2023\\\/06\\\/paiqo-logo-beitragsbild.jpg\",\"contentUrl\":\"https:\\\/\\\/paiqo.com\\\/wp-content\\\/uploads\\\/2023\\\/06\\\/paiqo-logo-beitragsbild.jpg\",\"width\":1200,\"height\":1200,\"caption\":\"paiqo - The Platform & AI Company\"},\"image\":{\"@id\":\"https:\\\/\\\/paiqo.com\\\/ch\\\/#\\\/schema\\\/logo\\\/image\\\/\"}}]}<\/script>\n<!-- \/ Yoast SEO plugin. -->","yoast_head_json":{"title":"Predictive Customer Lifetime Value - paiqo","robots":{"index":"index","follow":"follow","max-snippet":"max-snippet:-1","max-image-preview":"max-image-preview:large","max-video-preview":"max-video-preview:-1"},"canonical":"https:\/\/paiqo.com\/ch\/themen\/customer-journey-optimierung\/predictive-customer-lifetime-value\/","og_locale":"en_US","og_type":"article","og_title":"Predictive Customer Lifetime Value - paiqo","og_description":"Demo Customer Lifetime Value Das Beispiel zeigt, wie Predictive Customer Value (PCV) genutzt werden kann, um den zuk\u00fcnftigen monet\u00e4ren Wert jedes Kunden vorherzusagen. Zus\u00e4tzlich kann die Abwanderungswahrscheinlichkeit (Churn) prognostiziert werden. Die Vorhersage-Ergebnisse k\u00f6nnen in Berichte wie Power BI eingebettet werden, um Kunden mit hoher Abwanderungsgefahr zu identifizieren und Upselling-M\u00f6glichkeiten zu erkennen.","og_url":"https:\/\/paiqo.com\/ch\/themen\/customer-journey-optimierung\/predictive-customer-lifetime-value\/","og_site_name":"paiqo","twitter_card":"summary_large_image","schema":{"@context":"https:\/\/schema.org","@graph":[{"@type":"WebPage","@id":"https:\/\/paiqo.com\/ch\/themen\/customer-journey-optimierung\/predictive-customer-lifetime-value\/","url":"https:\/\/paiqo.com\/ch\/themen\/customer-journey-optimierung\/predictive-customer-lifetime-value\/","name":"Predictive Customer Lifetime Value - paiqo","isPartOf":{"@id":"https:\/\/paiqo.com\/ch\/#website"},"primaryImageOfPage":{"@id":"https:\/\/paiqo.com\/ch\/themen\/customer-journey-optimierung\/predictive-customer-lifetime-value\/#primaryimage"},"image":{"@id":"https:\/\/paiqo.com\/ch\/themen\/customer-journey-optimierung\/predictive-customer-lifetime-value\/#primaryimage"},"thumbnailUrl":"https:\/\/paiqo.com\/wp-content\/uploads\/2023\/07\/paiqo-ueber-uns-stoerer-karriere-frau-am-tablet.jpg","datePublished":"2023-07-19T15:30:09+00:00","breadcrumb":{"@id":"https:\/\/paiqo.com\/ch\/themen\/customer-journey-optimierung\/predictive-customer-lifetime-value\/#breadcrumb"},"inLanguage":"ch-CH","potentialAction":[{"@type":"ReadAction","target":["https:\/\/paiqo.com\/ch\/themen\/customer-journey-optimierung\/predictive-customer-lifetime-value\/"]}]},{"@type":"ImageObject","inLanguage":"ch-CH","@id":"https:\/\/paiqo.com\/ch\/themen\/customer-journey-optimierung\/predictive-customer-lifetime-value\/#primaryimage","url":"https:\/\/paiqo.com\/wp-content\/uploads\/2023\/07\/paiqo-ueber-uns-stoerer-karriere-frau-am-tablet.jpg","contentUrl":"https:\/\/paiqo.com\/wp-content\/uploads\/2023\/07\/paiqo-ueber-uns-stoerer-karriere-frau-am-tablet.jpg","width":1920,"height":1280},{"@type":"BreadcrumbList","@id":"https:\/\/paiqo.com\/ch\/themen\/customer-journey-optimierung\/predictive-customer-lifetime-value\/#breadcrumb","itemListElement":[{"@type":"ListItem","position":1,"name":"Startseite","item":"https:\/\/paiqo.com\/ch\/home\/"},{"@type":"ListItem","position":2,"name":"Predictive Customer Lifetime Value"}]},{"@type":"WebSite","@id":"https:\/\/paiqo.com\/ch\/#website","url":"https:\/\/paiqo.com\/ch\/","name":"paiqo","description":"The Platform &amp; AI Company","publisher":{"@id":"https:\/\/paiqo.com\/ch\/#organization"},"potentialAction":[{"@type":"SearchAction","target":{"@type":"EntryPoint","urlTemplate":"https:\/\/paiqo.com\/ch\/?s={search_term_string}"},"query-input":{"@type":"PropertyValueSpecification","valueRequired":true,"valueName":"search_term_string"}}],"inLanguage":"ch-CH"},{"@type":"Organization","@id":"https:\/\/paiqo.com\/ch\/#organization","name":"paiqo - The Platform & AI Company","url":"https:\/\/paiqo.com\/ch\/","logo":{"@type":"ImageObject","inLanguage":"ch-CH","@id":"https:\/\/paiqo.com\/ch\/#\/schema\/logo\/image\/","url":"https:\/\/paiqo.com\/wp-content\/uploads\/2023\/06\/paiqo-logo-beitragsbild.jpg","contentUrl":"https:\/\/paiqo.com\/wp-content\/uploads\/2023\/06\/paiqo-logo-beitragsbild.jpg","width":1200,"height":1200,"caption":"paiqo - The Platform & AI Company"},"image":{"@id":"https:\/\/paiqo.com\/ch\/#\/schema\/logo\/image\/"}}]}},"_links":{"self":[{"href":"https:\/\/paiqo.com\/ch\/wp-json\/wp\/v2\/pages\/8245","targetHints":{"allow":["GET"]}}],"collection":[{"href":"https:\/\/paiqo.com\/ch\/wp-json\/wp\/v2\/pages"}],"about":[{"href":"https:\/\/paiqo.com\/ch\/wp-json\/wp\/v2\/types\/page"}],"author":[{"embeddable":true,"href":"https:\/\/paiqo.com\/ch\/wp-json\/wp\/v2\/users\/1"}],"replies":[{"embeddable":true,"href":"https:\/\/paiqo.com\/ch\/wp-json\/wp\/v2\/comments?post=8245"}],"version-history":[{"count":0,"href":"https:\/\/paiqo.com\/ch\/wp-json\/wp\/v2\/pages\/8245\/revisions"}],"up":[{"embeddable":true,"href":"https:\/\/paiqo.com\/ch\/wp-json\/wp\/v2\/pages\/8270"}],"wp:featuredmedia":[{"embeddable":true,"href":"https:\/\/paiqo.com\/ch\/wp-json\/wp\/v2\/media\/8211"}],"wp:attachment":[{"href":"https:\/\/paiqo.com\/ch\/wp-json\/wp\/v2\/media?parent=8245"}],"wp:term":[{"taxonomy":"category","embeddable":true,"href":"https:\/\/paiqo.com\/ch\/wp-json\/wp\/v2\/categories?post=8245"}],"curies":[{"name":"wp","href":"https:\/\/api.w.org\/{rel}","templated":true}]}}