{"id":9133,"date":"2025-10-01T10:02:08","date_gmt":"2025-10-01T08:02:08","guid":{"rendered":"https:\/\/paiqo.com\/?page_id=9133"},"modified":"2025-10-16T10:52:39","modified_gmt":"2025-10-16T08:52:39","slug":"die-cloudflight-group-und-paiqo-schliessen-sich-zusammen","status":"publish","type":"page","link":"https:\/\/paiqo.com\/ch\/news\/die-cloudflight-group-und-paiqo-schliessen-sich-zusammen\/","title":{"rendered":"Die Cloudflight Group und paiqo schliessen sich zusammen und werden f\u00fchrender europ\u00e4ischer Anbieter f\u00fcr Daten- und KI-L\u00f6sungen"},"content":{"rendered":"\t\t<div data-elementor-type=\"wp-page\" data-elementor-id=\"9133\" class=\"elementor elementor-9133 elementor-9132\" data-elementor-post-type=\"page\">\n\t\t\t\t\t\t<section class=\"elementor-section elementor-top-section elementor-element elementor-element-8ff614f elementor-section-full_width elementor-section-height-min-height elementor-section-height-default elementor-section-items-middle\" data-id=\"8ff614f\" data-element_type=\"section\" data-e-type=\"section\" data-settings=\"{&quot;jet_parallax_layout_list&quot;:[],&quot;background_background&quot;:&quot;classic&quot;}\">\n\t\t\t\t\t\t<div class=\"elementor-container elementor-column-gap-default\">\n\t\t\t\t\t<div class=\"elementor-column elementor-col-100 elementor-top-column elementor-element elementor-element-fa71d25\" data-id=\"fa71d25\" data-element_type=\"column\" data-e-type=\"column\">\n\t\t\t<div class=\"elementor-widget-wrap elementor-element-populated\">\n\t\t\t\t\t\t<div class=\"elementor-element elementor-element-fee2191 elementor-widget elementor-widget-spacer\" data-id=\"fee2191\" data-element_type=\"widget\" data-e-type=\"widget\" data-widget_type=\"spacer.default\">\n\t\t\t\t<div class=\"elementor-widget-container\">\n\t\t\t\t\t\t\t<div class=\"elementor-spacer\">\n\t\t\t<div class=\"elementor-spacer-inner\"><\/div>\n\t\t<\/div>\n\t\t\t\t\t\t<\/div>\n\t\t\t\t<\/div>\n\t\t\t\t\t<\/div>\n\t\t<\/div>\n\t\t\t\t\t<\/div>\n\t\t<\/section>\n\t\t\t\t<section class=\"elementor-section elementor-top-section elementor-element elementor-element-d363aec elementor-section-full_width elementor-section-height-default elementor-section-height-default\" data-id=\"d363aec\" data-element_type=\"section\" data-e-type=\"section\" data-settings=\"{&quot;jet_parallax_layout_list&quot;:[]}\">\n\t\t\t\t\t\t<div class=\"elementor-container elementor-column-gap-default\">\n\t\t\t\t\t<div class=\"elementor-column elementor-col-100 elementor-top-column elementor-element elementor-element-33ad683\" data-id=\"33ad683\" data-element_type=\"column\" data-e-type=\"column\">\n\t\t\t<div class=\"elementor-widget-wrap elementor-element-populated\">\n\t\t\t\t\t\t<div class=\"elementor-element elementor-element-004c0f1 elementor-widget elementor-widget-text-editor\" data-id=\"004c0f1\" data-element_type=\"widget\" data-e-type=\"widget\" data-widget_type=\"text-editor.default\">\n\t\t\t\t<div class=\"elementor-widget-container\">\n\t\t\t\t\t\t\t\t\t<p><span data-contrast=\"auto\">M\u00fcnchen \/ Wien, 30.09.2025 \u2013 Die Cloudflight Group und paiqo b\u00fcndeln ihre Kr\u00e4fte und gehen k\u00fcnftig gemeinsame Wege. Mit dem Zusammenschluss entsteht ein f\u00fchrender europ\u00e4ischer Anbieter im Bereich Daten und K\u00fcnstliche Intelligenz (KI), der die Entwicklung von KI-Technologien in Europa massgeblich vorantreibt. <\/span><span data-ccp-props=\"{\"134233117\":false,\"134233118\":false,\"201341983\":0,\"335551550\":0,\"335551620\":0,\"335559738\":240,\"335559739\":240,\"335559740\":276}\"> <\/span><\/p><p><span data-contrast=\"auto\">Dies ist ein strategischer Schritt in Richtung Zukunft: Beide Unternehmen bringen zentrale Bausteine f\u00fcr die Entwicklung von Agentic AI ein und vereinen diese zu einem erweiterten Leistungsportfolio, in dem Daten, KI, Digital Engineering und E-Commerce zu ganzheitlichen L\u00f6sungen verschmelzen. Ziel ist es, Unternehmen dabei zu unterst\u00fctzen, Komplexit\u00e4t in einen klaren Wettbewerbsvorteil zu verwandeln. <\/span><span data-ccp-props=\"{\"134233117\":false,\"134233118\":false,\"201341983\":0,\"335551550\":0,\"335551620\":0,\"335559738\":240,\"335559739\":240,\"335559740\":276}\"> <\/span><\/p><p> <\/p><h3 aria-level=\"2\"><span data-contrast=\"auto\">Die St\u00e4rken von paiqo und der Cloudflight Group erg\u00e4nzen sich ideal:<\/span><span data-ccp-props=\"{\"134245418\":true,\"134245529\":true,\"335559738\":360,\"335559739\":120}\"> <\/span><\/h3><ul><li aria-setsize=\"-1\" data-leveltext=\"\uf0b7\" data-font=\"Symbol\" data-listid=\"6\" data-list-defn-props=\"{\"335552541\":1,\"335559683\":0,\"335559684\":-2,\"335559685\":720,\"335559991\":360,\"469769226\":\"Symbol\",\"469769242\":[8226],\"469777803\":\"left\",\"469777804\":\"\uf0b7\",\"469777815\":\"hybridMultilevel\"}\" data-aria-posinset=\"1\" data-aria-level=\"1\"><span data-contrast=\"auto\">paiqo bringt tiefgehende Expertise in KI-gest\u00fctzter Optimierung und Data-Platform-Engineering ein und z\u00e4hlt im DACH-Raum zu den f\u00fchrenden Microsoft-Partnern f\u00fcr KI-basierte L\u00f6sungen.<\/span><span data-ccp-props=\"{\"134233117\":false,\"134233118\":false,\"201341983\":0,\"335551550\":0,\"335551620\":0,\"335559738\":240,\"335559739\":240,\"335559740\":276}\"> <\/span><\/li><\/ul><ul><li aria-setsize=\"-1\" data-leveltext=\"\uf0b7\" data-font=\"Symbol\" data-listid=\"6\" data-list-defn-props=\"{\"335552541\":1,\"335559683\":0,\"335559684\":-2,\"335559685\":720,\"335559991\":360,\"469769226\":\"Symbol\",\"469769242\":[8226],\"469777803\":\"left\",\"469777804\":\"\uf0b7\",\"469777815\":\"hybridMultilevel\"}\" data-aria-posinset=\"2\" data-aria-level=\"1\"><span data-contrast=\"auto\">Cloudflight steht f\u00fcr massgeschneiderte Softwareentwicklung, skalierbare IT-Architekturen und Digital-Commerce-L\u00f6sungen.<\/span><span data-ccp-props=\"{\"134233117\":false,\"134233118\":false,\"201341983\":0,\"335551550\":0,\"335551620\":0,\"335559738\":240,\"335559739\":240,\"335559740\":276}\"> <\/span><\/li><\/ul><p> <\/p><p><span data-contrast=\"auto\">Gemeinsam entsteht ein noch breiteres und tieferes Angebot, das Kunden in allen Phasen ihrer digitalen Transformation begleitet. Beide Unternehmen teilen nicht nur gemeinsame Werte, sondern auch die Vision, die europ\u00e4ische KI-Entwicklung aktiv mitzugestalten. <\/span><span data-ccp-props=\"{\"134233117\":false,\"134233118\":false,\"201341983\":0,\"335551550\":0,\"335551620\":0,\"335559738\":240,\"335559739\":240,\"335559740\":276}\"> <\/span><\/p><p><span data-contrast=\"auto\">\u201eDie B\u00fcndelung unserer komplement\u00e4ren St\u00e4rken erlaubt es uns, unseren Kunden neue und innovative Angebote zu machen. Unsere Zusammenarbeit wird zus\u00e4tzlich dadurch gest\u00e4rkt, dass wir dieselben Ziele verfolgen und eine gemeinsame Kultur teilen. Qualit\u00e4t, praxisnahe Innovation und konsequente Kundenorientierung sind unser gemeinsamer Antrieb. Das verschafft uns eine starke Basis f\u00fcr weiteres Wachstum und positioniert uns als Vorreiter f\u00fcr Daten- und KI-Services\u201c, sagt <\/span><b>\n  <span data-contrast=\"auto\">Thierry Bollor\u00e9, Aufsichtsratsvorsitzender Cloudflight Group.<\/span>\n<\/b><span data-ccp-props=\"{\"134233117\":false,\"134233118\":false,\"201341983\":0,\"335551550\":0,\"335551620\":0,\"335559738\":240,\"335559739\":240,\"335559740\":276}\"> <\/span><\/p><p><span data-contrast=\"auto\">Ein besonderer Fokus liegt k\u00fcnftig auf Agentic-AI-Plattformen \u2013 der n\u00e4chsten Generation von KI-Systemen. Unternehmen, die solche Plattformen implementieren, k\u00f6nnen ihre Produktivit\u00e4t steigern und ihre Wettbewerbsf\u00e4higkeit sichern \u2013 ein entscheidender Vorteil in Zeiten von Fachkr\u00e4ftemangel, demografischem Wandel und geopolitischen Herausforderungen. <\/span><span data-ccp-props=\"{\"134233117\":false,\"134233118\":false,\"201341983\":0,\"335551550\":0,\"335551620\":0,\"335559738\":240,\"335559739\":240,\"335559740\":276}\"> <\/span><\/p><p><span data-contrast=\"auto\">\u201eGemeinsam entwickeln wir eine neue Generation von Agentic-AI-Plattformen, die eine Vielzahl von KI-Agenten koordiniert zusammenarbeiten lassen und sich nahtlos in die Datenlandschaften von Unternehmen integrieren. Wir verstehen KI-Agenten nicht nur als Technologie, sondern als virtuelle Mitarbeiter, die Aufgaben \u00fcbernehmen, kooperieren und Verantwortung tragen. Unsere Plattform ist daf\u00fcr das passende \u201aOffice Building\u2018 \u2013 der Ort, an dem diese digitalen Teams organisiert, gef\u00fchrt und mit den Unternehmensdaten verbunden werden\u201c, erkl\u00e4rt <\/span><b>\n  <span data-contrast=\"auto\">Gernot Molin, Gr\u00fcnder und Chief Architect von paiqo<\/span>\n<\/b><span data-contrast=\"auto\">.<\/span><span data-ccp-props=\"{\"134233117\":false,\"134233118\":false,\"201341983\":0,\"335551550\":0,\"335551620\":0,\"335559738\":240,\"335559739\":240,\"335559740\":276}\"> <\/span><\/p><p> <\/p><h3 aria-level=\"2\"><span data-contrast=\"auto\">Microsoft bleibt dabei ein zentraler Technologiepartner.<\/span><span data-ccp-props=\"{\"134233117\":false,\"134233118\":false,\"134245418\":true,\"134245529\":true,\"201341983\":0,\"335551550\":0,\"335551620\":0,\"335559738\":360,\"335559739\":120,\"335559740\":276}\"> <\/span><\/h3><p><span data-contrast=\"auto\">\u201eMit dem Zusammenschluss heben die Cloudflight Group und paiqo ihre Partnerschaft mit Microsoft auf ein neues Level. Als einer unserer f\u00fchrenden Partner in der DACH-Region entwickeln sie digitale L\u00f6sungen, die sich konsequent am Kundennutzen orientieren und auf fundiertem technischem Know-how sowie langj\u00e4hriger Branchenerfahrung beruhen. Wir freuen uns, diese Entwicklung zu begleiten und blicken gespannt auf die n\u00e4chsten Schritte\u201c, sagt <\/span><b>\n  <span data-contrast=\"auto\">Hermann Erlach, General Manager von Microsoft \u00d6sterreich<\/span>\n<\/b><span data-contrast=\"auto\">.<\/span><span data-ccp-props=\"{\"134233117\":false,\"134233118\":false,\"201341983\":0,\"335551550\":0,\"335551620\":0,\"335559738\":240,\"335559739\":240,\"335559740\":276}\"> <\/span><\/p><p><span data-contrast=\"auto\">K\u00fcnftig werden mehr als 800 Expertinnen und Experten an innovativen Kundenl\u00f6sungen arbeiten. Erste gemeinsame Projekte wurden bereits in den vergangenen Monaten im Rahmen einer engen Partnerschaft erfolgreich umgesetzt. In Zukunft wird Gernot Molin die Rolle des Chief Technology Officers (CTO) der Cloudflight Group \u00fcbernehmen, w\u00e4hrend Markus Nemeth als Chief Commercial Officer (CCO) hinzukommen wird. Damit wird das F\u00fchrungsteam in den n\u00e4chsten Monaten gezielt verst\u00e4rkt, um die Innovationskraft weiter auszubauen, Wachstum zu beschleunigen und den Erfolg unserer Kunden in Europa nachhaltig zu sichern.   <\/span><span data-ccp-props=\"{\"134233117\":false,\"134233118\":false,\"201341983\":0,\"335551550\":0,\"335551620\":0,\"335559738\":240,\"335559739\":240,\"335559740\":276}\"> <\/span><\/p><p> <\/p><p><b><span data-contrast=\"auto\">\u00dcber Cloudflight Group<\/span><\/b><span data-ccp-props=\"{\"134233117\":false,\"134233118\":false,\"201341983\":0,\"335551550\":0,\"335551620\":0,\"335559738\":240,\"335559739\":240,\"335559740\":276}\"> <\/span><\/p><p><span data-contrast=\"auto\">Die Cloudflight Group ist ein f\u00fchrender Full-Service-Partner f\u00fcr digitale Transformation. Das Unternehmen bietet strategische Beratung, individuelle Softwareentwicklung und Cloud-Betrieb mit Schwerpunkten in E-Commerce, IoT, K\u00fcnstlicher Intelligenz und cloud-nativer Applikationsentwicklung. Cloudflight unterst\u00fctzt Kunden in ganz Europa dabei, Innovation praxisnah umzusetzen und messbaren Mehrwert zu schaffen.  <\/span><span data-ccp-props=\"{\"134233117\":false,\"134233118\":false,\"201341983\":0,\"335551550\":0,\"335551620\":0,\"335559738\":240,\"335559739\":240,\"335559740\":276}\"> <\/span><\/p><p><b><span data-contrast=\"auto\">\u00dcber paiqo<\/span><\/b><span data-ccp-props=\"{\"134233117\":false,\"134233118\":false,\"201341983\":0,\"335551550\":0,\"335551620\":0,\"335559738\":240,\"335559739\":240,\"335559740\":276}\"> <\/span><\/p><p><span data-contrast=\"auto\">paiqo GmbH ist spezialisiert auf K\u00fcnstliche Intelligenz, Machine Learning und Data-Platform-L\u00f6sungen f\u00fcr eine st\u00e4ndig wachsende Anzahl von Kundenbetrieben im gesamten DACH-Gebiet. Von Standorten in Deutschland, \u00d6sterreich und der Schweiz aus hat paiqo bereits eine Vielzahl an Unternehmen in der Umsetzung von strategischen Projekten rund um KI und alle denkbaren praktischen Anwendungen von Data Science unterst\u00fctzt. Mit paiqos langj\u00e4hriger Erfahrung und laufend aktueller Expertise sorgen sie daf\u00fcr, dass ihre Kunden auf jeden Use Case vorbereitet sind und ihren Business Value sowie ihre Rentabilit\u00e4t datengetrieben stetig verbessern.  <\/span><span data-ccp-props=\"{\"134233117\":false,\"134233118\":false,\"201341983\":0,\"335551550\":0,\"335551620\":0,\"335559738\":240,\"335559739\":240,\"335559740\":276}\"> <\/span><\/p><p> <\/p>\t\t\t\t\t\t\t\t<\/div>\n\t\t\t\t<\/div>\n\t\t\t\t\t<\/div>\n\t\t<\/div>\n\t\t\t\t\t<\/div>\n\t\t<\/section>\n\t\t\t\t<\/div>\n\t\t","protected":false},"excerpt":{"rendered":"<p>M\u00fcnchen \/ Wien, 30.09.2025 \u2013 Die Cloudflight Group und paiqo b\u00fcndeln ihre Kr\u00e4fte und gehen k\u00fcnftig gemeinsame Wege. Mit dem Zusammenschluss entsteht ein f\u00fchrender europ\u00e4ischer Anbieter im Bereich Daten und K\u00fcnstliche Intelligenz (KI), der die Entwicklung von KI-Technologien in Europa massgeblich vorantreibt. Dies ist ein strategischer Schritt in Richtung Zukunft: Beide Unternehmen bringen zentrale Bausteine [&hellip;]<\/p>\n","protected":false},"author":4,"featured_media":8134,"parent":8180,"menu_order":0,"comment_status":"closed","ping_status":"closed","template":"elementor_header_footer","meta":{"footnotes":"","_wp_rev_ctl_limit":""},"categories":[],"class_list":["post-9133","page","type-page","status-publish","has-post-thumbnail","hentry"],"yoast_head":"<!-- This site is optimized with the Yoast SEO plugin v27.2 - https:\/\/yoast.com\/product\/yoast-seo-wordpress\/ -->\n<title>Die Cloudflight Group und paiqo schlie\u00dfen sich zusammen<\/title>\n<meta name=\"description\" content=\"Die Cloudflight Group und paiqo b\u00fcndeln ihre Kr\u00e4fte und gehen k\u00fcnftig gemeinsame Wege. Durch den Zusammenschluss entsteht einer der f\u00fchrenden europ\u00e4ischen Anbieter im Bereich Daten und K\u00fcnstliche Intelligenz (KI), der die Entwicklung von KI-Technologien in Europa ma\u00dfgeblich vorantreibt.\" \/>\n<meta name=\"robots\" content=\"index, follow, max-snippet:-1, max-image-preview:large, max-video-preview:-1\" \/>\n<link rel=\"canonical\" href=\"https:\/\/paiqo.com\/ch\/news\/die-cloudflight-group-und-paiqo-schliessen-sich-zusammen\/\" \/>\n<meta property=\"og:locale\" content=\"en_US\" \/>\n<meta property=\"og:type\" content=\"article\" \/>\n<meta property=\"og:title\" content=\"Die Cloudflight Group und paiqo schlie\u00dfen sich zusammen\" \/>\n<meta property=\"og:description\" content=\"Die Cloudflight Group und paiqo b\u00fcndeln ihre Kr\u00e4fte und gehen k\u00fcnftig gemeinsame Wege. Durch den Zusammenschluss entsteht einer der f\u00fchrenden europ\u00e4ischen Anbieter im Bereich Daten und K\u00fcnstliche Intelligenz (KI), der die Entwicklung von KI-Technologien in Europa ma\u00dfgeblich vorantreibt.\" \/>\n<meta property=\"og:url\" content=\"https:\/\/paiqo.com\/ch\/news\/die-cloudflight-group-und-paiqo-schliessen-sich-zusammen\/\" \/>\n<meta property=\"og:site_name\" content=\"paiqo\" \/>\n<meta property=\"article:modified_time\" content=\"2025-10-16T08:52:39+00:00\" \/>\n<meta property=\"og:image\" content=\"https:\/\/paiqo.com\/wp-content\/uploads\/2024\/03\/night-1-1024x405.png\" \/>\n\t<meta property=\"og:image:width\" content=\"1024\" \/>\n\t<meta property=\"og:image:height\" content=\"405\" \/>\n\t<meta property=\"og:image:type\" content=\"image\/png\" \/>\n<meta name=\"twitter:card\" content=\"summary_large_image\" \/>\n<meta name=\"twitter:label1\" content=\"Est. reading time\" \/>\n\t<meta name=\"twitter:data1\" content=\"1 minute\" \/>\n<script type=\"application\/ld+json\" class=\"yoast-schema-graph\">{\"@context\":\"https:\/\/schema.org\",\"@graph\":[{\"@type\":\"WebPage\",\"@id\":\"https:\/\/paiqo.com\/ch\/news\/die-cloudflight-group-und-paiqo-schliessen-sich-zusammen\/\",\"url\":\"https:\/\/paiqo.com\/ch\/news\/die-cloudflight-group-und-paiqo-schliessen-sich-zusammen\/\",\"name\":\"Die Cloudflight Group und paiqo schlie\u00dfen sich zusammen\",\"isPartOf\":{\"@id\":\"https:\/\/paiqo.com\/ch\/#website\"},\"primaryImageOfPage\":{\"@id\":\"https:\/\/paiqo.com\/ch\/news\/die-cloudflight-group-und-paiqo-schliessen-sich-zusammen\/#primaryimage\"},\"image\":{\"@id\":\"https:\/\/paiqo.com\/ch\/news\/die-cloudflight-group-und-paiqo-schliessen-sich-zusammen\/#primaryimage\"},\"thumbnailUrl\":\"https:\/\/paiqo.com\/wp-content\/uploads\/2024\/03\/night-1.png\",\"datePublished\":\"2025-10-01T08:02:08+00:00\",\"dateModified\":\"2025-10-16T08:52:39+00:00\",\"description\":\"Die Cloudflight Group und paiqo b\u00fcndeln ihre Kr\u00e4fte und gehen k\u00fcnftig gemeinsame Wege. Durch den Zusammenschluss entsteht einer der f\u00fchrenden europ\u00e4ischen Anbieter im Bereich Daten und K\u00fcnstliche Intelligenz (KI), der die Entwicklung von KI-Technologien in Europa ma\u00dfgeblich vorantreibt.\",\"breadcrumb\":{\"@id\":\"https:\/\/paiqo.com\/ch\/news\/die-cloudflight-group-und-paiqo-schliessen-sich-zusammen\/#breadcrumb\"},\"inLanguage\":\"ch-CH\",\"potentialAction\":[{\"@type\":\"ReadAction\",\"target\":[\"https:\/\/paiqo.com\/ch\/news\/die-cloudflight-group-und-paiqo-schliessen-sich-zusammen\/\"]}]},{\"@type\":\"ImageObject\",\"inLanguage\":\"ch-CH\",\"@id\":\"https:\/\/paiqo.com\/ch\/news\/die-cloudflight-group-und-paiqo-schliessen-sich-zusammen\/#primaryimage\",\"url\":\"https:\/\/paiqo.com\/wp-content\/uploads\/2024\/03\/night-1.png\",\"contentUrl\":\"https:\/\/paiqo.com\/wp-content\/uploads\/2024\/03\/night-1.png\",\"width\":2831,\"height\":1121},{\"@type\":\"BreadcrumbList\",\"@id\":\"https:\/\/paiqo.com\/ch\/news\/die-cloudflight-group-und-paiqo-schliessen-sich-zusammen\/#breadcrumb\",\"itemListElement\":[{\"@type\":\"ListItem\",\"position\":1,\"name\":\"Startseite\",\"item\":\"https:\/\/paiqo.com\/ch\/home\/\"},{\"@type\":\"ListItem\",\"position\":2,\"name\":\"News\",\"item\":\"https:\/\/paiqo.com\/ch\/news\/\"},{\"@type\":\"ListItem\",\"position\":3,\"name\":\"Die Cloudflight Group und paiqo schlie\u00dfen sich zusammen und werden f\u00fchrender europ\u00e4ischer Anbieter f\u00fcr Daten- und KI-L\u00f6sungen\"}]},{\"@type\":\"WebSite\",\"@id\":\"https:\/\/paiqo.com\/ch\/#website\",\"url\":\"https:\/\/paiqo.com\/ch\/\",\"name\":\"paiqo\",\"description\":\"The Platform &amp; AI Company\",\"publisher\":{\"@id\":\"https:\/\/paiqo.com\/ch\/#organization\"},\"potentialAction\":[{\"@type\":\"SearchAction\",\"target\":{\"@type\":\"EntryPoint\",\"urlTemplate\":\"https:\/\/paiqo.com\/ch\/?s={search_term_string}\"},\"query-input\":{\"@type\":\"PropertyValueSpecification\",\"valueRequired\":true,\"valueName\":\"search_term_string\"}}],\"inLanguage\":\"ch-CH\"},{\"@type\":\"Organization\",\"@id\":\"https:\/\/paiqo.com\/ch\/#organization\",\"name\":\"paiqo - The Platform & AI Company\",\"url\":\"https:\/\/paiqo.com\/ch\/\",\"logo\":{\"@type\":\"ImageObject\",\"inLanguage\":\"ch-CH\",\"@id\":\"https:\/\/paiqo.com\/ch\/#\/schema\/logo\/image\/\",\"url\":\"https:\/\/paiqo.com\/wp-content\/uploads\/2023\/06\/paiqo-logo-beitragsbild.jpg\",\"contentUrl\":\"https:\/\/paiqo.com\/wp-content\/uploads\/2023\/06\/paiqo-logo-beitragsbild.jpg\",\"width\":1200,\"height\":1200,\"caption\":\"paiqo - The Platform & AI Company\"},\"image\":{\"@id\":\"https:\/\/paiqo.com\/ch\/#\/schema\/logo\/image\/\"}}]}<\/script>\n<!-- \/ Yoast SEO plugin. -->","yoast_head_json":{"title":"Die Cloudflight Group und paiqo schlie\u00dfen sich zusammen","description":"Die Cloudflight Group und paiqo b\u00fcndeln ihre Kr\u00e4fte und gehen k\u00fcnftig gemeinsame Wege. Durch den Zusammenschluss entsteht einer der f\u00fchrenden europ\u00e4ischen Anbieter im Bereich Daten und K\u00fcnstliche Intelligenz (KI), der die Entwicklung von KI-Technologien in Europa ma\u00dfgeblich vorantreibt.","robots":{"index":"index","follow":"follow","max-snippet":"max-snippet:-1","max-image-preview":"max-image-preview:large","max-video-preview":"max-video-preview:-1"},"canonical":"https:\/\/paiqo.com\/ch\/news\/die-cloudflight-group-und-paiqo-schliessen-sich-zusammen\/","og_locale":"en_US","og_type":"article","og_title":"Die Cloudflight Group und paiqo schlie\u00dfen sich zusammen","og_description":"Die Cloudflight Group und paiqo b\u00fcndeln ihre Kr\u00e4fte und gehen k\u00fcnftig gemeinsame Wege. Durch den Zusammenschluss entsteht einer der f\u00fchrenden europ\u00e4ischen Anbieter im Bereich Daten und K\u00fcnstliche Intelligenz (KI), der die Entwicklung von KI-Technologien in Europa ma\u00dfgeblich vorantreibt.","og_url":"https:\/\/paiqo.com\/ch\/news\/die-cloudflight-group-und-paiqo-schliessen-sich-zusammen\/","og_site_name":"paiqo","article_modified_time":"2025-10-16T08:52:39+00:00","og_image":[{"width":1024,"height":405,"url":"https:\/\/paiqo.com\/wp-content\/uploads\/2024\/03\/night-1-1024x405.png","type":"image\/png"}],"twitter_card":"summary_large_image","twitter_misc":{"Est. reading time":"1 minute"},"schema":{"@context":"https:\/\/schema.org","@graph":[{"@type":"WebPage","@id":"https:\/\/paiqo.com\/ch\/news\/die-cloudflight-group-und-paiqo-schliessen-sich-zusammen\/","url":"https:\/\/paiqo.com\/ch\/news\/die-cloudflight-group-und-paiqo-schliessen-sich-zusammen\/","name":"Die Cloudflight Group und paiqo schlie\u00dfen sich zusammen","isPartOf":{"@id":"https:\/\/paiqo.com\/ch\/#website"},"primaryImageOfPage":{"@id":"https:\/\/paiqo.com\/ch\/news\/die-cloudflight-group-und-paiqo-schliessen-sich-zusammen\/#primaryimage"},"image":{"@id":"https:\/\/paiqo.com\/ch\/news\/die-cloudflight-group-und-paiqo-schliessen-sich-zusammen\/#primaryimage"},"thumbnailUrl":"https:\/\/paiqo.com\/wp-content\/uploads\/2024\/03\/night-1.png","datePublished":"2025-10-01T08:02:08+00:00","dateModified":"2025-10-16T08:52:39+00:00","description":"Die Cloudflight Group und paiqo b\u00fcndeln ihre Kr\u00e4fte und gehen k\u00fcnftig gemeinsame Wege. Durch den Zusammenschluss entsteht einer der f\u00fchrenden europ\u00e4ischen Anbieter im Bereich Daten und K\u00fcnstliche Intelligenz (KI), der die Entwicklung von KI-Technologien in Europa ma\u00dfgeblich vorantreibt.","breadcrumb":{"@id":"https:\/\/paiqo.com\/ch\/news\/die-cloudflight-group-und-paiqo-schliessen-sich-zusammen\/#breadcrumb"},"inLanguage":"ch-CH","potentialAction":[{"@type":"ReadAction","target":["https:\/\/paiqo.com\/ch\/news\/die-cloudflight-group-und-paiqo-schliessen-sich-zusammen\/"]}]},{"@type":"ImageObject","inLanguage":"ch-CH","@id":"https:\/\/paiqo.com\/ch\/news\/die-cloudflight-group-und-paiqo-schliessen-sich-zusammen\/#primaryimage","url":"https:\/\/paiqo.com\/wp-content\/uploads\/2024\/03\/night-1.png","contentUrl":"https:\/\/paiqo.com\/wp-content\/uploads\/2024\/03\/night-1.png","width":2831,"height":1121},{"@type":"BreadcrumbList","@id":"https:\/\/paiqo.com\/ch\/news\/die-cloudflight-group-und-paiqo-schliessen-sich-zusammen\/#breadcrumb","itemListElement":[{"@type":"ListItem","position":1,"name":"Startseite","item":"https:\/\/paiqo.com\/ch\/home\/"},{"@type":"ListItem","position":2,"name":"News","item":"https:\/\/paiqo.com\/ch\/news\/"},{"@type":"ListItem","position":3,"name":"Die Cloudflight Group und paiqo schlie\u00dfen sich zusammen und werden f\u00fchrender europ\u00e4ischer Anbieter f\u00fcr Daten- und KI-L\u00f6sungen"}]},{"@type":"WebSite","@id":"https:\/\/paiqo.com\/ch\/#website","url":"https:\/\/paiqo.com\/ch\/","name":"paiqo","description":"The Platform &amp; AI Company","publisher":{"@id":"https:\/\/paiqo.com\/ch\/#organization"},"potentialAction":[{"@type":"SearchAction","target":{"@type":"EntryPoint","urlTemplate":"https:\/\/paiqo.com\/ch\/?s={search_term_string}"},"query-input":{"@type":"PropertyValueSpecification","valueRequired":true,"valueName":"search_term_string"}}],"inLanguage":"ch-CH"},{"@type":"Organization","@id":"https:\/\/paiqo.com\/ch\/#organization","name":"paiqo - The Platform & AI Company","url":"https:\/\/paiqo.com\/ch\/","logo":{"@type":"ImageObject","inLanguage":"ch-CH","@id":"https:\/\/paiqo.com\/ch\/#\/schema\/logo\/image\/","url":"https:\/\/paiqo.com\/wp-content\/uploads\/2023\/06\/paiqo-logo-beitragsbild.jpg","contentUrl":"https:\/\/paiqo.com\/wp-content\/uploads\/2023\/06\/paiqo-logo-beitragsbild.jpg","width":1200,"height":1200,"caption":"paiqo - The Platform & AI Company"},"image":{"@id":"https:\/\/paiqo.com\/ch\/#\/schema\/logo\/image\/"}}]}},"_links":{"self":[{"href":"https:\/\/paiqo.com\/ch\/wp-json\/wp\/v2\/pages\/9133","targetHints":{"allow":["GET"]}}],"collection":[{"href":"https:\/\/paiqo.com\/ch\/wp-json\/wp\/v2\/pages"}],"about":[{"href":"https:\/\/paiqo.com\/ch\/wp-json\/wp\/v2\/types\/page"}],"author":[{"embeddable":true,"href":"https:\/\/paiqo.com\/ch\/wp-json\/wp\/v2\/users\/4"}],"replies":[{"embeddable":true,"href":"https:\/\/paiqo.com\/ch\/wp-json\/wp\/v2\/comments?post=9133"}],"version-history":[{"count":4,"href":"https:\/\/paiqo.com\/ch\/wp-json\/wp\/v2\/pages\/9133\/revisions"}],"predecessor-version":[{"id":9354,"href":"https:\/\/paiqo.com\/ch\/wp-json\/wp\/v2\/pages\/9133\/revisions\/9354"}],"up":[{"embeddable":true,"href":"https:\/\/paiqo.com\/ch\/wp-json\/wp\/v2\/pages\/8180"}],"wp:featuredmedia":[{"embeddable":true,"href":"https:\/\/paiqo.com\/ch\/wp-json\/wp\/v2\/media\/8134"}],"wp:attachment":[{"href":"https:\/\/paiqo.com\/ch\/wp-json\/wp\/v2\/media?parent=9133"}],"wp:term":[{"taxonomy":"category","embeddable":true,"href":"https:\/\/paiqo.com\/ch\/wp-json\/wp\/v2\/categories?post=9133"}],"curies":[{"name":"wp","href":"https:\/\/api.w.org\/{rel}","templated":true}]}}